{"id":10,"date":"2026-02-17T13:57:19","date_gmt":"2026-02-17T13:57:19","guid":{"rendered":"http:\/\/creationlespetitesfees.fr\/?page_id=10"},"modified":"2026-03-31T09:12:18","modified_gmt":"2026-03-31T09:12:18","slug":"sublimation-personnalisee-couture-artisanale-articles-personnalisee-cadeaux-personnalises","status":"publish","type":"page","link":"https:\/\/creationlespetitesfees.fr\/","title":{"rendered":"ACCUEIL"},"content":{"rendered":"\t\t<div data-elementor-type=\"wp-page\" data-elementor-id=\"10\" class=\"elementor elementor-10\">\n\t\t\t\t<div class=\"elementor-element elementor-element-2afded5 e-grid e-con-boxed e-con e-parent\" data-id=\"2afded5\" data-element_type=\"container\" data-e-type=\"container\">\n\t\t\t\t\t<div class=\"e-con-inner\">\n\t\t\t\t<div class=\"elementor-element elementor-element-a596d07 elementor-widget elementor-widget-heading\" data-id=\"a596d07\" data-element_type=\"widget\" data-e-type=\"widget\" data-widget_type=\"heading.default\">\n\t\t\t\t\t<h2 class=\"elementor-heading-title elementor-size-default\">Cr\u00e9ation textiles artisanales personnalis\u00e9es <\/h2>\t\t\t\t<\/div>\n\t\t\t\t\t<\/div>\n\t\t\t\t<\/div>\n\t\t<div class=\"elementor-element elementor-element-7a27fdd e-con-full e-flex e-con e-parent\" data-id=\"7a27fdd\" data-element_type=\"container\" data-e-type=\"container\">\n\t\t\t\t<div class=\"elementor-element elementor-element-25fc6fb elementor-widget elementor-widget-spacer\" data-id=\"25fc6fb\" data-element_type=\"widget\" data-e-type=\"widget\" data-widget_type=\"spacer.default\">\n\t\t\t\t\t\t\t<div class=\"elementor-spacer\">\n\t\t\t<div class=\"elementor-spacer-inner\"><\/div>\n\t\t<\/div>\n\t\t\t\t\t\t<\/div>\n\t\t\t\t<div class=\"elementor-element elementor-element-b240b50 elementor-pagination-position-outside elementor-widget elementor-widget-image-carousel\" data-id=\"b240b50\" data-element_type=\"widget\" data-e-type=\"widget\" data-settings=\"{&quot;slides_to_show&quot;:&quot;3&quot;,&quot;slides_to_scroll&quot;:&quot;2&quot;,&quot;navigation&quot;:&quot;dots&quot;,&quot;autoplay_speed&quot;:3000,&quot;speed&quot;:300,&quot;autoplay&quot;:&quot;yes&quot;,&quot;pause_on_hover&quot;:&quot;yes&quot;,&quot;pause_on_interaction&quot;:&quot;yes&quot;,&quot;infinite&quot;:&quot;yes&quot;}\" data-widget_type=\"image-carousel.default\">\n\t\t\t\t\t\t\t<div class=\"elementor-image-carousel-wrapper swiper\" role=\"region\" aria-roledescription=\"carousel\" aria-label=\"Carrousel d\u2019images\" dir=\"ltr\">\n\t\t\t<div class=\"elementor-image-carousel swiper-wrapper swiper-image-stretch\" aria-live=\"off\">\n\t\t\t\t\t\t\t\t<div class=\"swiper-slide\" role=\"group\" aria-roledescription=\"slide\" aria-label=\"1 sur 4\"><figure class=\"swiper-slide-inner\"><img decoding=\"async\" class=\"swiper-slide-image\" src=\"https:\/\/creationlespetitesfees.fr\/wp-content\/uploads\/2026\/02\/IMG_0435-600x600.jpeg\" alt=\"Screenshot\" \/><\/figure><\/div><div class=\"swiper-slide\" role=\"group\" aria-roledescription=\"slide\" aria-label=\"2 sur 4\"><figure class=\"swiper-slide-inner\"><img decoding=\"async\" class=\"swiper-slide-image\" src=\"https:\/\/creationlespetitesfees.fr\/wp-content\/uploads\/2026\/02\/IMG_0606-600x600.jpeg\" alt=\"IMG_0606\" \/><\/figure><\/div><div class=\"swiper-slide\" role=\"group\" aria-roledescription=\"slide\" aria-label=\"3 sur 4\"><figure class=\"swiper-slide-inner\"><img decoding=\"async\" class=\"swiper-slide-image\" src=\"https:\/\/creationlespetitesfees.fr\/wp-content\/uploads\/2026\/02\/IMG_0440-600x600.jpeg\" alt=\"Screenshot\" \/><\/figure><\/div><div class=\"swiper-slide\" role=\"group\" aria-roledescription=\"slide\" aria-label=\"4 sur 4\"><figure class=\"swiper-slide-inner\"><img decoding=\"async\" class=\"swiper-slide-image\" src=\"https:\/\/creationlespetitesfees.fr\/wp-content\/uploads\/2026\/03\/Tasse-9.png\" alt=\"Tasse - 9\" \/><\/figure><\/div>\t\t\t<\/div>\n\t\t\t\t\t\t\t\n\t\t\t\t\t\t\t\t\t<div class=\"swiper-pagination\"><\/div>\n\t\t\t\t\t\t\t\t\t<\/div>\n\t\t\t\t\t\t<\/div>\n\t\t\t\t<div class=\"elementor-element elementor-element-4de4c68 elementor-align-center elementor-widget__width-initial elementor-widget elementor-widget-button\" data-id=\"4de4c68\" data-element_type=\"widget\" data-e-type=\"widget\" data-widget_type=\"button.default\">\n\t\t\t\t\t\t\t\t\t\t<a class=\"elementor-button elementor-button-link elementor-size-sm\" href=\"https:\/\/creationlespetitesfees.fr\/index.php\/produits-2\/\">\n\t\t\t\t\t\t<span class=\"elementor-button-content-wrapper\">\n\t\t\t\t\t\t\t\t\t<span class=\"elementor-button-text\">D\u00e9couvrez nos produits de sublimation <\/span>\n\t\t\t\t\t<\/span>\n\t\t\t\t\t<\/a>\n\t\t\t\t\t\t\t\t<\/div>\n\t\t\t\t<\/div>\n\t\t<div class=\"elementor-element elementor-element-c8d9291 e-flex e-con-boxed e-con e-parent\" data-id=\"c8d9291\" data-element_type=\"container\" data-e-type=\"container\">\n\t\t\t\t\t<div class=\"e-con-inner\">\n\t\t\t\t<div class=\"elementor-element elementor-element-9fde833 elementor-widget elementor-widget-spacer\" data-id=\"9fde833\" data-element_type=\"widget\" data-e-type=\"widget\" data-widget_type=\"spacer.default\">\n\t\t\t\t\t\t\t<div class=\"elementor-spacer\">\n\t\t\t<div class=\"elementor-spacer-inner\"><\/div>\n\t\t<\/div>\n\t\t\t\t\t\t<\/div>\n\t\t\t\t<div class=\"elementor-element elementor-element-dffa5f6 elementor-pagination-position-outside elementor-widget elementor-widget-image-carousel\" data-id=\"dffa5f6\" data-element_type=\"widget\" data-e-type=\"widget\" data-settings=\"{&quot;slides_to_show&quot;:&quot;3&quot;,&quot;slides_to_scroll&quot;:&quot;2&quot;,&quot;navigation&quot;:&quot;dots&quot;,&quot;autoplay&quot;:&quot;yes&quot;,&quot;pause_on_hover&quot;:&quot;yes&quot;,&quot;pause_on_interaction&quot;:&quot;yes&quot;,&quot;autoplay_speed&quot;:5000,&quot;infinite&quot;:&quot;yes&quot;,&quot;speed&quot;:500}\" data-widget_type=\"image-carousel.default\">\n\t\t\t\t\t\t\t<div class=\"elementor-image-carousel-wrapper swiper\" role=\"region\" aria-roledescription=\"carousel\" aria-label=\"Carrousel d\u2019images\" dir=\"ltr\">\n\t\t\t<div class=\"elementor-image-carousel swiper-wrapper swiper-image-stretch\" aria-live=\"off\">\n\t\t\t\t\t\t\t\t<div class=\"swiper-slide\" role=\"group\" aria-roledescription=\"slide\" aria-label=\"1 sur 4\"><figure class=\"swiper-slide-inner\"><img decoding=\"async\" class=\"swiper-slide-image\" src=\"https:\/\/creationlespetitesfees.fr\/wp-content\/uploads\/2026\/03\/Untitled-design-19-600x600.png\" alt=\"Untitled design - 19\" \/><\/figure><\/div><div class=\"swiper-slide\" role=\"group\" aria-roledescription=\"slide\" aria-label=\"2 sur 4\"><figure class=\"swiper-slide-inner\"><img decoding=\"async\" class=\"swiper-slide-image\" src=\"https:\/\/creationlespetitesfees.fr\/wp-content\/uploads\/2026\/03\/Untitled-design-26-600x600.png\" alt=\"Untitled design - 26\" \/><\/figure><\/div><div class=\"swiper-slide\" role=\"group\" aria-roledescription=\"slide\" aria-label=\"3 sur 4\"><figure class=\"swiper-slide-inner\"><img decoding=\"async\" class=\"swiper-slide-image\" src=\"https:\/\/creationlespetitesfees.fr\/wp-content\/uploads\/2026\/03\/Design-sans-titre-21-600x600.png\" alt=\"Design sans titre - 21\" \/><\/figure><\/div><div class=\"swiper-slide\" role=\"group\" aria-roledescription=\"slide\" aria-label=\"4 sur 4\"><figure class=\"swiper-slide-inner\"><img decoding=\"async\" class=\"swiper-slide-image\" src=\"https:\/\/creationlespetitesfees.fr\/wp-content\/uploads\/2026\/03\/Untitled-design-31-600x600.png\" alt=\"Untitled design - 31\" \/><\/figure><\/div>\t\t\t<\/div>\n\t\t\t\t\t\t\t\n\t\t\t\t\t\t\t\t\t<div class=\"swiper-pagination\"><\/div>\n\t\t\t\t\t\t\t\t\t<\/div>\n\t\t\t\t\t\t<\/div>\n\t\t\t\t<div class=\"elementor-element elementor-element-0dc8c49 elementor-align-center elementor-widget__width-initial elementor-widget elementor-widget-button\" data-id=\"0dc8c49\" data-element_type=\"widget\" data-e-type=\"widget\" data-widget_type=\"button.default\">\n\t\t\t\t\t\t\t\t\t\t<a class=\"elementor-button elementor-button-link elementor-size-sm\" href=\"https:\/\/creationlespetitesfees.fr\/index.php\/couture\/\">\n\t\t\t\t\t\t<span class=\"elementor-button-content-wrapper\">\n\t\t\t\t\t\t\t\t\t<span class=\"elementor-button-text\">D\u00e9couvrez nos produits de couture <\/span>\n\t\t\t\t\t<\/span>\n\t\t\t\t\t<\/a>\n\t\t\t\t\t\t\t\t<\/div>\n\t\t\t\t<div class=\"elementor-element elementor-element-3b043ce elementor-widget elementor-widget-spacer\" data-id=\"3b043ce\" data-element_type=\"widget\" data-e-type=\"widget\" data-widget_type=\"spacer.default\">\n\t\t\t\t\t\t\t<div class=\"elementor-spacer\">\n\t\t\t<div class=\"elementor-spacer-inner\"><\/div>\n\t\t<\/div>\n\t\t\t\t\t\t<\/div>\n\t\t\t\t\t<\/div>\n\t\t\t\t<\/div>\n\t\t\t\t<\/div>\n\t\t","protected":false},"excerpt":{"rendered":"<p>Cr\u00e9ation textiles artisanales personnalis\u00e9es D\u00e9couvrez nos produits de sublimation D\u00e9couvrez nos produits de couture<\/p>\n","protected":false},"author":1,"featured_media":0,"parent":0,"menu_order":0,"comment_status":"closed","ping_status":"closed","template":"","meta":{"sfsi_plus_gutenberg_text_before_share":"","sfsi_plus_gutenberg_show_text_before_share":"","sfsi_plus_gutenberg_icon_type":"","sfsi_plus_gutenberg_icon_alignemt":"","sfsi_plus_gutenburg_max_per_row":"","footnotes":""},"class_list":["post-10","page","type-page","status-publish","hentry","entry","owp-thumbs-layout-horizontal","owp-btn-normal","owp-tabs-layout-horizontal","has-no-thumbnails","has-product-nav"],"yoast_head":"<!-- This site is optimized with the Yoast SEO plugin v27.5 - https:\/\/yoast.com\/product\/yoast-seo-wordpress\/ -->\n<title>ACCUEIL - cr\u00e9ation les petites f\u00e9es Accueil<\/title>\n<meta name=\"description\" content=\"Sp\u00e9cialis\u00e9e dans la sublimation d\u2019objets personnalis\u00e9s et la cr\u00e9ation couture, notre entreprise vous propose des r\u00e9alisations uniques adapt\u00e9es \u00e0 vos envies. Que ce soit pour des cadeaux, des \u00e9v\u00e9nements ou pour un usage personnel, chaque cr\u00e9ation est con\u00e7ue avec soin et cr\u00e9ativit\u00e9.Nous personnalisons une large gamme d\u2019objets (mugs, textiles, accessoires\u2026) gr\u00e2ce \u00e0 des techniques de sublimation de qualit\u00e9, garantissant des impressions durables et \u00e9clatantes.C\u00f4t\u00e9 couture, nous r\u00e9alisons des pi\u00e8ces artisanales faites main : accessoires, articles personnalis\u00e9s et cr\u00e9ations sur mesure.\u00c0 l\u2019\u00e9coute de vos besoins, nous vous accompagnons dans tous vos projets pour donner vie \u00e0 vos id\u00e9es avec originalit\u00e9 et savoir-faire.\" \/>\n<meta name=\"robots\" content=\"index, follow, max-snippet:-1, max-image-preview:large, max-video-preview:-1\" \/>\n<link rel=\"canonical\" href=\"https:\/\/creationlespetitesfees.fr\/\" \/>\n<meta property=\"og:locale\" content=\"fr_FR\" \/>\n<meta property=\"og:type\" content=\"article\" \/>\n<meta property=\"og:title\" content=\"ACCUEIL - cr\u00e9ation les petites f\u00e9es Accueil\" \/>\n<meta property=\"og:description\" content=\"Sp\u00e9cialis\u00e9e dans la sublimation d\u2019objets personnalis\u00e9s et la cr\u00e9ation couture, notre entreprise vous propose des r\u00e9alisations uniques adapt\u00e9es \u00e0 vos envies. Que ce soit pour des cadeaux, des \u00e9v\u00e9nements ou pour un usage personnel, chaque cr\u00e9ation est con\u00e7ue avec soin et cr\u00e9ativit\u00e9.Nous personnalisons une large gamme d\u2019objets (mugs, textiles, accessoires\u2026) gr\u00e2ce \u00e0 des techniques de sublimation de qualit\u00e9, garantissant des impressions durables et \u00e9clatantes.C\u00f4t\u00e9 couture, nous r\u00e9alisons des pi\u00e8ces artisanales faites main : accessoires, articles personnalis\u00e9s et cr\u00e9ations sur mesure.\u00c0 l\u2019\u00e9coute de vos besoins, nous vous accompagnons dans tous vos projets pour donner vie \u00e0 vos id\u00e9es avec originalit\u00e9 et savoir-faire.\" \/>\n<meta property=\"og:url\" content=\"https:\/\/creationlespetitesfees.fr\/\" \/>\n<meta property=\"og:site_name\" content=\"cr\u00e9ation les petites f\u00e9es\" \/>\n<meta property=\"article:modified_time\" content=\"2026-03-31T09:12:18+00:00\" \/>\n<meta property=\"og:image\" content=\"http:\/\/creationlespetitesfees.fr\/wp-content\/uploads\/2026\/02\/IMG_0435-600x600.jpeg\" \/>\n<meta name=\"twitter:card\" content=\"summary_large_image\" \/>\n<meta name=\"twitter:label1\" content=\"Dur\u00e9e de lecture estim\u00e9e\" \/>\n\t<meta name=\"twitter:data1\" content=\"2 minutes\" \/>\n<script type=\"application\/ld+json\" class=\"yoast-schema-graph\">{\"@context\":\"https:\\\/\\\/schema.org\",\"@graph\":[{\"@type\":\"WebPage\",\"@id\":\"https:\\\/\\\/creationlespetitesfees.fr\\\/\",\"url\":\"https:\\\/\\\/creationlespetitesfees.fr\\\/\",\"name\":\"ACCUEIL - cr\u00e9ation les petites f\u00e9es Accueil\",\"isPartOf\":{\"@id\":\"https:\\\/\\\/creationlespetitesfees.fr\\\/#website\"},\"primaryImageOfPage\":{\"@id\":\"https:\\\/\\\/creationlespetitesfees.fr\\\/#primaryimage\"},\"image\":{\"@id\":\"https:\\\/\\\/creationlespetitesfees.fr\\\/#primaryimage\"},\"thumbnailUrl\":\"http:\\\/\\\/creationlespetitesfees.fr\\\/wp-content\\\/uploads\\\/2026\\\/02\\\/IMG_0435-600x600.jpeg\",\"datePublished\":\"2026-02-17T13:57:19+00:00\",\"dateModified\":\"2026-03-31T09:12:18+00:00\",\"description\":\"Sp\u00e9cialis\u00e9e dans la sublimation d\u2019objets personnalis\u00e9s et la cr\u00e9ation couture, notre entreprise vous propose des r\u00e9alisations uniques adapt\u00e9es \u00e0 vos envies. Que ce soit pour des cadeaux, des \u00e9v\u00e9nements ou pour un usage personnel, chaque cr\u00e9ation est con\u00e7ue avec soin et cr\u00e9ativit\u00e9.Nous personnalisons une large gamme d\u2019objets (mugs, textiles, accessoires\u2026) gr\u00e2ce \u00e0 des techniques de sublimation de qualit\u00e9, garantissant des impressions durables et \u00e9clatantes.C\u00f4t\u00e9 couture, nous r\u00e9alisons des pi\u00e8ces artisanales faites main : accessoires, articles personnalis\u00e9s et cr\u00e9ations sur mesure.\u00c0 l\u2019\u00e9coute de vos besoins, nous vous accompagnons dans tous vos projets pour donner vie \u00e0 vos id\u00e9es avec originalit\u00e9 et savoir-faire.\",\"breadcrumb\":{\"@id\":\"https:\\\/\\\/creationlespetitesfees.fr\\\/#breadcrumb\"},\"inLanguage\":\"fr-FR\",\"potentialAction\":[{\"@type\":\"ReadAction\",\"target\":[\"https:\\\/\\\/creationlespetitesfees.fr\\\/\"]}]},{\"@type\":\"ImageObject\",\"inLanguage\":\"fr-FR\",\"@id\":\"https:\\\/\\\/creationlespetitesfees.fr\\\/#primaryimage\",\"url\":\"http:\\\/\\\/creationlespetitesfees.fr\\\/wp-content\\\/uploads\\\/2026\\\/02\\\/IMG_0435-600x600.jpeg\",\"contentUrl\":\"http:\\\/\\\/creationlespetitesfees.fr\\\/wp-content\\\/uploads\\\/2026\\\/02\\\/IMG_0435-600x600.jpeg\"},{\"@type\":\"BreadcrumbList\",\"@id\":\"https:\\\/\\\/creationlespetitesfees.fr\\\/#breadcrumb\",\"itemListElement\":[{\"@type\":\"ListItem\",\"position\":1,\"name\":\"Accueil\",\"item\":\"https:\\\/\\\/creationlespetitesfees.fr\\\/\"},{\"@type\":\"ListItem\",\"position\":2,\"name\":\"ACCUEIL\"}]},{\"@type\":\"WebSite\",\"@id\":\"https:\\\/\\\/creationlespetitesfees.fr\\\/#website\",\"url\":\"https:\\\/\\\/creationlespetitesfees.fr\\\/\",\"name\":\"cr\u00e9ation les petites f\u00e9es\",\"description\":\"\",\"publisher\":{\"@id\":\"https:\\\/\\\/creationlespetitesfees.fr\\\/#organization\"},\"potentialAction\":[{\"@type\":\"SearchAction\",\"target\":{\"@type\":\"EntryPoint\",\"urlTemplate\":\"https:\\\/\\\/creationlespetitesfees.fr\\\/?s={search_term_string}\"},\"query-input\":{\"@type\":\"PropertyValueSpecification\",\"valueRequired\":true,\"valueName\":\"search_term_string\"}}],\"inLanguage\":\"fr-FR\"},{\"@type\":\"Organization\",\"@id\":\"https:\\\/\\\/creationlespetitesfees.fr\\\/#organization\",\"name\":\"cr\u00e9ation les petites f\u00e9es\",\"url\":\"https:\\\/\\\/creationlespetitesfees.fr\\\/\",\"logo\":{\"@type\":\"ImageObject\",\"inLanguage\":\"fr-FR\",\"@id\":\"https:\\\/\\\/creationlespetitesfees.fr\\\/#\\\/schema\\\/logo\\\/image\\\/\",\"url\":\"https:\\\/\\\/creationlespetitesfees.fr\\\/wp-content\\\/uploads\\\/2026\\\/03\\\/cropped-cropped-cropped-Annie-2.png\",\"contentUrl\":\"https:\\\/\\\/creationlespetitesfees.fr\\\/wp-content\\\/uploads\\\/2026\\\/03\\\/cropped-cropped-cropped-Annie-2.png\",\"width\":704,\"height\":391,\"caption\":\"cr\u00e9ation les petites f\u00e9es\"},\"image\":{\"@id\":\"https:\\\/\\\/creationlespetitesfees.fr\\\/#\\\/schema\\\/logo\\\/image\\\/\"}}]}<\/script>\n<!-- \/ Yoast SEO plugin. -->","yoast_head_json":{"title":"ACCUEIL - cr\u00e9ation les petites f\u00e9es Accueil","description":"Sp\u00e9cialis\u00e9e dans la sublimation d\u2019objets personnalis\u00e9s et la cr\u00e9ation couture, notre entreprise vous propose des r\u00e9alisations uniques adapt\u00e9es \u00e0 vos envies. Que ce soit pour des cadeaux, des \u00e9v\u00e9nements ou pour un usage personnel, chaque cr\u00e9ation est con\u00e7ue avec soin et cr\u00e9ativit\u00e9.Nous personnalisons une large gamme d\u2019objets (mugs, textiles, accessoires\u2026) gr\u00e2ce \u00e0 des techniques de sublimation de qualit\u00e9, garantissant des impressions durables et \u00e9clatantes.C\u00f4t\u00e9 couture, nous r\u00e9alisons des pi\u00e8ces artisanales faites main : accessoires, articles personnalis\u00e9s et cr\u00e9ations sur mesure.\u00c0 l\u2019\u00e9coute de vos besoins, nous vous accompagnons dans tous vos projets pour donner vie \u00e0 vos id\u00e9es avec originalit\u00e9 et savoir-faire.","robots":{"index":"index","follow":"follow","max-snippet":"max-snippet:-1","max-image-preview":"max-image-preview:large","max-video-preview":"max-video-preview:-1"},"canonical":"https:\/\/creationlespetitesfees.fr\/","og_locale":"fr_FR","og_type":"article","og_title":"ACCUEIL - cr\u00e9ation les petites f\u00e9es Accueil","og_description":"Sp\u00e9cialis\u00e9e dans la sublimation d\u2019objets personnalis\u00e9s et la cr\u00e9ation couture, notre entreprise vous propose des r\u00e9alisations uniques adapt\u00e9es \u00e0 vos envies. Que ce soit pour des cadeaux, des \u00e9v\u00e9nements ou pour un usage personnel, chaque cr\u00e9ation est con\u00e7ue avec soin et cr\u00e9ativit\u00e9.Nous personnalisons une large gamme d\u2019objets (mugs, textiles, accessoires\u2026) gr\u00e2ce \u00e0 des techniques de sublimation de qualit\u00e9, garantissant des impressions durables et \u00e9clatantes.C\u00f4t\u00e9 couture, nous r\u00e9alisons des pi\u00e8ces artisanales faites main : accessoires, articles personnalis\u00e9s et cr\u00e9ations sur mesure.\u00c0 l\u2019\u00e9coute de vos besoins, nous vous accompagnons dans tous vos projets pour donner vie \u00e0 vos id\u00e9es avec originalit\u00e9 et savoir-faire.","og_url":"https:\/\/creationlespetitesfees.fr\/","og_site_name":"cr\u00e9ation les petites f\u00e9es","article_modified_time":"2026-03-31T09:12:18+00:00","og_image":[{"url":"http:\/\/creationlespetitesfees.fr\/wp-content\/uploads\/2026\/02\/IMG_0435-600x600.jpeg","type":"","width":"","height":""}],"twitter_card":"summary_large_image","twitter_misc":{"Dur\u00e9e de lecture estim\u00e9e":"2 minutes"},"schema":{"@context":"https:\/\/schema.org","@graph":[{"@type":"WebPage","@id":"https:\/\/creationlespetitesfees.fr\/","url":"https:\/\/creationlespetitesfees.fr\/","name":"ACCUEIL - cr\u00e9ation les petites f\u00e9es Accueil","isPartOf":{"@id":"https:\/\/creationlespetitesfees.fr\/#website"},"primaryImageOfPage":{"@id":"https:\/\/creationlespetitesfees.fr\/#primaryimage"},"image":{"@id":"https:\/\/creationlespetitesfees.fr\/#primaryimage"},"thumbnailUrl":"http:\/\/creationlespetitesfees.fr\/wp-content\/uploads\/2026\/02\/IMG_0435-600x600.jpeg","datePublished":"2026-02-17T13:57:19+00:00","dateModified":"2026-03-31T09:12:18+00:00","description":"Sp\u00e9cialis\u00e9e dans la sublimation d\u2019objets personnalis\u00e9s et la cr\u00e9ation couture, notre entreprise vous propose des r\u00e9alisations uniques adapt\u00e9es \u00e0 vos envies. Que ce soit pour des cadeaux, des \u00e9v\u00e9nements ou pour un usage personnel, chaque cr\u00e9ation est con\u00e7ue avec soin et cr\u00e9ativit\u00e9.Nous personnalisons une large gamme d\u2019objets (mugs, textiles, accessoires\u2026) gr\u00e2ce \u00e0 des techniques de sublimation de qualit\u00e9, garantissant des impressions durables et \u00e9clatantes.C\u00f4t\u00e9 couture, nous r\u00e9alisons des pi\u00e8ces artisanales faites main : accessoires, articles personnalis\u00e9s et cr\u00e9ations sur mesure.\u00c0 l\u2019\u00e9coute de vos besoins, nous vous accompagnons dans tous vos projets pour donner vie \u00e0 vos id\u00e9es avec originalit\u00e9 et savoir-faire.","breadcrumb":{"@id":"https:\/\/creationlespetitesfees.fr\/#breadcrumb"},"inLanguage":"fr-FR","potentialAction":[{"@type":"ReadAction","target":["https:\/\/creationlespetitesfees.fr\/"]}]},{"@type":"ImageObject","inLanguage":"fr-FR","@id":"https:\/\/creationlespetitesfees.fr\/#primaryimage","url":"http:\/\/creationlespetitesfees.fr\/wp-content\/uploads\/2026\/02\/IMG_0435-600x600.jpeg","contentUrl":"http:\/\/creationlespetitesfees.fr\/wp-content\/uploads\/2026\/02\/IMG_0435-600x600.jpeg"},{"@type":"BreadcrumbList","@id":"https:\/\/creationlespetitesfees.fr\/#breadcrumb","itemListElement":[{"@type":"ListItem","position":1,"name":"Accueil","item":"https:\/\/creationlespetitesfees.fr\/"},{"@type":"ListItem","position":2,"name":"ACCUEIL"}]},{"@type":"WebSite","@id":"https:\/\/creationlespetitesfees.fr\/#website","url":"https:\/\/creationlespetitesfees.fr\/","name":"cr\u00e9ation les petites f\u00e9es","description":"","publisher":{"@id":"https:\/\/creationlespetitesfees.fr\/#organization"},"potentialAction":[{"@type":"SearchAction","target":{"@type":"EntryPoint","urlTemplate":"https:\/\/creationlespetitesfees.fr\/?s={search_term_string}"},"query-input":{"@type":"PropertyValueSpecification","valueRequired":true,"valueName":"search_term_string"}}],"inLanguage":"fr-FR"},{"@type":"Organization","@id":"https:\/\/creationlespetitesfees.fr\/#organization","name":"cr\u00e9ation les petites f\u00e9es","url":"https:\/\/creationlespetitesfees.fr\/","logo":{"@type":"ImageObject","inLanguage":"fr-FR","@id":"https:\/\/creationlespetitesfees.fr\/#\/schema\/logo\/image\/","url":"https:\/\/creationlespetitesfees.fr\/wp-content\/uploads\/2026\/03\/cropped-cropped-cropped-Annie-2.png","contentUrl":"https:\/\/creationlespetitesfees.fr\/wp-content\/uploads\/2026\/03\/cropped-cropped-cropped-Annie-2.png","width":704,"height":391,"caption":"cr\u00e9ation les petites f\u00e9es"},"image":{"@id":"https:\/\/creationlespetitesfees.fr\/#\/schema\/logo\/image\/"}}]}},"_links":{"self":[{"href":"https:\/\/creationlespetitesfees.fr\/index.php\/wp-json\/wp\/v2\/pages\/10","targetHints":{"allow":["GET"]}}],"collection":[{"href":"https:\/\/creationlespetitesfees.fr\/index.php\/wp-json\/wp\/v2\/pages"}],"about":[{"href":"https:\/\/creationlespetitesfees.fr\/index.php\/wp-json\/wp\/v2\/types\/page"}],"author":[{"embeddable":true,"href":"https:\/\/creationlespetitesfees.fr\/index.php\/wp-json\/wp\/v2\/users\/1"}],"replies":[{"embeddable":true,"href":"https:\/\/creationlespetitesfees.fr\/index.php\/wp-json\/wp\/v2\/comments?post=10"}],"version-history":[{"count":86,"href":"https:\/\/creationlespetitesfees.fr\/index.php\/wp-json\/wp\/v2\/pages\/10\/revisions"}],"predecessor-version":[{"id":737,"href":"https:\/\/creationlespetitesfees.fr\/index.php\/wp-json\/wp\/v2\/pages\/10\/revisions\/737"}],"wp:attachment":[{"href":"https:\/\/creationlespetitesfees.fr\/index.php\/wp-json\/wp\/v2\/media?parent=10"}],"curies":[{"name":"wp","href":"https:\/\/api.w.org\/{rel}","templated":true}]}}