{"id":1174,"date":"2026-03-24T14:14:34","date_gmt":"2026-03-24T14:14:34","guid":{"rendered":"https:\/\/creationlespetitesfees.fr\/?page_id=1174"},"modified":"2026-04-16T13:01:39","modified_gmt":"2026-04-16T13:01:39","slug":"porte-cles","status":"publish","type":"page","link":"https:\/\/creationlespetitesfees.fr\/index.php\/porte-cles\/","title":{"rendered":"Porte-cl\u00e9s"},"content":{"rendered":"\t\t<div data-elementor-type=\"wp-page\" data-elementor-id=\"1174\" class=\"elementor elementor-1174\">\n\t\t\t\t<div class=\"elementor-element elementor-element-3c361c5 e-grid e-con-boxed e-con e-parent\" data-id=\"3c361c5\" data-element_type=\"container\" data-e-type=\"container\">\n\t\t\t\t\t<div class=\"e-con-inner\">\n\t\t\t\t<div class=\"elementor-element elementor-element-147129a elementor-align-center elementor-widget elementor-widget-button\" data-id=\"147129a\" data-element_type=\"widget\" data-e-type=\"widget\" data-widget_type=\"button.default\">\n\t\t\t\t\t\t\t\t\t\t<a class=\"elementor-button elementor-button-link elementor-size-sm\" href=\"https:\/\/creationlespetitesfees.fr\/index.php\/produit\/porte-cles\/\">\n\t\t\t\t\t\t<span class=\"elementor-button-content-wrapper\">\n\t\t\t\t\t\t\t\t\t<span class=\"elementor-button-text\">Achetez ici<\/span>\n\t\t\t\t\t<\/span>\n\t\t\t\t\t<\/a>\n\t\t\t\t\t\t\t\t<\/div>\n\t\t\t\t\t<\/div>\n\t\t\t\t<\/div>\n\t\t<div class=\"elementor-element elementor-element-501b889 e-grid e-con-boxed e-con e-parent\" data-id=\"501b889\" data-element_type=\"container\" data-e-type=\"container\">\n\t\t\t\t\t<div class=\"e-con-inner\">\n\t\t\t\t<div class=\"elementor-element elementor-element-a86ef6c elementor-widget elementor-widget-image\" data-id=\"a86ef6c\" data-element_type=\"widget\" data-e-type=\"widget\" data-widget_type=\"image.default\">\n\t\t\t\t\t\t\t\t\t\t\t\t\t\t\t<img fetchpriority=\"high\" decoding=\"async\" width=\"1024\" height=\"1024\" src=\"https:\/\/creationlespetitesfees.fr\/wp-content\/uploads\/2026\/04\/Design-sans-titre.jpg9_-1024x1024.jpg\" class=\"attachment-large size-large wp-image-1527\" alt=\"\" srcset=\"https:\/\/creationlespetitesfees.fr\/wp-content\/uploads\/2026\/04\/Design-sans-titre.jpg9_-1024x1024.jpg 1024w, https:\/\/creationlespetitesfees.fr\/wp-content\/uploads\/2026\/04\/Design-sans-titre.jpg9_-300x300.jpg 300w, https:\/\/creationlespetitesfees.fr\/wp-content\/uploads\/2026\/04\/Design-sans-titre.jpg9_-150x150.jpg 150w, https:\/\/creationlespetitesfees.fr\/wp-content\/uploads\/2026\/04\/Design-sans-titre.jpg9_-768x768.jpg 768w, https:\/\/creationlespetitesfees.fr\/wp-content\/uploads\/2026\/04\/Design-sans-titre.jpg9_-1536x1536.jpg 1536w, https:\/\/creationlespetitesfees.fr\/wp-content\/uploads\/2026\/04\/Design-sans-titre.jpg9_-600x600.jpg 600w, https:\/\/creationlespetitesfees.fr\/wp-content\/uploads\/2026\/04\/Design-sans-titre.jpg9_-100x100.jpg 100w, https:\/\/creationlespetitesfees.fr\/wp-content\/uploads\/2026\/04\/Design-sans-titre.jpg9_.jpg 2000w\" sizes=\"(max-width: 1024px) 100vw, 1024px\" \/>\t\t\t\t\t\t\t\t\t\t\t\t\t\t\t<\/div>\n\t\t\t\t<div class=\"elementor-element elementor-element-605394b elementor-widget elementor-widget-image\" data-id=\"605394b\" data-element_type=\"widget\" data-e-type=\"widget\" data-widget_type=\"image.default\">\n\t\t\t\t\t\t\t\t\t\t\t\t\t\t\t<img decoding=\"async\" width=\"1024\" height=\"1024\" src=\"https:\/\/creationlespetitesfees.fr\/wp-content\/uploads\/2026\/04\/Design-sans-titre-1024x1024.jpg\" class=\"attachment-large size-large wp-image-1525\" alt=\"\" srcset=\"https:\/\/creationlespetitesfees.fr\/wp-content\/uploads\/2026\/04\/Design-sans-titre-1024x1024.jpg 1024w, https:\/\/creationlespetitesfees.fr\/wp-content\/uploads\/2026\/04\/Design-sans-titre-300x300.jpg 300w, https:\/\/creationlespetitesfees.fr\/wp-content\/uploads\/2026\/04\/Design-sans-titre-150x150.jpg 150w, https:\/\/creationlespetitesfees.fr\/wp-content\/uploads\/2026\/04\/Design-sans-titre-768x768.jpg 768w, https:\/\/creationlespetitesfees.fr\/wp-content\/uploads\/2026\/04\/Design-sans-titre-1536x1536.jpg 1536w, https:\/\/creationlespetitesfees.fr\/wp-content\/uploads\/2026\/04\/Design-sans-titre-600x600.jpg 600w, https:\/\/creationlespetitesfees.fr\/wp-content\/uploads\/2026\/04\/Design-sans-titre-100x100.jpg 100w, https:\/\/creationlespetitesfees.fr\/wp-content\/uploads\/2026\/04\/Design-sans-titre.jpg 2000w\" sizes=\"(max-width: 1024px) 100vw, 1024px\" \/>\t\t\t\t\t\t\t\t\t\t\t\t\t\t\t<\/div>\n\t\t\t\t\t<\/div>\n\t\t\t\t<\/div>\n\t\t\t\t<\/div>\n\t\t","protected":false},"excerpt":{"rendered":"<p>Achetez ici<\/p>\n","protected":false},"author":1,"featured_media":0,"parent":0,"menu_order":0,"comment_status":"closed","ping_status":"closed","template":"","meta":{"sfsi_plus_gutenberg_text_before_share":"","sfsi_plus_gutenberg_show_text_before_share":"","sfsi_plus_gutenberg_icon_type":"","sfsi_plus_gutenberg_icon_alignemt":"","sfsi_plus_gutenburg_max_per_row":"","footnotes":""},"class_list":["post-1174","page","type-page","status-publish","hentry","entry","owp-thumbs-layout-horizontal","owp-btn-normal","owp-tabs-layout-horizontal","has-no-thumbnails","has-product-nav"],"yoast_head":"<!-- This site is optimized with the Yoast SEO plugin v27.5 - https:\/\/yoast.com\/product\/yoast-seo-wordpress\/ -->\n<title>Porte-cl\u00e9s - cr\u00e9ation les petites f\u00e9es<\/title>\n<meta name=\"robots\" content=\"index, follow, max-snippet:-1, max-image-preview:large, max-video-preview:-1\" \/>\n<link rel=\"canonical\" href=\"https:\/\/creationlespetitesfees.fr\/index.php\/porte-cles\/\" \/>\n<meta property=\"og:locale\" content=\"fr_FR\" \/>\n<meta property=\"og:type\" content=\"article\" \/>\n<meta property=\"og:title\" content=\"Porte-cl\u00e9s - cr\u00e9ation les petites f\u00e9es\" \/>\n<meta property=\"og:description\" content=\"Achetez ici\" \/>\n<meta property=\"og:url\" content=\"https:\/\/creationlespetitesfees.fr\/index.php\/porte-cles\/\" \/>\n<meta property=\"og:site_name\" content=\"cr\u00e9ation les petites f\u00e9es\" \/>\n<meta property=\"article:modified_time\" content=\"2026-04-16T13:01:39+00:00\" \/>\n<meta property=\"og:image\" content=\"http:\/\/creationlespetitesfees.fr\/wp-content\/uploads\/2026\/04\/Design-sans-titre.jpg9_-1024x1024.jpg\" \/>\n<meta name=\"twitter:card\" content=\"summary_large_image\" \/>\n<meta name=\"twitter:label1\" content=\"Dur\u00e9e de lecture estim\u00e9e\" \/>\n\t<meta name=\"twitter:data1\" content=\"1 minute\" \/>\n<script type=\"application\/ld+json\" class=\"yoast-schema-graph\">{\"@context\":\"https:\\\/\\\/schema.org\",\"@graph\":[{\"@type\":\"WebPage\",\"@id\":\"https:\\\/\\\/creationlespetitesfees.fr\\\/index.php\\\/porte-cles\\\/\",\"url\":\"https:\\\/\\\/creationlespetitesfees.fr\\\/index.php\\\/porte-cles\\\/\",\"name\":\"Porte-cl\u00e9s - cr\u00e9ation les petites f\u00e9es\",\"isPartOf\":{\"@id\":\"https:\\\/\\\/creationlespetitesfees.fr\\\/#website\"},\"primaryImageOfPage\":{\"@id\":\"https:\\\/\\\/creationlespetitesfees.fr\\\/index.php\\\/porte-cles\\\/#primaryimage\"},\"image\":{\"@id\":\"https:\\\/\\\/creationlespetitesfees.fr\\\/index.php\\\/porte-cles\\\/#primaryimage\"},\"thumbnailUrl\":\"http:\\\/\\\/creationlespetitesfees.fr\\\/wp-content\\\/uploads\\\/2026\\\/04\\\/Design-sans-titre.jpg9_-1024x1024.jpg\",\"datePublished\":\"2026-03-24T14:14:34+00:00\",\"dateModified\":\"2026-04-16T13:01:39+00:00\",\"breadcrumb\":{\"@id\":\"https:\\\/\\\/creationlespetitesfees.fr\\\/index.php\\\/porte-cles\\\/#breadcrumb\"},\"inLanguage\":\"fr-FR\",\"potentialAction\":[{\"@type\":\"ReadAction\",\"target\":[\"https:\\\/\\\/creationlespetitesfees.fr\\\/index.php\\\/porte-cles\\\/\"]}]},{\"@type\":\"ImageObject\",\"inLanguage\":\"fr-FR\",\"@id\":\"https:\\\/\\\/creationlespetitesfees.fr\\\/index.php\\\/porte-cles\\\/#primaryimage\",\"url\":\"https:\\\/\\\/creationlespetitesfees.fr\\\/wp-content\\\/uploads\\\/2026\\\/04\\\/Design-sans-titre.jpg9_.jpg\",\"contentUrl\":\"https:\\\/\\\/creationlespetitesfees.fr\\\/wp-content\\\/uploads\\\/2026\\\/04\\\/Design-sans-titre.jpg9_.jpg\",\"width\":2000,\"height\":2000},{\"@type\":\"BreadcrumbList\",\"@id\":\"https:\\\/\\\/creationlespetitesfees.fr\\\/index.php\\\/porte-cles\\\/#breadcrumb\",\"itemListElement\":[{\"@type\":\"ListItem\",\"position\":1,\"name\":\"Accueil\",\"item\":\"https:\\\/\\\/creationlespetitesfees.fr\\\/\"},{\"@type\":\"ListItem\",\"position\":2,\"name\":\"Porte-cl\u00e9s\"}]},{\"@type\":\"WebSite\",\"@id\":\"https:\\\/\\\/creationlespetitesfees.fr\\\/#website\",\"url\":\"https:\\\/\\\/creationlespetitesfees.fr\\\/\",\"name\":\"cr\u00e9ation les petites f\u00e9es\",\"description\":\"\",\"publisher\":{\"@id\":\"https:\\\/\\\/creationlespetitesfees.fr\\\/#organization\"},\"potentialAction\":[{\"@type\":\"SearchAction\",\"target\":{\"@type\":\"EntryPoint\",\"urlTemplate\":\"https:\\\/\\\/creationlespetitesfees.fr\\\/?s={search_term_string}\"},\"query-input\":{\"@type\":\"PropertyValueSpecification\",\"valueRequired\":true,\"valueName\":\"search_term_string\"}}],\"inLanguage\":\"fr-FR\"},{\"@type\":\"Organization\",\"@id\":\"https:\\\/\\\/creationlespetitesfees.fr\\\/#organization\",\"name\":\"cr\u00e9ation les petites f\u00e9es\",\"url\":\"https:\\\/\\\/creationlespetitesfees.fr\\\/\",\"logo\":{\"@type\":\"ImageObject\",\"inLanguage\":\"fr-FR\",\"@id\":\"https:\\\/\\\/creationlespetitesfees.fr\\\/#\\\/schema\\\/logo\\\/image\\\/\",\"url\":\"https:\\\/\\\/creationlespetitesfees.fr\\\/wp-content\\\/uploads\\\/2026\\\/03\\\/cropped-cropped-cropped-Annie-2.png\",\"contentUrl\":\"https:\\\/\\\/creationlespetitesfees.fr\\\/wp-content\\\/uploads\\\/2026\\\/03\\\/cropped-cropped-cropped-Annie-2.png\",\"width\":704,\"height\":391,\"caption\":\"cr\u00e9ation les petites f\u00e9es\"},\"image\":{\"@id\":\"https:\\\/\\\/creationlespetitesfees.fr\\\/#\\\/schema\\\/logo\\\/image\\\/\"}}]}<\/script>\n<!-- \/ Yoast SEO plugin. -->","yoast_head_json":{"title":"Porte-cl\u00e9s - cr\u00e9ation les petites f\u00e9es","robots":{"index":"index","follow":"follow","max-snippet":"max-snippet:-1","max-image-preview":"max-image-preview:large","max-video-preview":"max-video-preview:-1"},"canonical":"https:\/\/creationlespetitesfees.fr\/index.php\/porte-cles\/","og_locale":"fr_FR","og_type":"article","og_title":"Porte-cl\u00e9s - cr\u00e9ation les petites f\u00e9es","og_description":"Achetez ici","og_url":"https:\/\/creationlespetitesfees.fr\/index.php\/porte-cles\/","og_site_name":"cr\u00e9ation les petites f\u00e9es","article_modified_time":"2026-04-16T13:01:39+00:00","og_image":[{"url":"http:\/\/creationlespetitesfees.fr\/wp-content\/uploads\/2026\/04\/Design-sans-titre.jpg9_-1024x1024.jpg","type":"","width":"","height":""}],"twitter_card":"summary_large_image","twitter_misc":{"Dur\u00e9e de lecture estim\u00e9e":"1 minute"},"schema":{"@context":"https:\/\/schema.org","@graph":[{"@type":"WebPage","@id":"https:\/\/creationlespetitesfees.fr\/index.php\/porte-cles\/","url":"https:\/\/creationlespetitesfees.fr\/index.php\/porte-cles\/","name":"Porte-cl\u00e9s - cr\u00e9ation les petites f\u00e9es","isPartOf":{"@id":"https:\/\/creationlespetitesfees.fr\/#website"},"primaryImageOfPage":{"@id":"https:\/\/creationlespetitesfees.fr\/index.php\/porte-cles\/#primaryimage"},"image":{"@id":"https:\/\/creationlespetitesfees.fr\/index.php\/porte-cles\/#primaryimage"},"thumbnailUrl":"http:\/\/creationlespetitesfees.fr\/wp-content\/uploads\/2026\/04\/Design-sans-titre.jpg9_-1024x1024.jpg","datePublished":"2026-03-24T14:14:34+00:00","dateModified":"2026-04-16T13:01:39+00:00","breadcrumb":{"@id":"https:\/\/creationlespetitesfees.fr\/index.php\/porte-cles\/#breadcrumb"},"inLanguage":"fr-FR","potentialAction":[{"@type":"ReadAction","target":["https:\/\/creationlespetitesfees.fr\/index.php\/porte-cles\/"]}]},{"@type":"ImageObject","inLanguage":"fr-FR","@id":"https:\/\/creationlespetitesfees.fr\/index.php\/porte-cles\/#primaryimage","url":"https:\/\/creationlespetitesfees.fr\/wp-content\/uploads\/2026\/04\/Design-sans-titre.jpg9_.jpg","contentUrl":"https:\/\/creationlespetitesfees.fr\/wp-content\/uploads\/2026\/04\/Design-sans-titre.jpg9_.jpg","width":2000,"height":2000},{"@type":"BreadcrumbList","@id":"https:\/\/creationlespetitesfees.fr\/index.php\/porte-cles\/#breadcrumb","itemListElement":[{"@type":"ListItem","position":1,"name":"Accueil","item":"https:\/\/creationlespetitesfees.fr\/"},{"@type":"ListItem","position":2,"name":"Porte-cl\u00e9s"}]},{"@type":"WebSite","@id":"https:\/\/creationlespetitesfees.fr\/#website","url":"https:\/\/creationlespetitesfees.fr\/","name":"cr\u00e9ation les petites f\u00e9es","description":"","publisher":{"@id":"https:\/\/creationlespetitesfees.fr\/#organization"},"potentialAction":[{"@type":"SearchAction","target":{"@type":"EntryPoint","urlTemplate":"https:\/\/creationlespetitesfees.fr\/?s={search_term_string}"},"query-input":{"@type":"PropertyValueSpecification","valueRequired":true,"valueName":"search_term_string"}}],"inLanguage":"fr-FR"},{"@type":"Organization","@id":"https:\/\/creationlespetitesfees.fr\/#organization","name":"cr\u00e9ation les petites f\u00e9es","url":"https:\/\/creationlespetitesfees.fr\/","logo":{"@type":"ImageObject","inLanguage":"fr-FR","@id":"https:\/\/creationlespetitesfees.fr\/#\/schema\/logo\/image\/","url":"https:\/\/creationlespetitesfees.fr\/wp-content\/uploads\/2026\/03\/cropped-cropped-cropped-Annie-2.png","contentUrl":"https:\/\/creationlespetitesfees.fr\/wp-content\/uploads\/2026\/03\/cropped-cropped-cropped-Annie-2.png","width":704,"height":391,"caption":"cr\u00e9ation les petites f\u00e9es"},"image":{"@id":"https:\/\/creationlespetitesfees.fr\/#\/schema\/logo\/image\/"}}]}},"_links":{"self":[{"href":"https:\/\/creationlespetitesfees.fr\/index.php\/wp-json\/wp\/v2\/pages\/1174","targetHints":{"allow":["GET"]}}],"collection":[{"href":"https:\/\/creationlespetitesfees.fr\/index.php\/wp-json\/wp\/v2\/pages"}],"about":[{"href":"https:\/\/creationlespetitesfees.fr\/index.php\/wp-json\/wp\/v2\/types\/page"}],"author":[{"embeddable":true,"href":"https:\/\/creationlespetitesfees.fr\/index.php\/wp-json\/wp\/v2\/users\/1"}],"replies":[{"embeddable":true,"href":"https:\/\/creationlespetitesfees.fr\/index.php\/wp-json\/wp\/v2\/comments?post=1174"}],"version-history":[{"count":7,"href":"https:\/\/creationlespetitesfees.fr\/index.php\/wp-json\/wp\/v2\/pages\/1174\/revisions"}],"predecessor-version":[{"id":1530,"href":"https:\/\/creationlespetitesfees.fr\/index.php\/wp-json\/wp\/v2\/pages\/1174\/revisions\/1530"}],"wp:attachment":[{"href":"https:\/\/creationlespetitesfees.fr\/index.php\/wp-json\/wp\/v2\/media?parent=1174"}],"curies":[{"name":"wp","href":"https:\/\/api.w.org\/{rel}","templated":true}]}}