{"id":1231,"date":"2026-03-24T15:26:27","date_gmt":"2026-03-24T15:26:27","guid":{"rendered":"https:\/\/creationlespetitesfees.fr\/?page_id=1231"},"modified":"2026-04-17T17:05:10","modified_gmt":"2026-04-17T17:05:10","slug":"cgv","status":"publish","type":"page","link":"https:\/\/creationlespetitesfees.fr\/index.php\/cgv\/","title":{"rendered":"CGV"},"content":{"rendered":"\t\t<div data-elementor-type=\"wp-page\" data-elementor-id=\"1231\" class=\"elementor elementor-1231\">\n\t\t\t\t<div class=\"elementor-element elementor-element-7bec571 e-grid e-con-boxed e-con e-parent\" data-id=\"7bec571\" data-element_type=\"container\" data-e-type=\"container\">\n\t\t\t\t\t<div class=\"e-con-inner\">\n\t\t\t\t<div class=\"elementor-element elementor-element-291e620 elementor-widget elementor-widget-text-editor\" data-id=\"291e620\" data-element_type=\"widget\" data-e-type=\"widget\" data-widget_type=\"text-editor.default\">\n\t\t\t\t\t\t\t\t\t<p>Condition g\u00e9n\u00e9rales de vente pr\u00e9ambule\u00a0 \u00a0<\/p><p>Les pr\u00e9sentes conditions g\u00e9n\u00e9rales de vente (CGV) sont conclues entre :<br \/>\uf0b7creationlespetitesfees , entreprise individuelle micro entreprise immatricul\u00e9e sous le<br \/>num\u00e9ro [SIRET], ayant son si\u00e8ge social au 110 avenue jacque fourcade , repr\u00e9sent\u00e9e par debusschere laura\u00a0<br \/>, ci-apr\u00e8s d\u00e9nomm\u00e9e laura et martine ,<br \/>\uf0b7 Et toute personne physique ou morale souhaitant effectuer un achat via le site<br \/>internet creationlespetitesfees.fr , ci-apr\u00e8s d\u00e9nomm\u00e9e \u00ab le Client \u00bb.<br \/>Les parties conviennent que leurs relations seront r\u00e9gies exclusivement par les pr\u00e9sentes<br \/>CGV.<br \/>Le Client d\u00e9clare avoir pris connaissance et accept\u00e9 les pr\u00e9sentes CGV avant de passer<br \/>commande.<\/p><p>1. OBJET<br \/>Les pr\u00e9sentes CGV d\u00e9finissent les droits et obligations des parties dans le cadre de la vente<br \/>de produits\/services propos\u00e9s sur creationlespetitesfees.fr .<\/p><p>2. CARACT\u00c9RISTIQUES DES PRODUITS\/SERVICES<br \/>Les produits\/services propos\u00e9s sont d\u00e9crits et pr\u00e9sent\u00e9s avec la plus grande exactitude<br \/>possible sur le site. Toutefois, des diff\u00e9rences minimes peuvent exister (exemple : variations<br \/>de couleur, format).<br \/>Les descriptions et photographies sont indicatives et non contractuelles.<\/p><p>3. COMMANDE<br \/>Le Client peut passer commande sur le site apr\u00e8s avoir fourni ses informations personnelles<br \/>et de paiement.<br \/>\uf0b7 La commande est confirm\u00e9e par e-mail apr\u00e8s validation du paiement.<br \/>\uf0b7 Archivage : Le Vendeur conserve l\u2019historique des commandes et leurs d\u00e9tails.<\/p><p>4. PRIX<br \/>\uf0b7 Les prix sont affich\u00e9s en euros (\u20ac), toutes taxes comprises (TTC).<br \/>\uf0b7 Les frais de livraison et autres charges applicables sont indiqu\u00e9s avant validation de<br \/>la commande.<br \/>Modification des prix : Les prix peuvent \u00eatre ajust\u00e9s, mais ceux affich\u00e9s au moment de la<br \/>commande seront appliqu\u00e9s.<\/p><p>5. PAIEMENT<br \/>Le Client peut r\u00e9gler par :<br \/>\u2705 Carte bancaire (Visa, Mastercard, etc.)<br \/>\u2705 PayPal<br \/>\u2705 Autre mode de paiement \u00e0 pr\u00e9ciser<br \/>Le paiement est exigible \u00e0 la commande et s\u2019effectue en euros (\u20ac).<br \/>Les transactions sont s\u00e9curis\u00e9es via un protocole SSL. Les informations bancaires du Client<br \/>ne sont pas stock\u00e9es.<\/p><p>6. LIVRAISON<br \/>Les produits\/services sont livr\u00e9s conform\u00e9ment aux modalit\u00e9s suivantes :<br \/>\u23f3 D\u00e9lais de livraison :<br \/>\uf0b7 Livraison sous 3 semaine\u00a0 jours ouvr\u00e9s apr\u00e8s validation du paiement.<br \/>\uf0b7 Si la livraison d\u00e9passe 30 jours, le Client peut demander un remboursement.<br \/>\ufffd\ufffd Responsabilit\u00e9 :<br \/>\uf0b7 Le Vendeur ne peut \u00eatre tenu responsable en cas de perte, vol ou dommage caus\u00e9<br \/>par le transporteur.<br \/>\uf0b7 Le transfert des risques a lieu d\u00e8s l\u2019exp\u00e9dition.<br \/>\ufffd\ufffd R\u00e9clamation en cas de dommage :<br \/>Le Client doit notifier le transporteur sous 3 jours ouvr\u00e9s en cas de produit endommag\u00e9.<\/p><p>7. DROIT DE R\u00c9TRACTATION &amp;amp; RETOUR<br \/>Conform\u00e9ment \u00e0 l\u2019article L. 221-18 du Code de la consommation, le Client dispose de 14<br \/>jours \u00e0 compter de la r\u00e9ception pour exercer son droit de r\u00e9tractation sans justification.<br \/>Conditions de retour :<br \/>\u2714 Produit non utilis\u00e9<br \/>\u2714 Retour dans l\u2019emballage d\u2019origine<br \/>\u2714 Frais de retour \u00e0 la charge du Client<br \/>\u274c Non remboursable :<br \/>\uf0b7 Produits endommag\u00e9s ou utilis\u00e9s<br \/>\uf0b7 Articles retourn\u00e9s hors d\u00e9lai<br \/>\ufffd\ufffd Adresse de retour :<br \/>cr\u00e9ation les petites f\u00e9es\u00a0<br \/>110 avenue jacquet fourcade\u00a0 65500 vic en bigorre<\/p><p>\ufffd\ufffd Remboursement : sous 14 jours apr\u00e8s r\u00e9ception et contr\u00f4le du produit.<\/p><p>8. GARANTIES L\u00c9GALES<br \/>Les produits b\u00e9n\u00e9ficient des garanties suivantes :<br \/>\ufffd\ufffd Garantie l\u00e9gale de conformit\u00e9 (articles L. 217-4 \u00e0 L. 217-14 du Code de la<br \/>consommation)<br \/>\ufffd\ufffd Garantie contre les vices cach\u00e9s (articles 1641 \u00e0 1649 du Code civil)<br \/>En cas de d\u00e9faut, le Client peut :<br \/>\uf0b7 Demander un remplacement ou une r\u00e9paration<br \/>\uf0b7 Obtenir un remboursement si la r\u00e9paration est impossible<br \/>\ufffd\ufffd R\u00e9clamation : par e-mail ou courrier recommand\u00e9 avec justificatifs.<\/p><p>9. PROTECTION DES DONN\u00c9ES PERSONNELLES<br \/>Les informations personnelles collect\u00e9es sont utilis\u00e9es pour :<br \/>\uf0b7 G\u00e9rer les commandes<br \/>\uf0b7 Envoyer les produits\/services<br \/>\uf0b7 Communiquer avec le Client<br \/>Conformit\u00e9 avec le R\u00e8glement G\u00e9n\u00e9ral sur la Protection des Donn\u00e9es (RGPD) :<br \/>\u2705 Le Client peut demander l\u2019acc\u00e8s, la modification ou la suppression de ses donn\u00e9es via<br \/>contact@creationlespetitesfees.fr .<\/p><p>10. FORCE MAJEURE<br \/>Le Vendeur ne pourra \u00eatre tenu responsable en cas d\u2019\u00e9v\u00e9nements ind\u00e9pendants de sa<br \/>volont\u00e9 (catastrophes naturelles, gr\u00e8ves, crises sanitaires, etc.).<\/p><p>11. DROIT APPLICABLE &amp;amp; LITIGES<br \/>Les pr\u00e9sentes CGV sont r\u00e9gies par le droit fran\u00e7ais.<br \/>En cas de litige :<br \/>1\ufe0f\u20e3 R\u00e9solution amiable via le service client<br \/>2\ufe0f\u20e3 M\u00e9diation avec un m\u00e9diateur de la consommation (Plateforme europ\u00e9enne de<br \/>r\u00e8glement des litiges)<br \/>3\ufe0f\u20e3 Tribunaux comp\u00e9tents en cas d\u2019\u00e9chec de la m\u00e9diation<\/p><p>12. ACCEPTATION DES CGV<br \/>Toute commande implique l\u2019acceptation des pr\u00e9sentes Conditions G\u00e9n\u00e9rales de Vente.<br \/>\ufffd\ufffd Derni\u00e8re mise \u00e0 jour : 30\/03\/2026<\/p>\t\t\t\t\t\t\t\t<\/div>\n\t\t\t\t\t<\/div>\n\t\t\t\t<\/div>\n\t\t\t\t<\/div>\n\t\t","protected":false},"excerpt":{"rendered":"<p>Condition g\u00e9n\u00e9rales de vente pr\u00e9ambule\u00a0 \u00a0 Les pr\u00e9sentes conditions g\u00e9n\u00e9rales de vente (CGV) sont conclues entre :\uf0b7creationlespetitesfees , entreprise individuelle micro entreprise immatricul\u00e9e sous lenum\u00e9ro [SIRET], ayant son si\u00e8ge social au 110 avenue jacque fourcade , repr\u00e9sent\u00e9e par debusschere laura\u00a0, ci-apr\u00e8s d\u00e9nomm\u00e9e laura et martine ,\uf0b7 Et toute personne physique ou morale souhaitant effectuer un [&hellip;]<\/p>\n","protected":false},"author":1,"featured_media":0,"parent":0,"menu_order":0,"comment_status":"closed","ping_status":"closed","template":"","meta":{"sfsi_plus_gutenberg_text_before_share":"","sfsi_plus_gutenberg_show_text_before_share":"","sfsi_plus_gutenberg_icon_type":"","sfsi_plus_gutenberg_icon_alignemt":"","sfsi_plus_gutenburg_max_per_row":"","footnotes":""},"class_list":["post-1231","page","type-page","status-publish","hentry","entry","owp-thumbs-layout-horizontal","owp-btn-normal","owp-tabs-layout-horizontal","has-no-thumbnails","has-product-nav"],"yoast_head":"<!-- This site is optimized with the Yoast SEO plugin v27.5 - https:\/\/yoast.com\/product\/yoast-seo-wordpress\/ -->\n<title>CGV - cr\u00e9ation les petites f\u00e9es<\/title>\n<meta name=\"robots\" content=\"index, follow, max-snippet:-1, max-image-preview:large, max-video-preview:-1\" \/>\n<link rel=\"canonical\" href=\"https:\/\/creationlespetitesfees.fr\/index.php\/cgv\/\" \/>\n<meta property=\"og:locale\" content=\"fr_FR\" \/>\n<meta property=\"og:type\" content=\"article\" \/>\n<meta property=\"og:title\" content=\"CGV - cr\u00e9ation les petites f\u00e9es\" \/>\n<meta property=\"og:description\" content=\"Condition g\u00e9n\u00e9rales de vente pr\u00e9ambule\u00a0 \u00a0 Les pr\u00e9sentes conditions g\u00e9n\u00e9rales de vente (CGV) sont conclues entre :\uf0b7creationlespetitesfees , entreprise individuelle micro entreprise immatricul\u00e9e sous lenum\u00e9ro [SIRET], ayant son si\u00e8ge social au 110 avenue jacque fourcade , repr\u00e9sent\u00e9e par debusschere laura\u00a0, ci-apr\u00e8s d\u00e9nomm\u00e9e laura et martine ,\uf0b7 Et toute personne physique ou morale souhaitant effectuer un [&hellip;]\" \/>\n<meta property=\"og:url\" content=\"https:\/\/creationlespetitesfees.fr\/index.php\/cgv\/\" \/>\n<meta property=\"og:site_name\" content=\"cr\u00e9ation les petites f\u00e9es\" \/>\n<meta property=\"article:modified_time\" content=\"2026-04-17T17:05:10+00:00\" \/>\n<meta name=\"twitter:card\" content=\"summary_large_image\" \/>\n<meta name=\"twitter:label1\" content=\"Dur\u00e9e de lecture estim\u00e9e\" \/>\n\t<meta name=\"twitter:data1\" content=\"6 minutes\" \/>\n<script type=\"application\/ld+json\" class=\"yoast-schema-graph\">{\"@context\":\"https:\\\/\\\/schema.org\",\"@graph\":[{\"@type\":\"WebPage\",\"@id\":\"https:\\\/\\\/creationlespetitesfees.fr\\\/index.php\\\/cgv\\\/\",\"url\":\"https:\\\/\\\/creationlespetitesfees.fr\\\/index.php\\\/cgv\\\/\",\"name\":\"CGV - cr\u00e9ation les petites f\u00e9es\",\"isPartOf\":{\"@id\":\"https:\\\/\\\/creationlespetitesfees.fr\\\/#website\"},\"datePublished\":\"2026-03-24T15:26:27+00:00\",\"dateModified\":\"2026-04-17T17:05:10+00:00\",\"breadcrumb\":{\"@id\":\"https:\\\/\\\/creationlespetitesfees.fr\\\/index.php\\\/cgv\\\/#breadcrumb\"},\"inLanguage\":\"fr-FR\",\"potentialAction\":[{\"@type\":\"ReadAction\",\"target\":[\"https:\\\/\\\/creationlespetitesfees.fr\\\/index.php\\\/cgv\\\/\"]}]},{\"@type\":\"BreadcrumbList\",\"@id\":\"https:\\\/\\\/creationlespetitesfees.fr\\\/index.php\\\/cgv\\\/#breadcrumb\",\"itemListElement\":[{\"@type\":\"ListItem\",\"position\":1,\"name\":\"Accueil\",\"item\":\"https:\\\/\\\/creationlespetitesfees.fr\\\/\"},{\"@type\":\"ListItem\",\"position\":2,\"name\":\"CGV\"}]},{\"@type\":\"WebSite\",\"@id\":\"https:\\\/\\\/creationlespetitesfees.fr\\\/#website\",\"url\":\"https:\\\/\\\/creationlespetitesfees.fr\\\/\",\"name\":\"cr\u00e9ation les petites f\u00e9es\",\"description\":\"\",\"publisher\":{\"@id\":\"https:\\\/\\\/creationlespetitesfees.fr\\\/#organization\"},\"potentialAction\":[{\"@type\":\"SearchAction\",\"target\":{\"@type\":\"EntryPoint\",\"urlTemplate\":\"https:\\\/\\\/creationlespetitesfees.fr\\\/?s={search_term_string}\"},\"query-input\":{\"@type\":\"PropertyValueSpecification\",\"valueRequired\":true,\"valueName\":\"search_term_string\"}}],\"inLanguage\":\"fr-FR\"},{\"@type\":\"Organization\",\"@id\":\"https:\\\/\\\/creationlespetitesfees.fr\\\/#organization\",\"name\":\"cr\u00e9ation les petites f\u00e9es\",\"url\":\"https:\\\/\\\/creationlespetitesfees.fr\\\/\",\"logo\":{\"@type\":\"ImageObject\",\"inLanguage\":\"fr-FR\",\"@id\":\"https:\\\/\\\/creationlespetitesfees.fr\\\/#\\\/schema\\\/logo\\\/image\\\/\",\"url\":\"https:\\\/\\\/creationlespetitesfees.fr\\\/wp-content\\\/uploads\\\/2026\\\/03\\\/cropped-cropped-cropped-Annie-2.png\",\"contentUrl\":\"https:\\\/\\\/creationlespetitesfees.fr\\\/wp-content\\\/uploads\\\/2026\\\/03\\\/cropped-cropped-cropped-Annie-2.png\",\"width\":704,\"height\":391,\"caption\":\"cr\u00e9ation les petites f\u00e9es\"},\"image\":{\"@id\":\"https:\\\/\\\/creationlespetitesfees.fr\\\/#\\\/schema\\\/logo\\\/image\\\/\"}}]}<\/script>\n<!-- \/ Yoast SEO plugin. -->","yoast_head_json":{"title":"CGV - cr\u00e9ation les petites f\u00e9es","robots":{"index":"index","follow":"follow","max-snippet":"max-snippet:-1","max-image-preview":"max-image-preview:large","max-video-preview":"max-video-preview:-1"},"canonical":"https:\/\/creationlespetitesfees.fr\/index.php\/cgv\/","og_locale":"fr_FR","og_type":"article","og_title":"CGV - cr\u00e9ation les petites f\u00e9es","og_description":"Condition g\u00e9n\u00e9rales de vente pr\u00e9ambule\u00a0 \u00a0 Les pr\u00e9sentes conditions g\u00e9n\u00e9rales de vente (CGV) sont conclues entre :\uf0b7creationlespetitesfees , entreprise individuelle micro entreprise immatricul\u00e9e sous lenum\u00e9ro [SIRET], ayant son si\u00e8ge social au 110 avenue jacque fourcade , repr\u00e9sent\u00e9e par debusschere laura\u00a0, ci-apr\u00e8s d\u00e9nomm\u00e9e laura et martine ,\uf0b7 Et toute personne physique ou morale souhaitant effectuer un [&hellip;]","og_url":"https:\/\/creationlespetitesfees.fr\/index.php\/cgv\/","og_site_name":"cr\u00e9ation les petites f\u00e9es","article_modified_time":"2026-04-17T17:05:10+00:00","twitter_card":"summary_large_image","twitter_misc":{"Dur\u00e9e de lecture estim\u00e9e":"6 minutes"},"schema":{"@context":"https:\/\/schema.org","@graph":[{"@type":"WebPage","@id":"https:\/\/creationlespetitesfees.fr\/index.php\/cgv\/","url":"https:\/\/creationlespetitesfees.fr\/index.php\/cgv\/","name":"CGV - cr\u00e9ation les petites f\u00e9es","isPartOf":{"@id":"https:\/\/creationlespetitesfees.fr\/#website"},"datePublished":"2026-03-24T15:26:27+00:00","dateModified":"2026-04-17T17:05:10+00:00","breadcrumb":{"@id":"https:\/\/creationlespetitesfees.fr\/index.php\/cgv\/#breadcrumb"},"inLanguage":"fr-FR","potentialAction":[{"@type":"ReadAction","target":["https:\/\/creationlespetitesfees.fr\/index.php\/cgv\/"]}]},{"@type":"BreadcrumbList","@id":"https:\/\/creationlespetitesfees.fr\/index.php\/cgv\/#breadcrumb","itemListElement":[{"@type":"ListItem","position":1,"name":"Accueil","item":"https:\/\/creationlespetitesfees.fr\/"},{"@type":"ListItem","position":2,"name":"CGV"}]},{"@type":"WebSite","@id":"https:\/\/creationlespetitesfees.fr\/#website","url":"https:\/\/creationlespetitesfees.fr\/","name":"cr\u00e9ation les petites f\u00e9es","description":"","publisher":{"@id":"https:\/\/creationlespetitesfees.fr\/#organization"},"potentialAction":[{"@type":"SearchAction","target":{"@type":"EntryPoint","urlTemplate":"https:\/\/creationlespetitesfees.fr\/?s={search_term_string}"},"query-input":{"@type":"PropertyValueSpecification","valueRequired":true,"valueName":"search_term_string"}}],"inLanguage":"fr-FR"},{"@type":"Organization","@id":"https:\/\/creationlespetitesfees.fr\/#organization","name":"cr\u00e9ation les petites f\u00e9es","url":"https:\/\/creationlespetitesfees.fr\/","logo":{"@type":"ImageObject","inLanguage":"fr-FR","@id":"https:\/\/creationlespetitesfees.fr\/#\/schema\/logo\/image\/","url":"https:\/\/creationlespetitesfees.fr\/wp-content\/uploads\/2026\/03\/cropped-cropped-cropped-Annie-2.png","contentUrl":"https:\/\/creationlespetitesfees.fr\/wp-content\/uploads\/2026\/03\/cropped-cropped-cropped-Annie-2.png","width":704,"height":391,"caption":"cr\u00e9ation les petites f\u00e9es"},"image":{"@id":"https:\/\/creationlespetitesfees.fr\/#\/schema\/logo\/image\/"}}]}},"_links":{"self":[{"href":"https:\/\/creationlespetitesfees.fr\/index.php\/wp-json\/wp\/v2\/pages\/1231","targetHints":{"allow":["GET"]}}],"collection":[{"href":"https:\/\/creationlespetitesfees.fr\/index.php\/wp-json\/wp\/v2\/pages"}],"about":[{"href":"https:\/\/creationlespetitesfees.fr\/index.php\/wp-json\/wp\/v2\/types\/page"}],"author":[{"embeddable":true,"href":"https:\/\/creationlespetitesfees.fr\/index.php\/wp-json\/wp\/v2\/users\/1"}],"replies":[{"embeddable":true,"href":"https:\/\/creationlespetitesfees.fr\/index.php\/wp-json\/wp\/v2\/comments?post=1231"}],"version-history":[{"count":25,"href":"https:\/\/creationlespetitesfees.fr\/index.php\/wp-json\/wp\/v2\/pages\/1231\/revisions"}],"predecessor-version":[{"id":1542,"href":"https:\/\/creationlespetitesfees.fr\/index.php\/wp-json\/wp\/v2\/pages\/1231\/revisions\/1542"}],"wp:attachment":[{"href":"https:\/\/creationlespetitesfees.fr\/index.php\/wp-json\/wp\/v2\/media?parent=1231"}],"curies":[{"name":"wp","href":"https:\/\/api.w.org\/{rel}","templated":true}]}}