{"id":1275,"date":"2026-03-27T12:35:59","date_gmt":"2026-03-27T12:35:59","guid":{"rendered":"https:\/\/creationlespetitesfees.fr\/?page_id=1275"},"modified":"2026-03-27T12:45:49","modified_gmt":"2026-03-27T12:45:49","slug":"bebe-a-bord","status":"publish","type":"page","link":"https:\/\/creationlespetitesfees.fr\/index.php\/bebe-a-bord\/","title":{"rendered":"B\u00e9b\u00e9 \u00e0 bord"},"content":{"rendered":"\t\t<div data-elementor-type=\"wp-page\" data-elementor-id=\"1275\" class=\"elementor elementor-1275\">\n\t\t\t\t<div class=\"elementor-element elementor-element-3da1fc6 e-grid e-con-boxed e-con e-parent\" data-id=\"3da1fc6\" data-element_type=\"container\" data-e-type=\"container\">\n\t\t\t\t\t<div class=\"e-con-inner\">\n\t\t\t\t<div class=\"elementor-element elementor-element-71be6ec elementor-align-center elementor-widget elementor-widget-button\" data-id=\"71be6ec\" data-element_type=\"widget\" data-e-type=\"widget\" data-widget_type=\"button.default\">\n\t\t\t\t\t\t\t\t\t\t<a class=\"elementor-button elementor-button-link elementor-size-sm\" href=\"https:\/\/creationlespetitesfees.fr\/index.php\/produit\/bebe-a-bort\/\">\n\t\t\t\t\t\t<span class=\"elementor-button-content-wrapper\">\n\t\t\t\t\t\t\t\t\t<span class=\"elementor-button-text\">Achetez  ici<\/span>\n\t\t\t\t\t<\/span>\n\t\t\t\t\t<\/a>\n\t\t\t\t\t\t\t\t<\/div>\n\t\t\t\t\t<\/div>\n\t\t\t\t<\/div>\n\t\t<div class=\"elementor-element elementor-element-029c5ea e-grid e-con-boxed e-con e-parent\" data-id=\"029c5ea\" data-element_type=\"container\" data-e-type=\"container\">\n\t\t\t\t\t<div class=\"e-con-inner\">\n\t\t\t\t<div class=\"elementor-element elementor-element-48ac869 elementor-widget elementor-widget-image\" data-id=\"48ac869\" data-element_type=\"widget\" data-e-type=\"widget\" data-widget_type=\"image.default\">\n\t\t\t\t\t\t\t\t\t\t\t\t\t\t\t<img fetchpriority=\"high\" decoding=\"async\" width=\"1024\" height=\"1024\" src=\"https:\/\/creationlespetitesfees.fr\/wp-content\/uploads\/2026\/03\/3-1024x1024.png\" class=\"attachment-large size-large wp-image-1271\" alt=\"\" srcset=\"https:\/\/creationlespetitesfees.fr\/wp-content\/uploads\/2026\/03\/3-1024x1024.png 1024w, https:\/\/creationlespetitesfees.fr\/wp-content\/uploads\/2026\/03\/3-300x300.png 300w, https:\/\/creationlespetitesfees.fr\/wp-content\/uploads\/2026\/03\/3-150x150.png 150w, https:\/\/creationlespetitesfees.fr\/wp-content\/uploads\/2026\/03\/3-768x768.png 768w, https:\/\/creationlespetitesfees.fr\/wp-content\/uploads\/2026\/03\/3-1536x1536.png 1536w, https:\/\/creationlespetitesfees.fr\/wp-content\/uploads\/2026\/03\/3-600x600.png 600w, https:\/\/creationlespetitesfees.fr\/wp-content\/uploads\/2026\/03\/3-100x100.png 100w, https:\/\/creationlespetitesfees.fr\/wp-content\/uploads\/2026\/03\/3.png 1650w\" sizes=\"(max-width: 1024px) 100vw, 1024px\" \/>\t\t\t\t\t\t\t\t\t\t\t\t\t\t\t<\/div>\n\t\t\t\t<div class=\"elementor-element elementor-element-12e1d2a elementor-widget elementor-widget-image\" data-id=\"12e1d2a\" data-element_type=\"widget\" data-e-type=\"widget\" data-widget_type=\"image.default\">\n\t\t\t\t\t\t\t\t\t\t\t\t\t\t\t<img decoding=\"async\" width=\"1024\" height=\"1024\" src=\"https:\/\/creationlespetitesfees.fr\/wp-content\/uploads\/2026\/03\/2-2-1024x1024.png\" class=\"attachment-large size-large wp-image-1270\" alt=\"\" srcset=\"https:\/\/creationlespetitesfees.fr\/wp-content\/uploads\/2026\/03\/2-2-1024x1024.png 1024w, https:\/\/creationlespetitesfees.fr\/wp-content\/uploads\/2026\/03\/2-2-300x300.png 300w, https:\/\/creationlespetitesfees.fr\/wp-content\/uploads\/2026\/03\/2-2-150x150.png 150w, https:\/\/creationlespetitesfees.fr\/wp-content\/uploads\/2026\/03\/2-2-768x768.png 768w, https:\/\/creationlespetitesfees.fr\/wp-content\/uploads\/2026\/03\/2-2-1536x1536.png 1536w, https:\/\/creationlespetitesfees.fr\/wp-content\/uploads\/2026\/03\/2-2-600x600.png 600w, https:\/\/creationlespetitesfees.fr\/wp-content\/uploads\/2026\/03\/2-2-100x100.png 100w, https:\/\/creationlespetitesfees.fr\/wp-content\/uploads\/2026\/03\/2-2.png 1650w\" sizes=\"(max-width: 1024px) 100vw, 1024px\" \/>\t\t\t\t\t\t\t\t\t\t\t\t\t\t\t<\/div>\n\t\t\t\t<div class=\"elementor-element elementor-element-3f1ae66 elementor-widget elementor-widget-image\" data-id=\"3f1ae66\" data-element_type=\"widget\" data-e-type=\"widget\" data-widget_type=\"image.default\">\n\t\t\t\t\t\t\t\t\t\t\t\t\t\t\t<img decoding=\"async\" width=\"1024\" height=\"1024\" src=\"https:\/\/creationlespetitesfees.fr\/wp-content\/uploads\/2026\/03\/1-2-1024x1024.png\" class=\"attachment-large size-large wp-image-1269\" alt=\"\" srcset=\"https:\/\/creationlespetitesfees.fr\/wp-content\/uploads\/2026\/03\/1-2-1024x1024.png 1024w, https:\/\/creationlespetitesfees.fr\/wp-content\/uploads\/2026\/03\/1-2-300x300.png 300w, https:\/\/creationlespetitesfees.fr\/wp-content\/uploads\/2026\/03\/1-2-150x150.png 150w, https:\/\/creationlespetitesfees.fr\/wp-content\/uploads\/2026\/03\/1-2-768x768.png 768w, https:\/\/creationlespetitesfees.fr\/wp-content\/uploads\/2026\/03\/1-2-1536x1536.png 1536w, https:\/\/creationlespetitesfees.fr\/wp-content\/uploads\/2026\/03\/1-2-600x600.png 600w, https:\/\/creationlespetitesfees.fr\/wp-content\/uploads\/2026\/03\/1-2-100x100.png 100w, https:\/\/creationlespetitesfees.fr\/wp-content\/uploads\/2026\/03\/1-2.png 1650w\" sizes=\"(max-width: 1024px) 100vw, 1024px\" \/>\t\t\t\t\t\t\t\t\t\t\t\t\t\t\t<\/div>\n\t\t\t\t\t<\/div>\n\t\t\t\t<\/div>\n\t\t\t\t<\/div>\n\t\t","protected":false},"excerpt":{"rendered":"<p>Achetez ici<\/p>\n","protected":false},"author":1,"featured_media":0,"parent":0,"menu_order":0,"comment_status":"closed","ping_status":"closed","template":"","meta":{"sfsi_plus_gutenberg_text_before_share":"","sfsi_plus_gutenberg_show_text_before_share":"","sfsi_plus_gutenberg_icon_type":"","sfsi_plus_gutenberg_icon_alignemt":"","sfsi_plus_gutenburg_max_per_row":"","footnotes":""},"class_list":["post-1275","page","type-page","status-publish","hentry","entry","owp-thumbs-layout-horizontal","owp-btn-normal","owp-tabs-layout-horizontal","has-no-thumbnails","has-product-nav"],"yoast_head":"<!-- This site is optimized with the Yoast SEO plugin v27.5 - https:\/\/yoast.com\/product\/yoast-seo-wordpress\/ -->\n<title>B\u00e9b\u00e9 \u00e0 bord - cr\u00e9ation les petites f\u00e9es<\/title>\n<meta name=\"robots\" content=\"index, follow, max-snippet:-1, max-image-preview:large, max-video-preview:-1\" \/>\n<link rel=\"canonical\" href=\"https:\/\/creationlespetitesfees.fr\/index.php\/bebe-a-bord\/\" \/>\n<meta property=\"og:locale\" content=\"fr_FR\" \/>\n<meta property=\"og:type\" content=\"article\" \/>\n<meta property=\"og:title\" content=\"B\u00e9b\u00e9 \u00e0 bord - cr\u00e9ation les petites f\u00e9es\" \/>\n<meta property=\"og:description\" content=\"Achetez ici\" \/>\n<meta property=\"og:url\" content=\"https:\/\/creationlespetitesfees.fr\/index.php\/bebe-a-bord\/\" \/>\n<meta property=\"og:site_name\" content=\"cr\u00e9ation les petites f\u00e9es\" \/>\n<meta property=\"article:modified_time\" content=\"2026-03-27T12:45:49+00:00\" \/>\n<meta property=\"og:image\" content=\"http:\/\/creationlespetitesfees.fr\/wp-content\/uploads\/2026\/03\/3-1024x1024.png\" \/>\n<meta name=\"twitter:card\" content=\"summary_large_image\" \/>\n<meta name=\"twitter:label1\" content=\"Dur\u00e9e de lecture estim\u00e9e\" \/>\n\t<meta name=\"twitter:data1\" content=\"1 minute\" \/>\n<script type=\"application\/ld+json\" class=\"yoast-schema-graph\">{\"@context\":\"https:\\\/\\\/schema.org\",\"@graph\":[{\"@type\":\"WebPage\",\"@id\":\"https:\\\/\\\/creationlespetitesfees.fr\\\/index.php\\\/bebe-a-bord\\\/\",\"url\":\"https:\\\/\\\/creationlespetitesfees.fr\\\/index.php\\\/bebe-a-bord\\\/\",\"name\":\"B\u00e9b\u00e9 \u00e0 bord - cr\u00e9ation les petites f\u00e9es\",\"isPartOf\":{\"@id\":\"https:\\\/\\\/creationlespetitesfees.fr\\\/#website\"},\"primaryImageOfPage\":{\"@id\":\"https:\\\/\\\/creationlespetitesfees.fr\\\/index.php\\\/bebe-a-bord\\\/#primaryimage\"},\"image\":{\"@id\":\"https:\\\/\\\/creationlespetitesfees.fr\\\/index.php\\\/bebe-a-bord\\\/#primaryimage\"},\"thumbnailUrl\":\"http:\\\/\\\/creationlespetitesfees.fr\\\/wp-content\\\/uploads\\\/2026\\\/03\\\/3-1024x1024.png\",\"datePublished\":\"2026-03-27T12:35:59+00:00\",\"dateModified\":\"2026-03-27T12:45:49+00:00\",\"breadcrumb\":{\"@id\":\"https:\\\/\\\/creationlespetitesfees.fr\\\/index.php\\\/bebe-a-bord\\\/#breadcrumb\"},\"inLanguage\":\"fr-FR\",\"potentialAction\":[{\"@type\":\"ReadAction\",\"target\":[\"https:\\\/\\\/creationlespetitesfees.fr\\\/index.php\\\/bebe-a-bord\\\/\"]}]},{\"@type\":\"ImageObject\",\"inLanguage\":\"fr-FR\",\"@id\":\"https:\\\/\\\/creationlespetitesfees.fr\\\/index.php\\\/bebe-a-bord\\\/#primaryimage\",\"url\":\"https:\\\/\\\/creationlespetitesfees.fr\\\/wp-content\\\/uploads\\\/2026\\\/03\\\/3.png\",\"contentUrl\":\"https:\\\/\\\/creationlespetitesfees.fr\\\/wp-content\\\/uploads\\\/2026\\\/03\\\/3.png\",\"width\":1650,\"height\":1650},{\"@type\":\"BreadcrumbList\",\"@id\":\"https:\\\/\\\/creationlespetitesfees.fr\\\/index.php\\\/bebe-a-bord\\\/#breadcrumb\",\"itemListElement\":[{\"@type\":\"ListItem\",\"position\":1,\"name\":\"Accueil\",\"item\":\"https:\\\/\\\/creationlespetitesfees.fr\\\/\"},{\"@type\":\"ListItem\",\"position\":2,\"name\":\"B\u00e9b\u00e9 \u00e0 bord\"}]},{\"@type\":\"WebSite\",\"@id\":\"https:\\\/\\\/creationlespetitesfees.fr\\\/#website\",\"url\":\"https:\\\/\\\/creationlespetitesfees.fr\\\/\",\"name\":\"cr\u00e9ation les petites f\u00e9es\",\"description\":\"\",\"publisher\":{\"@id\":\"https:\\\/\\\/creationlespetitesfees.fr\\\/#organization\"},\"potentialAction\":[{\"@type\":\"SearchAction\",\"target\":{\"@type\":\"EntryPoint\",\"urlTemplate\":\"https:\\\/\\\/creationlespetitesfees.fr\\\/?s={search_term_string}\"},\"query-input\":{\"@type\":\"PropertyValueSpecification\",\"valueRequired\":true,\"valueName\":\"search_term_string\"}}],\"inLanguage\":\"fr-FR\"},{\"@type\":\"Organization\",\"@id\":\"https:\\\/\\\/creationlespetitesfees.fr\\\/#organization\",\"name\":\"cr\u00e9ation les petites f\u00e9es\",\"url\":\"https:\\\/\\\/creationlespetitesfees.fr\\\/\",\"logo\":{\"@type\":\"ImageObject\",\"inLanguage\":\"fr-FR\",\"@id\":\"https:\\\/\\\/creationlespetitesfees.fr\\\/#\\\/schema\\\/logo\\\/image\\\/\",\"url\":\"https:\\\/\\\/creationlespetitesfees.fr\\\/wp-content\\\/uploads\\\/2026\\\/03\\\/cropped-cropped-cropped-Annie-2.png\",\"contentUrl\":\"https:\\\/\\\/creationlespetitesfees.fr\\\/wp-content\\\/uploads\\\/2026\\\/03\\\/cropped-cropped-cropped-Annie-2.png\",\"width\":704,\"height\":391,\"caption\":\"cr\u00e9ation les petites f\u00e9es\"},\"image\":{\"@id\":\"https:\\\/\\\/creationlespetitesfees.fr\\\/#\\\/schema\\\/logo\\\/image\\\/\"}}]}<\/script>\n<!-- \/ Yoast SEO plugin. -->","yoast_head_json":{"title":"B\u00e9b\u00e9 \u00e0 bord - cr\u00e9ation les petites f\u00e9es","robots":{"index":"index","follow":"follow","max-snippet":"max-snippet:-1","max-image-preview":"max-image-preview:large","max-video-preview":"max-video-preview:-1"},"canonical":"https:\/\/creationlespetitesfees.fr\/index.php\/bebe-a-bord\/","og_locale":"fr_FR","og_type":"article","og_title":"B\u00e9b\u00e9 \u00e0 bord - cr\u00e9ation les petites f\u00e9es","og_description":"Achetez ici","og_url":"https:\/\/creationlespetitesfees.fr\/index.php\/bebe-a-bord\/","og_site_name":"cr\u00e9ation les petites f\u00e9es","article_modified_time":"2026-03-27T12:45:49+00:00","og_image":[{"url":"http:\/\/creationlespetitesfees.fr\/wp-content\/uploads\/2026\/03\/3-1024x1024.png","type":"","width":"","height":""}],"twitter_card":"summary_large_image","twitter_misc":{"Dur\u00e9e de lecture estim\u00e9e":"1 minute"},"schema":{"@context":"https:\/\/schema.org","@graph":[{"@type":"WebPage","@id":"https:\/\/creationlespetitesfees.fr\/index.php\/bebe-a-bord\/","url":"https:\/\/creationlespetitesfees.fr\/index.php\/bebe-a-bord\/","name":"B\u00e9b\u00e9 \u00e0 bord - cr\u00e9ation les petites f\u00e9es","isPartOf":{"@id":"https:\/\/creationlespetitesfees.fr\/#website"},"primaryImageOfPage":{"@id":"https:\/\/creationlespetitesfees.fr\/index.php\/bebe-a-bord\/#primaryimage"},"image":{"@id":"https:\/\/creationlespetitesfees.fr\/index.php\/bebe-a-bord\/#primaryimage"},"thumbnailUrl":"http:\/\/creationlespetitesfees.fr\/wp-content\/uploads\/2026\/03\/3-1024x1024.png","datePublished":"2026-03-27T12:35:59+00:00","dateModified":"2026-03-27T12:45:49+00:00","breadcrumb":{"@id":"https:\/\/creationlespetitesfees.fr\/index.php\/bebe-a-bord\/#breadcrumb"},"inLanguage":"fr-FR","potentialAction":[{"@type":"ReadAction","target":["https:\/\/creationlespetitesfees.fr\/index.php\/bebe-a-bord\/"]}]},{"@type":"ImageObject","inLanguage":"fr-FR","@id":"https:\/\/creationlespetitesfees.fr\/index.php\/bebe-a-bord\/#primaryimage","url":"https:\/\/creationlespetitesfees.fr\/wp-content\/uploads\/2026\/03\/3.png","contentUrl":"https:\/\/creationlespetitesfees.fr\/wp-content\/uploads\/2026\/03\/3.png","width":1650,"height":1650},{"@type":"BreadcrumbList","@id":"https:\/\/creationlespetitesfees.fr\/index.php\/bebe-a-bord\/#breadcrumb","itemListElement":[{"@type":"ListItem","position":1,"name":"Accueil","item":"https:\/\/creationlespetitesfees.fr\/"},{"@type":"ListItem","position":2,"name":"B\u00e9b\u00e9 \u00e0 bord"}]},{"@type":"WebSite","@id":"https:\/\/creationlespetitesfees.fr\/#website","url":"https:\/\/creationlespetitesfees.fr\/","name":"cr\u00e9ation les petites f\u00e9es","description":"","publisher":{"@id":"https:\/\/creationlespetitesfees.fr\/#organization"},"potentialAction":[{"@type":"SearchAction","target":{"@type":"EntryPoint","urlTemplate":"https:\/\/creationlespetitesfees.fr\/?s={search_term_string}"},"query-input":{"@type":"PropertyValueSpecification","valueRequired":true,"valueName":"search_term_string"}}],"inLanguage":"fr-FR"},{"@type":"Organization","@id":"https:\/\/creationlespetitesfees.fr\/#organization","name":"cr\u00e9ation les petites f\u00e9es","url":"https:\/\/creationlespetitesfees.fr\/","logo":{"@type":"ImageObject","inLanguage":"fr-FR","@id":"https:\/\/creationlespetitesfees.fr\/#\/schema\/logo\/image\/","url":"https:\/\/creationlespetitesfees.fr\/wp-content\/uploads\/2026\/03\/cropped-cropped-cropped-Annie-2.png","contentUrl":"https:\/\/creationlespetitesfees.fr\/wp-content\/uploads\/2026\/03\/cropped-cropped-cropped-Annie-2.png","width":704,"height":391,"caption":"cr\u00e9ation les petites f\u00e9es"},"image":{"@id":"https:\/\/creationlespetitesfees.fr\/#\/schema\/logo\/image\/"}}]}},"_links":{"self":[{"href":"https:\/\/creationlespetitesfees.fr\/index.php\/wp-json\/wp\/v2\/pages\/1275","targetHints":{"allow":["GET"]}}],"collection":[{"href":"https:\/\/creationlespetitesfees.fr\/index.php\/wp-json\/wp\/v2\/pages"}],"about":[{"href":"https:\/\/creationlespetitesfees.fr\/index.php\/wp-json\/wp\/v2\/types\/page"}],"author":[{"embeddable":true,"href":"https:\/\/creationlespetitesfees.fr\/index.php\/wp-json\/wp\/v2\/users\/1"}],"replies":[{"embeddable":true,"href":"https:\/\/creationlespetitesfees.fr\/index.php\/wp-json\/wp\/v2\/comments?post=1275"}],"version-history":[{"count":4,"href":"https:\/\/creationlespetitesfees.fr\/index.php\/wp-json\/wp\/v2\/pages\/1275\/revisions"}],"predecessor-version":[{"id":1280,"href":"https:\/\/creationlespetitesfees.fr\/index.php\/wp-json\/wp\/v2\/pages\/1275\/revisions\/1280"}],"wp:attachment":[{"href":"https:\/\/creationlespetitesfees.fr\/index.php\/wp-json\/wp\/v2\/media?parent=1275"}],"curies":[{"name":"wp","href":"https:\/\/api.w.org\/{rel}","templated":true}]}}