{"id":410,"date":"2026-03-03T07:55:35","date_gmt":"2026-03-03T07:55:35","guid":{"rendered":"https:\/\/creationlespetitesfees.fr\/?page_id=410"},"modified":"2026-03-31T09:18:50","modified_gmt":"2026-03-31T09:18:50","slug":"personnalisee-sublimation-couture","status":"publish","type":"page","link":"https:\/\/creationlespetitesfees.fr\/index.php\/personnalisee-sublimation-couture\/","title":{"rendered":"A PROPOS"},"content":{"rendered":"\t\t<div data-elementor-type=\"wp-page\" data-elementor-id=\"410\" class=\"elementor elementor-410\">\n\t\t\t\t<div class=\"elementor-element elementor-element-60e3dad e-grid e-con-boxed e-con e-parent\" data-id=\"60e3dad\" data-element_type=\"container\" data-e-type=\"container\">\n\t\t\t\t\t<div class=\"e-con-inner\">\n\t\t\t\t<div class=\"elementor-element elementor-element-7d86533 elementor-widget elementor-widget-heading\" data-id=\"7d86533\" data-element_type=\"widget\" data-e-type=\"widget\" data-widget_type=\"heading.default\">\n\t\t\t\t\t<h2 class=\"elementor-heading-title elementor-size-default\">L' art de cr\u00e9er avec passion<\/h2>\t\t\t\t<\/div>\n\t\t\t\t\t<\/div>\n\t\t\t\t<\/div>\n\t\t<div class=\"elementor-element elementor-element-83f8ef1 e-grid e-con-boxed e-con e-parent\" data-id=\"83f8ef1\" data-element_type=\"container\" data-e-type=\"container\">\n\t\t\t\t\t<div class=\"e-con-inner\">\n\t\t\t\t<div class=\"elementor-element elementor-element-b4413f0 elementor-widget elementor-widget-image\" data-id=\"b4413f0\" data-element_type=\"widget\" data-e-type=\"widget\" data-widget_type=\"image.default\">\n\t\t\t\t\t\t\t\t\t\t\t\t\t\t\t<img fetchpriority=\"high\" decoding=\"async\" width=\"768\" height=\"1024\" src=\"https:\/\/creationlespetitesfees.fr\/wp-content\/uploads\/2026\/03\/IMG_0854-2-768x1024.jpeg\" class=\"attachment-large size-large wp-image-726\" alt=\"\" srcset=\"https:\/\/creationlespetitesfees.fr\/wp-content\/uploads\/2026\/03\/IMG_0854-2-768x1024.jpeg 768w, https:\/\/creationlespetitesfees.fr\/wp-content\/uploads\/2026\/03\/IMG_0854-2-scaled-600x800.jpeg 600w, https:\/\/creationlespetitesfees.fr\/wp-content\/uploads\/2026\/03\/IMG_0854-2-225x300.jpeg 225w, https:\/\/creationlespetitesfees.fr\/wp-content\/uploads\/2026\/03\/IMG_0854-2-1152x1536.jpeg 1152w, https:\/\/creationlespetitesfees.fr\/wp-content\/uploads\/2026\/03\/IMG_0854-2-1536x2048.jpeg 1536w, https:\/\/creationlespetitesfees.fr\/wp-content\/uploads\/2026\/03\/IMG_0854-2-scaled.jpeg 1920w\" sizes=\"(max-width: 768px) 100vw, 768px\" \/>\t\t\t\t\t\t\t\t\t\t\t\t\t\t\t<\/div>\n\t\t\t\t<div class=\"elementor-element elementor-element-f1bb2a0 elementor-widget elementor-widget-text-editor\" data-id=\"f1bb2a0\" data-element_type=\"widget\" data-e-type=\"widget\" data-widget_type=\"text-editor.default\">\n\t\t\t\t\t\t\t\t\t<p>Derri\u00e8re chaque cr\u00e9ation se cache une passion n\u00e9e de l&rsquo;envie de cr\u00e9er avec le coeur et les mains.<\/p><p>La sublimation et la couture sont pour moi bien plus que de simples technique: ce sont des moyens d&rsquo;expression, de personnalisation et de partage. J&rsquo;aime transformer une id\u00e9e en un objet unique, associer les couleurs, les mati\u00e8re et les d\u00e9tails pour donne vie \u00e0 des cr\u00e9ations qui racontent une histoire.\u00a0<\/p><p>Chaque pi\u00e8ce est r\u00e9alis\u00e9e avec soin, patience et amour du travail bien fait. Mon objectif est de proposer des cr\u00e9ations personnalis\u00e9e, pens\u00e9es pour durer et pour faire plaisir, que ce soit pour offrir ou pour se faire plaisir.<\/p><p>Cr\u00e9er, imaginer, assembler. voil\u00e0 ce qui m&rsquo;anime au quotidien.<\/p><p>Merci de faire partie de cette aventure cr\u00e9ative.<\/p>\t\t\t\t\t\t\t\t<\/div>\n\t\t\t\t\t<\/div>\n\t\t\t\t<\/div>\n\t\t\t\t<\/div>\n\t\t","protected":false},"excerpt":{"rendered":"<p>L&rsquo; art de cr\u00e9er avec passion Derri\u00e8re chaque cr\u00e9ation se cache une passion n\u00e9e de l&rsquo;envie de cr\u00e9er avec le coeur et les mains. La sublimation et la couture sont pour moi bien plus que de simples technique: ce sont des moyens d&rsquo;expression, de personnalisation et de partage. J&rsquo;aime transformer une id\u00e9e en un objet [&hellip;]<\/p>\n","protected":false},"author":1,"featured_media":0,"parent":0,"menu_order":0,"comment_status":"closed","ping_status":"closed","template":"","meta":{"sfsi_plus_gutenberg_text_before_share":"","sfsi_plus_gutenberg_show_text_before_share":"","sfsi_plus_gutenberg_icon_type":"","sfsi_plus_gutenberg_icon_alignemt":"","sfsi_plus_gutenburg_max_per_row":"","footnotes":""},"class_list":["post-410","page","type-page","status-publish","hentry","entry","owp-thumbs-layout-horizontal","owp-btn-normal","owp-tabs-layout-horizontal","has-no-thumbnails","has-product-nav"],"yoast_head":"<!-- This site is optimized with the Yoast SEO plugin v27.5 - https:\/\/yoast.com\/product\/yoast-seo-wordpress\/ -->\n<title>A PROPOS - cr\u00e9ation les petites f\u00e9es A propos<\/title>\n<meta name=\"description\" content=\"Sp\u00e9cialis\u00e9e dans la sublimation d\u2019objets personnalis\u00e9s et la cr\u00e9ation couture, notre entreprise vous propose des r\u00e9alisations uniques adapt\u00e9es \u00e0 vos envies. Que ce soit pour des cadeaux, des \u00e9v\u00e9nements ou pour un usage personnel, chaque cr\u00e9ation est con\u00e7ue avec soin et cr\u00e9ativit\u00e9 .Nous personnalisons une large gamme d\u2019objets (mugs, textiles, accessoires\u2026) gr\u00e2ce \u00e0 des techniques de sublimation de qualit\u00e9, garantissant des impressions durables et \u00e9clatantes .C\u00f4t\u00e9 couture, nous r\u00e9alisons des pi\u00e8ces artisanales faites main : accessoires, articles personnalis\u00e9s et cr\u00e9ations sur mesure .\u00c0 l\u2019\u00e9coute de vos besoins, nous vous accompagnons dans tous vos projets pour donner vie \u00e0 vos id\u00e9es avec originalit\u00e9 et savoir-faire.\" \/>\n<meta name=\"robots\" content=\"index, follow, max-snippet:-1, max-image-preview:large, max-video-preview:-1\" \/>\n<link rel=\"canonical\" href=\"https:\/\/creationlespetitesfees.fr\/index.php\/personnalisee-sublimation-couture\/\" \/>\n<meta property=\"og:locale\" content=\"fr_FR\" \/>\n<meta property=\"og:type\" content=\"article\" \/>\n<meta property=\"og:title\" content=\"A PROPOS - cr\u00e9ation les petites f\u00e9es A propos\" \/>\n<meta property=\"og:description\" content=\"Sp\u00e9cialis\u00e9e dans la sublimation d\u2019objets personnalis\u00e9s et la cr\u00e9ation couture, notre entreprise vous propose des r\u00e9alisations uniques adapt\u00e9es \u00e0 vos envies. Que ce soit pour des cadeaux, des \u00e9v\u00e9nements ou pour un usage personnel, chaque cr\u00e9ation est con\u00e7ue avec soin et cr\u00e9ativit\u00e9 .Nous personnalisons une large gamme d\u2019objets (mugs, textiles, accessoires\u2026) gr\u00e2ce \u00e0 des techniques de sublimation de qualit\u00e9, garantissant des impressions durables et \u00e9clatantes .C\u00f4t\u00e9 couture, nous r\u00e9alisons des pi\u00e8ces artisanales faites main : accessoires, articles personnalis\u00e9s et cr\u00e9ations sur mesure .\u00c0 l\u2019\u00e9coute de vos besoins, nous vous accompagnons dans tous vos projets pour donner vie \u00e0 vos id\u00e9es avec originalit\u00e9 et savoir-faire.\" \/>\n<meta property=\"og:url\" content=\"https:\/\/creationlespetitesfees.fr\/index.php\/personnalisee-sublimation-couture\/\" \/>\n<meta property=\"og:site_name\" content=\"cr\u00e9ation les petites f\u00e9es\" \/>\n<meta property=\"article:modified_time\" content=\"2026-03-31T09:18:50+00:00\" \/>\n<meta property=\"og:image\" content=\"http:\/\/creationlespetitesfees.fr\/wp-content\/uploads\/2026\/03\/IMG_0854-2-768x1024.jpeg\" \/>\n<meta name=\"twitter:card\" content=\"summary_large_image\" \/>\n<meta name=\"twitter:label1\" content=\"Dur\u00e9e de lecture estim\u00e9e\" \/>\n\t<meta name=\"twitter:data1\" content=\"1 minute\" \/>\n<script type=\"application\/ld+json\" class=\"yoast-schema-graph\">{\"@context\":\"https:\\\/\\\/schema.org\",\"@graph\":[{\"@type\":\"WebPage\",\"@id\":\"https:\\\/\\\/creationlespetitesfees.fr\\\/index.php\\\/personnalisee-sublimation-couture\\\/\",\"url\":\"https:\\\/\\\/creationlespetitesfees.fr\\\/index.php\\\/personnalisee-sublimation-couture\\\/\",\"name\":\"A PROPOS - cr\u00e9ation les petites f\u00e9es A propos\",\"isPartOf\":{\"@id\":\"https:\\\/\\\/creationlespetitesfees.fr\\\/#website\"},\"primaryImageOfPage\":{\"@id\":\"https:\\\/\\\/creationlespetitesfees.fr\\\/index.php\\\/personnalisee-sublimation-couture\\\/#primaryimage\"},\"image\":{\"@id\":\"https:\\\/\\\/creationlespetitesfees.fr\\\/index.php\\\/personnalisee-sublimation-couture\\\/#primaryimage\"},\"thumbnailUrl\":\"http:\\\/\\\/creationlespetitesfees.fr\\\/wp-content\\\/uploads\\\/2026\\\/03\\\/IMG_0854-2-768x1024.jpeg\",\"datePublished\":\"2026-03-03T07:55:35+00:00\",\"dateModified\":\"2026-03-31T09:18:50+00:00\",\"description\":\"Sp\u00e9cialis\u00e9e dans la sublimation d\u2019objets personnalis\u00e9s et la cr\u00e9ation couture, notre entreprise vous propose des r\u00e9alisations uniques adapt\u00e9es \u00e0 vos envies. Que ce soit pour des cadeaux, des \u00e9v\u00e9nements ou pour un usage personnel, chaque cr\u00e9ation est con\u00e7ue avec soin et cr\u00e9ativit\u00e9 .Nous personnalisons une large gamme d\u2019objets (mugs, textiles, accessoires\u2026) gr\u00e2ce \u00e0 des techniques de sublimation de qualit\u00e9, garantissant des impressions durables et \u00e9clatantes .C\u00f4t\u00e9 couture, nous r\u00e9alisons des pi\u00e8ces artisanales faites main : accessoires, articles personnalis\u00e9s et cr\u00e9ations sur mesure .\u00c0 l\u2019\u00e9coute de vos besoins, nous vous accompagnons dans tous vos projets pour donner vie \u00e0 vos id\u00e9es avec originalit\u00e9 et savoir-faire.\",\"breadcrumb\":{\"@id\":\"https:\\\/\\\/creationlespetitesfees.fr\\\/index.php\\\/personnalisee-sublimation-couture\\\/#breadcrumb\"},\"inLanguage\":\"fr-FR\",\"potentialAction\":[{\"@type\":\"ReadAction\",\"target\":[\"https:\\\/\\\/creationlespetitesfees.fr\\\/index.php\\\/personnalisee-sublimation-couture\\\/\"]}]},{\"@type\":\"ImageObject\",\"inLanguage\":\"fr-FR\",\"@id\":\"https:\\\/\\\/creationlespetitesfees.fr\\\/index.php\\\/personnalisee-sublimation-couture\\\/#primaryimage\",\"url\":\"https:\\\/\\\/creationlespetitesfees.fr\\\/wp-content\\\/uploads\\\/2026\\\/03\\\/IMG_0854-2-scaled.jpeg\",\"contentUrl\":\"https:\\\/\\\/creationlespetitesfees.fr\\\/wp-content\\\/uploads\\\/2026\\\/03\\\/IMG_0854-2-scaled.jpeg\",\"width\":1920,\"height\":2560},{\"@type\":\"BreadcrumbList\",\"@id\":\"https:\\\/\\\/creationlespetitesfees.fr\\\/index.php\\\/personnalisee-sublimation-couture\\\/#breadcrumb\",\"itemListElement\":[{\"@type\":\"ListItem\",\"position\":1,\"name\":\"Accueil\",\"item\":\"https:\\\/\\\/creationlespetitesfees.fr\\\/\"},{\"@type\":\"ListItem\",\"position\":2,\"name\":\"A PROPOS\"}]},{\"@type\":\"WebSite\",\"@id\":\"https:\\\/\\\/creationlespetitesfees.fr\\\/#website\",\"url\":\"https:\\\/\\\/creationlespetitesfees.fr\\\/\",\"name\":\"cr\u00e9ation les petites f\u00e9es\",\"description\":\"\",\"publisher\":{\"@id\":\"https:\\\/\\\/creationlespetitesfees.fr\\\/#organization\"},\"potentialAction\":[{\"@type\":\"SearchAction\",\"target\":{\"@type\":\"EntryPoint\",\"urlTemplate\":\"https:\\\/\\\/creationlespetitesfees.fr\\\/?s={search_term_string}\"},\"query-input\":{\"@type\":\"PropertyValueSpecification\",\"valueRequired\":true,\"valueName\":\"search_term_string\"}}],\"inLanguage\":\"fr-FR\"},{\"@type\":\"Organization\",\"@id\":\"https:\\\/\\\/creationlespetitesfees.fr\\\/#organization\",\"name\":\"cr\u00e9ation les petites f\u00e9es\",\"url\":\"https:\\\/\\\/creationlespetitesfees.fr\\\/\",\"logo\":{\"@type\":\"ImageObject\",\"inLanguage\":\"fr-FR\",\"@id\":\"https:\\\/\\\/creationlespetitesfees.fr\\\/#\\\/schema\\\/logo\\\/image\\\/\",\"url\":\"https:\\\/\\\/creationlespetitesfees.fr\\\/wp-content\\\/uploads\\\/2026\\\/03\\\/cropped-cropped-cropped-Annie-2.png\",\"contentUrl\":\"https:\\\/\\\/creationlespetitesfees.fr\\\/wp-content\\\/uploads\\\/2026\\\/03\\\/cropped-cropped-cropped-Annie-2.png\",\"width\":704,\"height\":391,\"caption\":\"cr\u00e9ation les petites f\u00e9es\"},\"image\":{\"@id\":\"https:\\\/\\\/creationlespetitesfees.fr\\\/#\\\/schema\\\/logo\\\/image\\\/\"}}]}<\/script>\n<!-- \/ Yoast SEO plugin. -->","yoast_head_json":{"title":"A PROPOS - cr\u00e9ation les petites f\u00e9es A propos","description":"Sp\u00e9cialis\u00e9e dans la sublimation d\u2019objets personnalis\u00e9s et la cr\u00e9ation couture, notre entreprise vous propose des r\u00e9alisations uniques adapt\u00e9es \u00e0 vos envies. Que ce soit pour des cadeaux, des \u00e9v\u00e9nements ou pour un usage personnel, chaque cr\u00e9ation est con\u00e7ue avec soin et cr\u00e9ativit\u00e9 .Nous personnalisons une large gamme d\u2019objets (mugs, textiles, accessoires\u2026) gr\u00e2ce \u00e0 des techniques de sublimation de qualit\u00e9, garantissant des impressions durables et \u00e9clatantes .C\u00f4t\u00e9 couture, nous r\u00e9alisons des pi\u00e8ces artisanales faites main : accessoires, articles personnalis\u00e9s et cr\u00e9ations sur mesure .\u00c0 l\u2019\u00e9coute de vos besoins, nous vous accompagnons dans tous vos projets pour donner vie \u00e0 vos id\u00e9es avec originalit\u00e9 et savoir-faire.","robots":{"index":"index","follow":"follow","max-snippet":"max-snippet:-1","max-image-preview":"max-image-preview:large","max-video-preview":"max-video-preview:-1"},"canonical":"https:\/\/creationlespetitesfees.fr\/index.php\/personnalisee-sublimation-couture\/","og_locale":"fr_FR","og_type":"article","og_title":"A PROPOS - cr\u00e9ation les petites f\u00e9es A propos","og_description":"Sp\u00e9cialis\u00e9e dans la sublimation d\u2019objets personnalis\u00e9s et la cr\u00e9ation couture, notre entreprise vous propose des r\u00e9alisations uniques adapt\u00e9es \u00e0 vos envies. Que ce soit pour des cadeaux, des \u00e9v\u00e9nements ou pour un usage personnel, chaque cr\u00e9ation est con\u00e7ue avec soin et cr\u00e9ativit\u00e9 .Nous personnalisons une large gamme d\u2019objets (mugs, textiles, accessoires\u2026) gr\u00e2ce \u00e0 des techniques de sublimation de qualit\u00e9, garantissant des impressions durables et \u00e9clatantes .C\u00f4t\u00e9 couture, nous r\u00e9alisons des pi\u00e8ces artisanales faites main : accessoires, articles personnalis\u00e9s et cr\u00e9ations sur mesure .\u00c0 l\u2019\u00e9coute de vos besoins, nous vous accompagnons dans tous vos projets pour donner vie \u00e0 vos id\u00e9es avec originalit\u00e9 et savoir-faire.","og_url":"https:\/\/creationlespetitesfees.fr\/index.php\/personnalisee-sublimation-couture\/","og_site_name":"cr\u00e9ation les petites f\u00e9es","article_modified_time":"2026-03-31T09:18:50+00:00","og_image":[{"url":"http:\/\/creationlespetitesfees.fr\/wp-content\/uploads\/2026\/03\/IMG_0854-2-768x1024.jpeg","type":"","width":"","height":""}],"twitter_card":"summary_large_image","twitter_misc":{"Dur\u00e9e de lecture estim\u00e9e":"1 minute"},"schema":{"@context":"https:\/\/schema.org","@graph":[{"@type":"WebPage","@id":"https:\/\/creationlespetitesfees.fr\/index.php\/personnalisee-sublimation-couture\/","url":"https:\/\/creationlespetitesfees.fr\/index.php\/personnalisee-sublimation-couture\/","name":"A PROPOS - cr\u00e9ation les petites f\u00e9es A propos","isPartOf":{"@id":"https:\/\/creationlespetitesfees.fr\/#website"},"primaryImageOfPage":{"@id":"https:\/\/creationlespetitesfees.fr\/index.php\/personnalisee-sublimation-couture\/#primaryimage"},"image":{"@id":"https:\/\/creationlespetitesfees.fr\/index.php\/personnalisee-sublimation-couture\/#primaryimage"},"thumbnailUrl":"http:\/\/creationlespetitesfees.fr\/wp-content\/uploads\/2026\/03\/IMG_0854-2-768x1024.jpeg","datePublished":"2026-03-03T07:55:35+00:00","dateModified":"2026-03-31T09:18:50+00:00","description":"Sp\u00e9cialis\u00e9e dans la sublimation d\u2019objets personnalis\u00e9s et la cr\u00e9ation couture, notre entreprise vous propose des r\u00e9alisations uniques adapt\u00e9es \u00e0 vos envies. Que ce soit pour des cadeaux, des \u00e9v\u00e9nements ou pour un usage personnel, chaque cr\u00e9ation est con\u00e7ue avec soin et cr\u00e9ativit\u00e9 .Nous personnalisons une large gamme d\u2019objets (mugs, textiles, accessoires\u2026) gr\u00e2ce \u00e0 des techniques de sublimation de qualit\u00e9, garantissant des impressions durables et \u00e9clatantes .C\u00f4t\u00e9 couture, nous r\u00e9alisons des pi\u00e8ces artisanales faites main : accessoires, articles personnalis\u00e9s et cr\u00e9ations sur mesure .\u00c0 l\u2019\u00e9coute de vos besoins, nous vous accompagnons dans tous vos projets pour donner vie \u00e0 vos id\u00e9es avec originalit\u00e9 et savoir-faire.","breadcrumb":{"@id":"https:\/\/creationlespetitesfees.fr\/index.php\/personnalisee-sublimation-couture\/#breadcrumb"},"inLanguage":"fr-FR","potentialAction":[{"@type":"ReadAction","target":["https:\/\/creationlespetitesfees.fr\/index.php\/personnalisee-sublimation-couture\/"]}]},{"@type":"ImageObject","inLanguage":"fr-FR","@id":"https:\/\/creationlespetitesfees.fr\/index.php\/personnalisee-sublimation-couture\/#primaryimage","url":"https:\/\/creationlespetitesfees.fr\/wp-content\/uploads\/2026\/03\/IMG_0854-2-scaled.jpeg","contentUrl":"https:\/\/creationlespetitesfees.fr\/wp-content\/uploads\/2026\/03\/IMG_0854-2-scaled.jpeg","width":1920,"height":2560},{"@type":"BreadcrumbList","@id":"https:\/\/creationlespetitesfees.fr\/index.php\/personnalisee-sublimation-couture\/#breadcrumb","itemListElement":[{"@type":"ListItem","position":1,"name":"Accueil","item":"https:\/\/creationlespetitesfees.fr\/"},{"@type":"ListItem","position":2,"name":"A PROPOS"}]},{"@type":"WebSite","@id":"https:\/\/creationlespetitesfees.fr\/#website","url":"https:\/\/creationlespetitesfees.fr\/","name":"cr\u00e9ation les petites f\u00e9es","description":"","publisher":{"@id":"https:\/\/creationlespetitesfees.fr\/#organization"},"potentialAction":[{"@type":"SearchAction","target":{"@type":"EntryPoint","urlTemplate":"https:\/\/creationlespetitesfees.fr\/?s={search_term_string}"},"query-input":{"@type":"PropertyValueSpecification","valueRequired":true,"valueName":"search_term_string"}}],"inLanguage":"fr-FR"},{"@type":"Organization","@id":"https:\/\/creationlespetitesfees.fr\/#organization","name":"cr\u00e9ation les petites f\u00e9es","url":"https:\/\/creationlespetitesfees.fr\/","logo":{"@type":"ImageObject","inLanguage":"fr-FR","@id":"https:\/\/creationlespetitesfees.fr\/#\/schema\/logo\/image\/","url":"https:\/\/creationlespetitesfees.fr\/wp-content\/uploads\/2026\/03\/cropped-cropped-cropped-Annie-2.png","contentUrl":"https:\/\/creationlespetitesfees.fr\/wp-content\/uploads\/2026\/03\/cropped-cropped-cropped-Annie-2.png","width":704,"height":391,"caption":"cr\u00e9ation les petites f\u00e9es"},"image":{"@id":"https:\/\/creationlespetitesfees.fr\/#\/schema\/logo\/image\/"}}]}},"_links":{"self":[{"href":"https:\/\/creationlespetitesfees.fr\/index.php\/wp-json\/wp\/v2\/pages\/410","targetHints":{"allow":["GET"]}}],"collection":[{"href":"https:\/\/creationlespetitesfees.fr\/index.php\/wp-json\/wp\/v2\/pages"}],"about":[{"href":"https:\/\/creationlespetitesfees.fr\/index.php\/wp-json\/wp\/v2\/types\/page"}],"author":[{"embeddable":true,"href":"https:\/\/creationlespetitesfees.fr\/index.php\/wp-json\/wp\/v2\/users\/1"}],"replies":[{"embeddable":true,"href":"https:\/\/creationlespetitesfees.fr\/index.php\/wp-json\/wp\/v2\/comments?post=410"}],"version-history":[{"count":26,"href":"https:\/\/creationlespetitesfees.fr\/index.php\/wp-json\/wp\/v2\/pages\/410\/revisions"}],"predecessor-version":[{"id":729,"href":"https:\/\/creationlespetitesfees.fr\/index.php\/wp-json\/wp\/v2\/pages\/410\/revisions\/729"}],"wp:attachment":[{"href":"https:\/\/creationlespetitesfees.fr\/index.php\/wp-json\/wp\/v2\/media?parent=410"}],"curies":[{"name":"wp","href":"https:\/\/api.w.org\/{rel}","templated":true}]}}