{"id":1003,"date":"2026-03-20T12:50:46","date_gmt":"2026-03-20T12:50:46","guid":{"rendered":"http:\/\/creationlespetitesfees.fr\/?post_type=product&#038;p=1003"},"modified":"2026-04-13T16:26:07","modified_gmt":"2026-04-13T16:26:07","slug":"sac","status":"publish","type":"product","link":"https:\/\/creationlespetitesfees.fr\/index.php\/produit\/sac\/","title":{"rendered":"sac"},"content":{"rendered":"<p><em>Exprimez votre cr\u00e9ativit\u00e9 avec notre sac sp\u00e9cialement con\u00e7u pour la sublimation. Id\u00e9al pour la personnalisation, il permet de cr\u00e9er des mod\u00e8les uniques avec vos visuels, logos, textes ou illustrations. Gr\u00e2ce \u00e0 sa surface adapt\u00e9e \u00e0 l&rsquo;impression, ce sac garantit un rendu net, durable et de haute qualit\u00e9. Parfait pour les cr\u00e9ateurs, entreprises ou particuliers, il convient aussi bien aux cadeaux personnalis\u00e9s qu&rsquo;aux supports promotionnels. Pratique et r\u00e9sistant, il peut \u00eatre utilis\u00e9 au quotidien pour transporter vos affaires, faire vos courses ou comme accessoire tendance personnalis\u00e9.<\/em><\/p>\n<p>Sp\u00e9cialement con\u00e7u pour la sublimation<\/p>\n<p>Rendu haute qualit\u00e9 et longue tenue<\/p>\n<p>R\u00e9sistant et r\u00e9utilisable<\/p>\n<p>Id\u00e9al pour cadeaux ou personnel<\/p>\n","protected":false},"excerpt":{"rendered":"<p><em>Mati\u00e8re : polyester adapt\u00e9 \u00e0 la sublimation<\/em><\/p>\n<p>Surface : lisse, pr\u00eate \u00e0 imprimer<\/p>\n","protected":false},"featured_media":1238,"comment_status":"open","ping_status":"closed","template":"","meta":{"sfsi_plus_gutenberg_text_before_share":"","sfsi_plus_gutenberg_show_text_before_share":"","sfsi_plus_gutenberg_icon_type":"","sfsi_plus_gutenberg_icon_alignemt":"","sfsi_plus_gutenburg_max_per_row":""},"product_brand":[],"product_cat":[20],"product_tag":[],"class_list":{"0":"post-1003","1":"product","2":"type-product","3":"status-publish","4":"has-post-thumbnail","6":"product_cat-sac","8":"entry","9":"has-media","11":"first","12":"instock","13":"taxable","14":"shipping-taxable","15":"purchasable","16":"product-type-variable","17":"has-product-nav","18":"col","19":"span_1_of_3","20":"owp-content-center","21":"owp-thumbs-layout-horizontal","22":"owp-btn-normal","23":"owp-tabs-layout-horizontal"},"yoast_head":"<!-- This site is optimized with the Yoast SEO plugin v27.5 - https:\/\/yoast.com\/product\/yoast-seo-wordpress\/ -->\n<title>sac - cr\u00e9ation les petites f\u00e9es<\/title>\n<meta name=\"robots\" content=\"index, follow, max-snippet:-1, max-image-preview:large, max-video-preview:-1\" \/>\n<link rel=\"canonical\" href=\"https:\/\/creationlespetitesfees.fr\/index.php\/produit\/sac\/\" \/>\n<meta property=\"og:locale\" content=\"fr_FR\" \/>\n<meta property=\"og:type\" content=\"article\" \/>\n<meta property=\"og:title\" content=\"sac - cr\u00e9ation les petites f\u00e9es\" \/>\n<meta property=\"og:description\" content=\"Mati\u00e8re : polyester adapt\u00e9 \u00e0 la sublimation  Surface : lisse, pr\u00eate \u00e0 imprimer\" \/>\n<meta property=\"og:url\" content=\"https:\/\/creationlespetitesfees.fr\/index.php\/produit\/sac\/\" \/>\n<meta property=\"og:site_name\" content=\"cr\u00e9ation les petites f\u00e9es\" \/>\n<meta property=\"article:modified_time\" content=\"2026-04-13T16:26:07+00:00\" \/>\n<meta property=\"og:image\" content=\"http:\/\/creationlespetitesfees.fr\/wp-content\/uploads\/2026\/03\/1.png\" \/>\n\t<meta property=\"og:image:width\" content=\"2000\" \/>\n\t<meta property=\"og:image:height\" content=\"1500\" \/>\n\t<meta property=\"og:image:type\" content=\"image\/png\" \/>\n<meta name=\"twitter:card\" content=\"summary_large_image\" \/>\n<meta name=\"twitter:label1\" content=\"Dur\u00e9e de lecture estim\u00e9e\" \/>\n\t<meta name=\"twitter:data1\" content=\"1 minute\" \/>\n<script type=\"application\/ld+json\" class=\"yoast-schema-graph\">{\"@context\":\"https:\\\/\\\/schema.org\",\"@graph\":[{\"@type\":\"WebPage\",\"@id\":\"https:\\\/\\\/creationlespetitesfees.fr\\\/index.php\\\/produit\\\/sac\\\/\",\"url\":\"https:\\\/\\\/creationlespetitesfees.fr\\\/index.php\\\/produit\\\/sac\\\/\",\"name\":\"sac - cr\u00e9ation les petites f\u00e9es\",\"isPartOf\":{\"@id\":\"https:\\\/\\\/creationlespetitesfees.fr\\\/#website\"},\"primaryImageOfPage\":{\"@id\":\"https:\\\/\\\/creationlespetitesfees.fr\\\/index.php\\\/produit\\\/sac\\\/#primaryimage\"},\"image\":{\"@id\":\"https:\\\/\\\/creationlespetitesfees.fr\\\/index.php\\\/produit\\\/sac\\\/#primaryimage\"},\"thumbnailUrl\":\"https:\\\/\\\/creationlespetitesfees.fr\\\/wp-content\\\/uploads\\\/2026\\\/03\\\/1.png\",\"datePublished\":\"2026-03-20T12:50:46+00:00\",\"dateModified\":\"2026-04-13T16:26:07+00:00\",\"breadcrumb\":{\"@id\":\"https:\\\/\\\/creationlespetitesfees.fr\\\/index.php\\\/produit\\\/sac\\\/#breadcrumb\"},\"inLanguage\":\"fr-FR\",\"potentialAction\":[{\"@type\":\"ReadAction\",\"target\":[\"https:\\\/\\\/creationlespetitesfees.fr\\\/index.php\\\/produit\\\/sac\\\/\"]}]},{\"@type\":\"ImageObject\",\"inLanguage\":\"fr-FR\",\"@id\":\"https:\\\/\\\/creationlespetitesfees.fr\\\/index.php\\\/produit\\\/sac\\\/#primaryimage\",\"url\":\"https:\\\/\\\/creationlespetitesfees.fr\\\/wp-content\\\/uploads\\\/2026\\\/03\\\/1.png\",\"contentUrl\":\"https:\\\/\\\/creationlespetitesfees.fr\\\/wp-content\\\/uploads\\\/2026\\\/03\\\/1.png\",\"width\":2000,\"height\":1500},{\"@type\":\"BreadcrumbList\",\"@id\":\"https:\\\/\\\/creationlespetitesfees.fr\\\/index.php\\\/produit\\\/sac\\\/#breadcrumb\",\"itemListElement\":[{\"@type\":\"ListItem\",\"position\":1,\"name\":\"Accueil\",\"item\":\"https:\\\/\\\/creationlespetitesfees.fr\\\/\"},{\"@type\":\"ListItem\",\"position\":2,\"name\":\"Boutique\",\"item\":\"https:\\\/\\\/creationlespetitesfees.fr\\\/index.php\\\/boutique\\\/\"},{\"@type\":\"ListItem\",\"position\":3,\"name\":\"sac\"}]},{\"@type\":\"WebSite\",\"@id\":\"https:\\\/\\\/creationlespetitesfees.fr\\\/#website\",\"url\":\"https:\\\/\\\/creationlespetitesfees.fr\\\/\",\"name\":\"cr\u00e9ation les petites f\u00e9es\",\"description\":\"\",\"publisher\":{\"@id\":\"https:\\\/\\\/creationlespetitesfees.fr\\\/#organization\"},\"potentialAction\":[{\"@type\":\"SearchAction\",\"target\":{\"@type\":\"EntryPoint\",\"urlTemplate\":\"https:\\\/\\\/creationlespetitesfees.fr\\\/?s={search_term_string}\"},\"query-input\":{\"@type\":\"PropertyValueSpecification\",\"valueRequired\":true,\"valueName\":\"search_term_string\"}}],\"inLanguage\":\"fr-FR\"},{\"@type\":\"Organization\",\"@id\":\"https:\\\/\\\/creationlespetitesfees.fr\\\/#organization\",\"name\":\"cr\u00e9ation les petites f\u00e9es\",\"url\":\"https:\\\/\\\/creationlespetitesfees.fr\\\/\",\"logo\":{\"@type\":\"ImageObject\",\"inLanguage\":\"fr-FR\",\"@id\":\"https:\\\/\\\/creationlespetitesfees.fr\\\/#\\\/schema\\\/logo\\\/image\\\/\",\"url\":\"https:\\\/\\\/creationlespetitesfees.fr\\\/wp-content\\\/uploads\\\/2026\\\/03\\\/cropped-cropped-cropped-Annie-2.png\",\"contentUrl\":\"https:\\\/\\\/creationlespetitesfees.fr\\\/wp-content\\\/uploads\\\/2026\\\/03\\\/cropped-cropped-cropped-Annie-2.png\",\"width\":704,\"height\":391,\"caption\":\"cr\u00e9ation les petites f\u00e9es\"},\"image\":{\"@id\":\"https:\\\/\\\/creationlespetitesfees.fr\\\/#\\\/schema\\\/logo\\\/image\\\/\"}}]}<\/script>\n<!-- \/ Yoast SEO plugin. -->","yoast_head_json":{"title":"sac - cr\u00e9ation les petites f\u00e9es","robots":{"index":"index","follow":"follow","max-snippet":"max-snippet:-1","max-image-preview":"max-image-preview:large","max-video-preview":"max-video-preview:-1"},"canonical":"https:\/\/creationlespetitesfees.fr\/index.php\/produit\/sac\/","og_locale":"fr_FR","og_type":"article","og_title":"sac - cr\u00e9ation les petites f\u00e9es","og_description":"Mati\u00e8re : polyester adapt\u00e9 \u00e0 la sublimation  Surface : lisse, pr\u00eate \u00e0 imprimer","og_url":"https:\/\/creationlespetitesfees.fr\/index.php\/produit\/sac\/","og_site_name":"cr\u00e9ation les petites f\u00e9es","article_modified_time":"2026-04-13T16:26:07+00:00","og_image":[{"width":2000,"height":1500,"url":"http:\/\/creationlespetitesfees.fr\/wp-content\/uploads\/2026\/03\/1.png","type":"image\/png"}],"twitter_card":"summary_large_image","twitter_misc":{"Dur\u00e9e de lecture estim\u00e9e":"1 minute"},"schema":{"@context":"https:\/\/schema.org","@graph":[{"@type":"WebPage","@id":"https:\/\/creationlespetitesfees.fr\/index.php\/produit\/sac\/","url":"https:\/\/creationlespetitesfees.fr\/index.php\/produit\/sac\/","name":"sac - cr\u00e9ation les petites f\u00e9es","isPartOf":{"@id":"https:\/\/creationlespetitesfees.fr\/#website"},"primaryImageOfPage":{"@id":"https:\/\/creationlespetitesfees.fr\/index.php\/produit\/sac\/#primaryimage"},"image":{"@id":"https:\/\/creationlespetitesfees.fr\/index.php\/produit\/sac\/#primaryimage"},"thumbnailUrl":"https:\/\/creationlespetitesfees.fr\/wp-content\/uploads\/2026\/03\/1.png","datePublished":"2026-03-20T12:50:46+00:00","dateModified":"2026-04-13T16:26:07+00:00","breadcrumb":{"@id":"https:\/\/creationlespetitesfees.fr\/index.php\/produit\/sac\/#breadcrumb"},"inLanguage":"fr-FR","potentialAction":[{"@type":"ReadAction","target":["https:\/\/creationlespetitesfees.fr\/index.php\/produit\/sac\/"]}]},{"@type":"ImageObject","inLanguage":"fr-FR","@id":"https:\/\/creationlespetitesfees.fr\/index.php\/produit\/sac\/#primaryimage","url":"https:\/\/creationlespetitesfees.fr\/wp-content\/uploads\/2026\/03\/1.png","contentUrl":"https:\/\/creationlespetitesfees.fr\/wp-content\/uploads\/2026\/03\/1.png","width":2000,"height":1500},{"@type":"BreadcrumbList","@id":"https:\/\/creationlespetitesfees.fr\/index.php\/produit\/sac\/#breadcrumb","itemListElement":[{"@type":"ListItem","position":1,"name":"Accueil","item":"https:\/\/creationlespetitesfees.fr\/"},{"@type":"ListItem","position":2,"name":"Boutique","item":"https:\/\/creationlespetitesfees.fr\/index.php\/boutique\/"},{"@type":"ListItem","position":3,"name":"sac"}]},{"@type":"WebSite","@id":"https:\/\/creationlespetitesfees.fr\/#website","url":"https:\/\/creationlespetitesfees.fr\/","name":"cr\u00e9ation les petites f\u00e9es","description":"","publisher":{"@id":"https:\/\/creationlespetitesfees.fr\/#organization"},"potentialAction":[{"@type":"SearchAction","target":{"@type":"EntryPoint","urlTemplate":"https:\/\/creationlespetitesfees.fr\/?s={search_term_string}"},"query-input":{"@type":"PropertyValueSpecification","valueRequired":true,"valueName":"search_term_string"}}],"inLanguage":"fr-FR"},{"@type":"Organization","@id":"https:\/\/creationlespetitesfees.fr\/#organization","name":"cr\u00e9ation les petites f\u00e9es","url":"https:\/\/creationlespetitesfees.fr\/","logo":{"@type":"ImageObject","inLanguage":"fr-FR","@id":"https:\/\/creationlespetitesfees.fr\/#\/schema\/logo\/image\/","url":"https:\/\/creationlespetitesfees.fr\/wp-content\/uploads\/2026\/03\/cropped-cropped-cropped-Annie-2.png","contentUrl":"https:\/\/creationlespetitesfees.fr\/wp-content\/uploads\/2026\/03\/cropped-cropped-cropped-Annie-2.png","width":704,"height":391,"caption":"cr\u00e9ation les petites f\u00e9es"},"image":{"@id":"https:\/\/creationlespetitesfees.fr\/#\/schema\/logo\/image\/"}}]}},"_links":{"self":[{"href":"https:\/\/creationlespetitesfees.fr\/index.php\/wp-json\/wp\/v2\/product\/1003","targetHints":{"allow":["GET"]}}],"collection":[{"href":"https:\/\/creationlespetitesfees.fr\/index.php\/wp-json\/wp\/v2\/product"}],"about":[{"href":"https:\/\/creationlespetitesfees.fr\/index.php\/wp-json\/wp\/v2\/types\/product"}],"replies":[{"embeddable":true,"href":"https:\/\/creationlespetitesfees.fr\/index.php\/wp-json\/wp\/v2\/comments?post=1003"}],"wp:featuredmedia":[{"embeddable":true,"href":"https:\/\/creationlespetitesfees.fr\/index.php\/wp-json\/wp\/v2\/media\/1238"}],"wp:attachment":[{"href":"https:\/\/creationlespetitesfees.fr\/index.php\/wp-json\/wp\/v2\/media?parent=1003"}],"wp:term":[{"taxonomy":"product_brand","embeddable":true,"href":"https:\/\/creationlespetitesfees.fr\/index.php\/wp-json\/wp\/v2\/product_brand?post=1003"},{"taxonomy":"product_cat","embeddable":true,"href":"https:\/\/creationlespetitesfees.fr\/index.php\/wp-json\/wp\/v2\/product_cat?post=1003"},{"taxonomy":"product_tag","embeddable":true,"href":"https:\/\/creationlespetitesfees.fr\/index.php\/wp-json\/wp\/v2\/product_tag?post=1003"}],"curies":[{"name":"wp","href":"https:\/\/api.w.org\/{rel}","templated":true}]}}