{"id":1005,"date":"2026-03-20T13:14:02","date_gmt":"2026-03-20T13:14:02","guid":{"rendered":"http:\/\/creationlespetitesfees.fr\/?post_type=product&#038;p=1005"},"modified":"2026-04-14T11:54:16","modified_gmt":"2026-04-14T11:54:16","slug":"tapis-de-souris","status":"publish","type":"product","link":"https:\/\/creationlespetitesfees.fr\/index.php\/produit\/tapis-de-souris\/","title":{"rendered":"Tapis de souris"},"content":{"rendered":"<p><em>Transformez votre espace de travail ou offrez un cadeau unique avec notre tapis de souris con\u00e7u pour la sublimation. Sa surface lisse et adapt\u00e9e garantit un rendu net et durable pour tous vos designs : photos, logos, illustrations ou texte. Confortable et fonctionnel, ce tapis offre un support agr\u00e9able pour la souris, avec une base antid\u00e9rapante qui assure une stabilit\u00e9 optimale sur tous typer de bureaux. L\u00e9ger et pratique, il est parfait pour usage quotidien \u00e0 la maison ou au bureau. Id\u00e9al pour les cr\u00e9ateurs, les entreprises ou les particuliers, ce tapis de souris sublimation allie utilit\u00e9 et personnalisation infinie.<\/em><\/p>\n<p>Surface adapt\u00e9e a\u00e0 la sublimation pour un rendu haute qualit\u00e9<\/p>\n<p>Base antid\u00e9rapante pour plus de stabilit\u00e9<\/p>\n<p>Personnalisation illimit\u00e9e( photo, logo texte)<\/p>\n<p>Confortable pour un usage quotidien<\/p>\n<p>Id\u00e9al pour cadeaux, promotions ou cr\u00e9ations personnelles<\/p>\n","protected":false},"excerpt":{"rendered":"<p><em>Mati\u00e8re : polyester \/ mousse pour sublimation\u00a0<\/em><\/p>\n<p>Base : antid\u00e9rapante en caoutchouc<\/p>\n<p>Dimensions : standard ( environ 22 x 18cm )<\/p>\n<p>Personnalis\u00e9e : photo ou texte<\/p>\n","protected":false},"featured_media":1240,"comment_status":"open","ping_status":"closed","template":"","meta":{"sfsi_plus_gutenberg_text_before_share":"","sfsi_plus_gutenberg_show_text_before_share":"","sfsi_plus_gutenberg_icon_type":"","sfsi_plus_gutenberg_icon_alignemt":"","sfsi_plus_gutenburg_max_per_row":""},"product_brand":[],"product_cat":[36],"product_tag":[],"class_list":{"0":"post-1005","1":"product","2":"type-product","3":"status-publish","4":"has-post-thumbnail","6":"product_cat-tapis-de-souris","8":"entry","9":"has-media","11":"first","12":"instock","13":"taxable","14":"shipping-taxable","15":"purchasable","16":"product-type-variable","17":"has-product-nav","18":"col","19":"span_1_of_3","20":"owp-content-center","21":"owp-thumbs-layout-horizontal","22":"owp-btn-normal","23":"owp-tabs-layout-horizontal"},"yoast_head":"<!-- This site is optimized with the Yoast SEO plugin v27.5 - https:\/\/yoast.com\/product\/yoast-seo-wordpress\/ -->\n<title>Tapis de souris - cr\u00e9ation les petites f\u00e9es<\/title>\n<meta name=\"robots\" content=\"index, follow, max-snippet:-1, max-image-preview:large, max-video-preview:-1\" \/>\n<link rel=\"canonical\" href=\"https:\/\/creationlespetitesfees.fr\/index.php\/produit\/tapis-de-souris\/\" \/>\n<meta property=\"og:locale\" content=\"fr_FR\" \/>\n<meta property=\"og:type\" content=\"article\" \/>\n<meta property=\"og:title\" content=\"Tapis de souris - cr\u00e9ation les petites f\u00e9es\" \/>\n<meta property=\"og:description\" content=\"Mati\u00e8re : polyester \/ mousse pour sublimation\u00a0  Base : antid\u00e9rapante en caoutchouc  Dimensions : standard ( environ 22 x 18cm )  Personnalis\u00e9e : photo ou texte\" \/>\n<meta property=\"og:url\" content=\"https:\/\/creationlespetitesfees.fr\/index.php\/produit\/tapis-de-souris\/\" \/>\n<meta property=\"og:site_name\" content=\"cr\u00e9ation les petites f\u00e9es\" \/>\n<meta property=\"article:modified_time\" content=\"2026-04-14T11:54:16+00:00\" \/>\n<meta property=\"og:image\" content=\"http:\/\/creationlespetitesfees.fr\/wp-content\/uploads\/2026\/03\/1-1.png\" \/>\n\t<meta property=\"og:image:width\" content=\"2000\" \/>\n\t<meta property=\"og:image:height\" content=\"1636\" \/>\n\t<meta property=\"og:image:type\" content=\"image\/png\" \/>\n<meta name=\"twitter:card\" content=\"summary_large_image\" \/>\n<meta name=\"twitter:label1\" content=\"Dur\u00e9e de lecture estim\u00e9e\" \/>\n\t<meta name=\"twitter:data1\" content=\"1 minute\" \/>\n<script type=\"application\/ld+json\" class=\"yoast-schema-graph\">{\"@context\":\"https:\\\/\\\/schema.org\",\"@graph\":[{\"@type\":\"WebPage\",\"@id\":\"https:\\\/\\\/creationlespetitesfees.fr\\\/index.php\\\/produit\\\/tapis-de-souris\\\/\",\"url\":\"https:\\\/\\\/creationlespetitesfees.fr\\\/index.php\\\/produit\\\/tapis-de-souris\\\/\",\"name\":\"Tapis de souris - cr\u00e9ation les petites f\u00e9es\",\"isPartOf\":{\"@id\":\"https:\\\/\\\/creationlespetitesfees.fr\\\/#website\"},\"primaryImageOfPage\":{\"@id\":\"https:\\\/\\\/creationlespetitesfees.fr\\\/index.php\\\/produit\\\/tapis-de-souris\\\/#primaryimage\"},\"image\":{\"@id\":\"https:\\\/\\\/creationlespetitesfees.fr\\\/index.php\\\/produit\\\/tapis-de-souris\\\/#primaryimage\"},\"thumbnailUrl\":\"https:\\\/\\\/creationlespetitesfees.fr\\\/wp-content\\\/uploads\\\/2026\\\/03\\\/1-1.png\",\"datePublished\":\"2026-03-20T13:14:02+00:00\",\"dateModified\":\"2026-04-14T11:54:16+00:00\",\"breadcrumb\":{\"@id\":\"https:\\\/\\\/creationlespetitesfees.fr\\\/index.php\\\/produit\\\/tapis-de-souris\\\/#breadcrumb\"},\"inLanguage\":\"fr-FR\",\"potentialAction\":[{\"@type\":\"ReadAction\",\"target\":[\"https:\\\/\\\/creationlespetitesfees.fr\\\/index.php\\\/produit\\\/tapis-de-souris\\\/\"]}]},{\"@type\":\"ImageObject\",\"inLanguage\":\"fr-FR\",\"@id\":\"https:\\\/\\\/creationlespetitesfees.fr\\\/index.php\\\/produit\\\/tapis-de-souris\\\/#primaryimage\",\"url\":\"https:\\\/\\\/creationlespetitesfees.fr\\\/wp-content\\\/uploads\\\/2026\\\/03\\\/1-1.png\",\"contentUrl\":\"https:\\\/\\\/creationlespetitesfees.fr\\\/wp-content\\\/uploads\\\/2026\\\/03\\\/1-1.png\",\"width\":2000,\"height\":1636},{\"@type\":\"BreadcrumbList\",\"@id\":\"https:\\\/\\\/creationlespetitesfees.fr\\\/index.php\\\/produit\\\/tapis-de-souris\\\/#breadcrumb\",\"itemListElement\":[{\"@type\":\"ListItem\",\"position\":1,\"name\":\"Accueil\",\"item\":\"https:\\\/\\\/creationlespetitesfees.fr\\\/\"},{\"@type\":\"ListItem\",\"position\":2,\"name\":\"Boutique\",\"item\":\"https:\\\/\\\/creationlespetitesfees.fr\\\/index.php\\\/boutique\\\/\"},{\"@type\":\"ListItem\",\"position\":3,\"name\":\"Tapis de souris\"}]},{\"@type\":\"WebSite\",\"@id\":\"https:\\\/\\\/creationlespetitesfees.fr\\\/#website\",\"url\":\"https:\\\/\\\/creationlespetitesfees.fr\\\/\",\"name\":\"cr\u00e9ation les petites f\u00e9es\",\"description\":\"\",\"publisher\":{\"@id\":\"https:\\\/\\\/creationlespetitesfees.fr\\\/#organization\"},\"potentialAction\":[{\"@type\":\"SearchAction\",\"target\":{\"@type\":\"EntryPoint\",\"urlTemplate\":\"https:\\\/\\\/creationlespetitesfees.fr\\\/?s={search_term_string}\"},\"query-input\":{\"@type\":\"PropertyValueSpecification\",\"valueRequired\":true,\"valueName\":\"search_term_string\"}}],\"inLanguage\":\"fr-FR\"},{\"@type\":\"Organization\",\"@id\":\"https:\\\/\\\/creationlespetitesfees.fr\\\/#organization\",\"name\":\"cr\u00e9ation les petites f\u00e9es\",\"url\":\"https:\\\/\\\/creationlespetitesfees.fr\\\/\",\"logo\":{\"@type\":\"ImageObject\",\"inLanguage\":\"fr-FR\",\"@id\":\"https:\\\/\\\/creationlespetitesfees.fr\\\/#\\\/schema\\\/logo\\\/image\\\/\",\"url\":\"https:\\\/\\\/creationlespetitesfees.fr\\\/wp-content\\\/uploads\\\/2026\\\/03\\\/cropped-cropped-cropped-Annie-2.png\",\"contentUrl\":\"https:\\\/\\\/creationlespetitesfees.fr\\\/wp-content\\\/uploads\\\/2026\\\/03\\\/cropped-cropped-cropped-Annie-2.png\",\"width\":704,\"height\":391,\"caption\":\"cr\u00e9ation les petites f\u00e9es\"},\"image\":{\"@id\":\"https:\\\/\\\/creationlespetitesfees.fr\\\/#\\\/schema\\\/logo\\\/image\\\/\"}}]}<\/script>\n<!-- \/ Yoast SEO plugin. -->","yoast_head_json":{"title":"Tapis de souris - cr\u00e9ation les petites f\u00e9es","robots":{"index":"index","follow":"follow","max-snippet":"max-snippet:-1","max-image-preview":"max-image-preview:large","max-video-preview":"max-video-preview:-1"},"canonical":"https:\/\/creationlespetitesfees.fr\/index.php\/produit\/tapis-de-souris\/","og_locale":"fr_FR","og_type":"article","og_title":"Tapis de souris - cr\u00e9ation les petites f\u00e9es","og_description":"Mati\u00e8re : polyester \/ mousse pour sublimation\u00a0  Base : antid\u00e9rapante en caoutchouc  Dimensions : standard ( environ 22 x 18cm )  Personnalis\u00e9e : photo ou texte","og_url":"https:\/\/creationlespetitesfees.fr\/index.php\/produit\/tapis-de-souris\/","og_site_name":"cr\u00e9ation les petites f\u00e9es","article_modified_time":"2026-04-14T11:54:16+00:00","og_image":[{"width":2000,"height":1636,"url":"http:\/\/creationlespetitesfees.fr\/wp-content\/uploads\/2026\/03\/1-1.png","type":"image\/png"}],"twitter_card":"summary_large_image","twitter_misc":{"Dur\u00e9e de lecture estim\u00e9e":"1 minute"},"schema":{"@context":"https:\/\/schema.org","@graph":[{"@type":"WebPage","@id":"https:\/\/creationlespetitesfees.fr\/index.php\/produit\/tapis-de-souris\/","url":"https:\/\/creationlespetitesfees.fr\/index.php\/produit\/tapis-de-souris\/","name":"Tapis de souris - cr\u00e9ation les petites f\u00e9es","isPartOf":{"@id":"https:\/\/creationlespetitesfees.fr\/#website"},"primaryImageOfPage":{"@id":"https:\/\/creationlespetitesfees.fr\/index.php\/produit\/tapis-de-souris\/#primaryimage"},"image":{"@id":"https:\/\/creationlespetitesfees.fr\/index.php\/produit\/tapis-de-souris\/#primaryimage"},"thumbnailUrl":"https:\/\/creationlespetitesfees.fr\/wp-content\/uploads\/2026\/03\/1-1.png","datePublished":"2026-03-20T13:14:02+00:00","dateModified":"2026-04-14T11:54:16+00:00","breadcrumb":{"@id":"https:\/\/creationlespetitesfees.fr\/index.php\/produit\/tapis-de-souris\/#breadcrumb"},"inLanguage":"fr-FR","potentialAction":[{"@type":"ReadAction","target":["https:\/\/creationlespetitesfees.fr\/index.php\/produit\/tapis-de-souris\/"]}]},{"@type":"ImageObject","inLanguage":"fr-FR","@id":"https:\/\/creationlespetitesfees.fr\/index.php\/produit\/tapis-de-souris\/#primaryimage","url":"https:\/\/creationlespetitesfees.fr\/wp-content\/uploads\/2026\/03\/1-1.png","contentUrl":"https:\/\/creationlespetitesfees.fr\/wp-content\/uploads\/2026\/03\/1-1.png","width":2000,"height":1636},{"@type":"BreadcrumbList","@id":"https:\/\/creationlespetitesfees.fr\/index.php\/produit\/tapis-de-souris\/#breadcrumb","itemListElement":[{"@type":"ListItem","position":1,"name":"Accueil","item":"https:\/\/creationlespetitesfees.fr\/"},{"@type":"ListItem","position":2,"name":"Boutique","item":"https:\/\/creationlespetitesfees.fr\/index.php\/boutique\/"},{"@type":"ListItem","position":3,"name":"Tapis de souris"}]},{"@type":"WebSite","@id":"https:\/\/creationlespetitesfees.fr\/#website","url":"https:\/\/creationlespetitesfees.fr\/","name":"cr\u00e9ation les petites f\u00e9es","description":"","publisher":{"@id":"https:\/\/creationlespetitesfees.fr\/#organization"},"potentialAction":[{"@type":"SearchAction","target":{"@type":"EntryPoint","urlTemplate":"https:\/\/creationlespetitesfees.fr\/?s={search_term_string}"},"query-input":{"@type":"PropertyValueSpecification","valueRequired":true,"valueName":"search_term_string"}}],"inLanguage":"fr-FR"},{"@type":"Organization","@id":"https:\/\/creationlespetitesfees.fr\/#organization","name":"cr\u00e9ation les petites f\u00e9es","url":"https:\/\/creationlespetitesfees.fr\/","logo":{"@type":"ImageObject","inLanguage":"fr-FR","@id":"https:\/\/creationlespetitesfees.fr\/#\/schema\/logo\/image\/","url":"https:\/\/creationlespetitesfees.fr\/wp-content\/uploads\/2026\/03\/cropped-cropped-cropped-Annie-2.png","contentUrl":"https:\/\/creationlespetitesfees.fr\/wp-content\/uploads\/2026\/03\/cropped-cropped-cropped-Annie-2.png","width":704,"height":391,"caption":"cr\u00e9ation les petites f\u00e9es"},"image":{"@id":"https:\/\/creationlespetitesfees.fr\/#\/schema\/logo\/image\/"}}]}},"_links":{"self":[{"href":"https:\/\/creationlespetitesfees.fr\/index.php\/wp-json\/wp\/v2\/product\/1005","targetHints":{"allow":["GET"]}}],"collection":[{"href":"https:\/\/creationlespetitesfees.fr\/index.php\/wp-json\/wp\/v2\/product"}],"about":[{"href":"https:\/\/creationlespetitesfees.fr\/index.php\/wp-json\/wp\/v2\/types\/product"}],"replies":[{"embeddable":true,"href":"https:\/\/creationlespetitesfees.fr\/index.php\/wp-json\/wp\/v2\/comments?post=1005"}],"wp:featuredmedia":[{"embeddable":true,"href":"https:\/\/creationlespetitesfees.fr\/index.php\/wp-json\/wp\/v2\/media\/1240"}],"wp:attachment":[{"href":"https:\/\/creationlespetitesfees.fr\/index.php\/wp-json\/wp\/v2\/media?parent=1005"}],"wp:term":[{"taxonomy":"product_brand","embeddable":true,"href":"https:\/\/creationlespetitesfees.fr\/index.php\/wp-json\/wp\/v2\/product_brand?post=1005"},{"taxonomy":"product_cat","embeddable":true,"href":"https:\/\/creationlespetitesfees.fr\/index.php\/wp-json\/wp\/v2\/product_cat?post=1005"},{"taxonomy":"product_tag","embeddable":true,"href":"https:\/\/creationlespetitesfees.fr\/index.php\/wp-json\/wp\/v2\/product_tag?post=1005"}],"curies":[{"name":"wp","href":"https:\/\/api.w.org\/{rel}","templated":true}]}}