{"id":736,"date":"2026-03-10T15:14:58","date_gmt":"2026-03-10T15:14:58","guid":{"rendered":"https:\/\/creationlespetitesfees.fr\/?post_type=product&#038;p=736"},"modified":"2026-04-13T16:37:17","modified_gmt":"2026-04-13T16:37:17","slug":"coussin-de-naissance","status":"publish","type":"product","link":"https:\/\/creationlespetitesfees.fr\/index.php\/produit\/coussin-de-naissance\/","title":{"rendered":"Coussin de naissance"},"content":{"rendered":"<p>&nbsp;<\/p>\n<p>C\u00e9l\u00e9brez l&rsquo;arriv\u00e9e de b\u00e9b\u00e9 avec notre housse et coussin de naissance, un accessoire \u00e0 la fois d\u00e9coratif et charg\u00e9 d&rsquo;\u00e9motion. Personnalisable avec les informations de naissance ( pr\u00e9nom, date, heure, poids, taille) il devient un souvenir pr\u00e9cieux \u00e0 conserver toute une vie. Confectionn\u00e9e avec soin, la housse offre une texture douce et agr\u00e9able au touche, id\u00e9ale pour la chambre du b\u00e9b\u00e9. Le coussin moelleux assure un joli maintien et apporte une touche chaleureuse et tendance \u00e0 votre d\u00e9coration. Parfait comme cadeaux de naissance, ce coussin personnalis\u00e9 s&rsquo;int\u00e8gre harmonieusement dans tous les univers.<\/p>\n<p>La housse et le coussin inclus avec<\/p>\n<p>Id\u00e9e cadeau de naissance originale et pleine d&rsquo;\u00e9motion<\/p>\n","protected":false},"excerpt":{"rendered":"<p>HOUSSE : <em> 40.64&#215;40.64cm <\/em> <em>Polyester\u00a0 avec fermeture \u00e9clair<\/em><\/p>\n<p>COUSSIN : 40.40&#215;40.40cm Tissu 100% Polypropyl\u00e8ne\/Garnisage : 100% poli\u00e8ster<\/p>\n<p><em>Lavable en Machine a 40\u00b0<\/em><\/p>\n<p>Personnalisation compl\u00e8te (pr\u00e9nom, date, heure, poids, taille )<\/p>\n<p>&nbsp;<\/p>\n<p>&nbsp;<\/p>\n","protected":false},"featured_media":77,"comment_status":"open","ping_status":"closed","template":"","meta":{"sfsi_plus_gutenberg_text_before_share":"","sfsi_plus_gutenberg_show_text_before_share":"","sfsi_plus_gutenberg_icon_type":"","sfsi_plus_gutenberg_icon_alignemt":"","sfsi_plus_gutenburg_max_per_row":""},"product_brand":[],"product_cat":[17],"product_tag":[],"class_list":{"0":"post-736","1":"product","2":"type-product","3":"status-publish","4":"has-post-thumbnail","6":"product_cat-coussin-de-naissance","8":"entry","9":"has-media","11":"first","12":"instock","13":"taxable","14":"shipping-taxable","15":"purchasable","16":"product-type-variable","17":"has-product-nav","18":"col","19":"span_1_of_3","20":"owp-content-center","21":"owp-thumbs-layout-horizontal","22":"owp-btn-normal","23":"owp-tabs-layout-horizontal"},"yoast_head":"<!-- This site is optimized with the Yoast SEO plugin v27.5 - https:\/\/yoast.com\/product\/yoast-seo-wordpress\/ -->\n<title>Coussin de naissance - cr\u00e9ation les petites f\u00e9es<\/title>\n<meta name=\"robots\" content=\"index, follow, max-snippet:-1, max-image-preview:large, max-video-preview:-1\" \/>\n<link rel=\"canonical\" href=\"https:\/\/creationlespetitesfees.fr\/index.php\/produit\/coussin-de-naissance\/\" \/>\n<meta property=\"og:locale\" content=\"fr_FR\" \/>\n<meta property=\"og:type\" content=\"article\" \/>\n<meta property=\"og:title\" content=\"Coussin de naissance - cr\u00e9ation les petites f\u00e9es\" \/>\n<meta property=\"og:description\" content=\"HOUSSE : 40.64x40.64cm Polyester\u00a0 avec fermeture \u00e9clair  COUSSIN : 40.40x40.40cm Tissu 100% Polypropyl\u00e8ne\/Garnisage : 100% poli\u00e8ster  Lavable en Machine a 40\u00b0  Personnalisation compl\u00e8te (pr\u00e9nom, date, heure, poids, taille )  &nbsp;  &nbsp;\" \/>\n<meta property=\"og:url\" content=\"https:\/\/creationlespetitesfees.fr\/index.php\/produit\/coussin-de-naissance\/\" \/>\n<meta property=\"og:site_name\" content=\"cr\u00e9ation les petites f\u00e9es\" \/>\n<meta property=\"article:modified_time\" content=\"2026-04-13T16:37:17+00:00\" \/>\n<meta property=\"og:image\" content=\"https:\/\/creationlespetitesfees.fr\/wp-content\/uploads\/2026\/02\/IMG_0435.jpeg\" \/>\n\t<meta property=\"og:image:width\" content=\"1320\" \/>\n\t<meta property=\"og:image:height\" content=\"1261\" \/>\n\t<meta property=\"og:image:type\" content=\"image\/jpeg\" \/>\n<meta name=\"twitter:card\" content=\"summary_large_image\" \/>\n<meta name=\"twitter:label1\" content=\"Dur\u00e9e de lecture estim\u00e9e\" \/>\n\t<meta name=\"twitter:data1\" content=\"1 minute\" \/>\n<script type=\"application\/ld+json\" class=\"yoast-schema-graph\">{\"@context\":\"https:\\\/\\\/schema.org\",\"@graph\":[{\"@type\":\"WebPage\",\"@id\":\"https:\\\/\\\/creationlespetitesfees.fr\\\/index.php\\\/produit\\\/coussin-de-naissance\\\/\",\"url\":\"https:\\\/\\\/creationlespetitesfees.fr\\\/index.php\\\/produit\\\/coussin-de-naissance\\\/\",\"name\":\"Coussin de naissance - cr\u00e9ation les petites f\u00e9es\",\"isPartOf\":{\"@id\":\"https:\\\/\\\/creationlespetitesfees.fr\\\/#website\"},\"primaryImageOfPage\":{\"@id\":\"https:\\\/\\\/creationlespetitesfees.fr\\\/index.php\\\/produit\\\/coussin-de-naissance\\\/#primaryimage\"},\"image\":{\"@id\":\"https:\\\/\\\/creationlespetitesfees.fr\\\/index.php\\\/produit\\\/coussin-de-naissance\\\/#primaryimage\"},\"thumbnailUrl\":\"https:\\\/\\\/creationlespetitesfees.fr\\\/wp-content\\\/uploads\\\/2026\\\/02\\\/IMG_0435.jpeg\",\"datePublished\":\"2026-03-10T15:14:58+00:00\",\"dateModified\":\"2026-04-13T16:37:17+00:00\",\"breadcrumb\":{\"@id\":\"https:\\\/\\\/creationlespetitesfees.fr\\\/index.php\\\/produit\\\/coussin-de-naissance\\\/#breadcrumb\"},\"inLanguage\":\"fr-FR\",\"potentialAction\":[{\"@type\":\"ReadAction\",\"target\":[\"https:\\\/\\\/creationlespetitesfees.fr\\\/index.php\\\/produit\\\/coussin-de-naissance\\\/\"]}]},{\"@type\":\"ImageObject\",\"inLanguage\":\"fr-FR\",\"@id\":\"https:\\\/\\\/creationlespetitesfees.fr\\\/index.php\\\/produit\\\/coussin-de-naissance\\\/#primaryimage\",\"url\":\"https:\\\/\\\/creationlespetitesfees.fr\\\/wp-content\\\/uploads\\\/2026\\\/02\\\/IMG_0435.jpeg\",\"contentUrl\":\"https:\\\/\\\/creationlespetitesfees.fr\\\/wp-content\\\/uploads\\\/2026\\\/02\\\/IMG_0435.jpeg\",\"width\":1320,\"height\":1261,\"caption\":\"Screenshot\"},{\"@type\":\"BreadcrumbList\",\"@id\":\"https:\\\/\\\/creationlespetitesfees.fr\\\/index.php\\\/produit\\\/coussin-de-naissance\\\/#breadcrumb\",\"itemListElement\":[{\"@type\":\"ListItem\",\"position\":1,\"name\":\"Accueil\",\"item\":\"https:\\\/\\\/creationlespetitesfees.fr\\\/\"},{\"@type\":\"ListItem\",\"position\":2,\"name\":\"Boutique\",\"item\":\"https:\\\/\\\/creationlespetitesfees.fr\\\/index.php\\\/boutique\\\/\"},{\"@type\":\"ListItem\",\"position\":3,\"name\":\"Coussin de naissance\"}]},{\"@type\":\"WebSite\",\"@id\":\"https:\\\/\\\/creationlespetitesfees.fr\\\/#website\",\"url\":\"https:\\\/\\\/creationlespetitesfees.fr\\\/\",\"name\":\"cr\u00e9ation les petites f\u00e9es\",\"description\":\"\",\"publisher\":{\"@id\":\"https:\\\/\\\/creationlespetitesfees.fr\\\/#organization\"},\"potentialAction\":[{\"@type\":\"SearchAction\",\"target\":{\"@type\":\"EntryPoint\",\"urlTemplate\":\"https:\\\/\\\/creationlespetitesfees.fr\\\/?s={search_term_string}\"},\"query-input\":{\"@type\":\"PropertyValueSpecification\",\"valueRequired\":true,\"valueName\":\"search_term_string\"}}],\"inLanguage\":\"fr-FR\"},{\"@type\":\"Organization\",\"@id\":\"https:\\\/\\\/creationlespetitesfees.fr\\\/#organization\",\"name\":\"cr\u00e9ation les petites f\u00e9es\",\"url\":\"https:\\\/\\\/creationlespetitesfees.fr\\\/\",\"logo\":{\"@type\":\"ImageObject\",\"inLanguage\":\"fr-FR\",\"@id\":\"https:\\\/\\\/creationlespetitesfees.fr\\\/#\\\/schema\\\/logo\\\/image\\\/\",\"url\":\"https:\\\/\\\/creationlespetitesfees.fr\\\/wp-content\\\/uploads\\\/2026\\\/03\\\/cropped-cropped-cropped-Annie-2.png\",\"contentUrl\":\"https:\\\/\\\/creationlespetitesfees.fr\\\/wp-content\\\/uploads\\\/2026\\\/03\\\/cropped-cropped-cropped-Annie-2.png\",\"width\":704,\"height\":391,\"caption\":\"cr\u00e9ation les petites f\u00e9es\"},\"image\":{\"@id\":\"https:\\\/\\\/creationlespetitesfees.fr\\\/#\\\/schema\\\/logo\\\/image\\\/\"}}]}<\/script>\n<!-- \/ Yoast SEO plugin. -->","yoast_head_json":{"title":"Coussin de naissance - cr\u00e9ation les petites f\u00e9es","robots":{"index":"index","follow":"follow","max-snippet":"max-snippet:-1","max-image-preview":"max-image-preview:large","max-video-preview":"max-video-preview:-1"},"canonical":"https:\/\/creationlespetitesfees.fr\/index.php\/produit\/coussin-de-naissance\/","og_locale":"fr_FR","og_type":"article","og_title":"Coussin de naissance - cr\u00e9ation les petites f\u00e9es","og_description":"HOUSSE : 40.64x40.64cm Polyester\u00a0 avec fermeture \u00e9clair  COUSSIN : 40.40x40.40cm Tissu 100% Polypropyl\u00e8ne\/Garnisage : 100% poli\u00e8ster  Lavable en Machine a 40\u00b0  Personnalisation compl\u00e8te (pr\u00e9nom, date, heure, poids, taille )  &nbsp;  &nbsp;","og_url":"https:\/\/creationlespetitesfees.fr\/index.php\/produit\/coussin-de-naissance\/","og_site_name":"cr\u00e9ation les petites f\u00e9es","article_modified_time":"2026-04-13T16:37:17+00:00","og_image":[{"width":1320,"height":1261,"url":"https:\/\/creationlespetitesfees.fr\/wp-content\/uploads\/2026\/02\/IMG_0435.jpeg","type":"image\/jpeg"}],"twitter_card":"summary_large_image","twitter_misc":{"Dur\u00e9e de lecture estim\u00e9e":"1 minute"},"schema":{"@context":"https:\/\/schema.org","@graph":[{"@type":"WebPage","@id":"https:\/\/creationlespetitesfees.fr\/index.php\/produit\/coussin-de-naissance\/","url":"https:\/\/creationlespetitesfees.fr\/index.php\/produit\/coussin-de-naissance\/","name":"Coussin de naissance - cr\u00e9ation les petites f\u00e9es","isPartOf":{"@id":"https:\/\/creationlespetitesfees.fr\/#website"},"primaryImageOfPage":{"@id":"https:\/\/creationlespetitesfees.fr\/index.php\/produit\/coussin-de-naissance\/#primaryimage"},"image":{"@id":"https:\/\/creationlespetitesfees.fr\/index.php\/produit\/coussin-de-naissance\/#primaryimage"},"thumbnailUrl":"https:\/\/creationlespetitesfees.fr\/wp-content\/uploads\/2026\/02\/IMG_0435.jpeg","datePublished":"2026-03-10T15:14:58+00:00","dateModified":"2026-04-13T16:37:17+00:00","breadcrumb":{"@id":"https:\/\/creationlespetitesfees.fr\/index.php\/produit\/coussin-de-naissance\/#breadcrumb"},"inLanguage":"fr-FR","potentialAction":[{"@type":"ReadAction","target":["https:\/\/creationlespetitesfees.fr\/index.php\/produit\/coussin-de-naissance\/"]}]},{"@type":"ImageObject","inLanguage":"fr-FR","@id":"https:\/\/creationlespetitesfees.fr\/index.php\/produit\/coussin-de-naissance\/#primaryimage","url":"https:\/\/creationlespetitesfees.fr\/wp-content\/uploads\/2026\/02\/IMG_0435.jpeg","contentUrl":"https:\/\/creationlespetitesfees.fr\/wp-content\/uploads\/2026\/02\/IMG_0435.jpeg","width":1320,"height":1261,"caption":"Screenshot"},{"@type":"BreadcrumbList","@id":"https:\/\/creationlespetitesfees.fr\/index.php\/produit\/coussin-de-naissance\/#breadcrumb","itemListElement":[{"@type":"ListItem","position":1,"name":"Accueil","item":"https:\/\/creationlespetitesfees.fr\/"},{"@type":"ListItem","position":2,"name":"Boutique","item":"https:\/\/creationlespetitesfees.fr\/index.php\/boutique\/"},{"@type":"ListItem","position":3,"name":"Coussin de naissance"}]},{"@type":"WebSite","@id":"https:\/\/creationlespetitesfees.fr\/#website","url":"https:\/\/creationlespetitesfees.fr\/","name":"cr\u00e9ation les petites f\u00e9es","description":"","publisher":{"@id":"https:\/\/creationlespetitesfees.fr\/#organization"},"potentialAction":[{"@type":"SearchAction","target":{"@type":"EntryPoint","urlTemplate":"https:\/\/creationlespetitesfees.fr\/?s={search_term_string}"},"query-input":{"@type":"PropertyValueSpecification","valueRequired":true,"valueName":"search_term_string"}}],"inLanguage":"fr-FR"},{"@type":"Organization","@id":"https:\/\/creationlespetitesfees.fr\/#organization","name":"cr\u00e9ation les petites f\u00e9es","url":"https:\/\/creationlespetitesfees.fr\/","logo":{"@type":"ImageObject","inLanguage":"fr-FR","@id":"https:\/\/creationlespetitesfees.fr\/#\/schema\/logo\/image\/","url":"https:\/\/creationlespetitesfees.fr\/wp-content\/uploads\/2026\/03\/cropped-cropped-cropped-Annie-2.png","contentUrl":"https:\/\/creationlespetitesfees.fr\/wp-content\/uploads\/2026\/03\/cropped-cropped-cropped-Annie-2.png","width":704,"height":391,"caption":"cr\u00e9ation les petites f\u00e9es"},"image":{"@id":"https:\/\/creationlespetitesfees.fr\/#\/schema\/logo\/image\/"}}]}},"_links":{"self":[{"href":"https:\/\/creationlespetitesfees.fr\/index.php\/wp-json\/wp\/v2\/product\/736","targetHints":{"allow":["GET"]}}],"collection":[{"href":"https:\/\/creationlespetitesfees.fr\/index.php\/wp-json\/wp\/v2\/product"}],"about":[{"href":"https:\/\/creationlespetitesfees.fr\/index.php\/wp-json\/wp\/v2\/types\/product"}],"replies":[{"embeddable":true,"href":"https:\/\/creationlespetitesfees.fr\/index.php\/wp-json\/wp\/v2\/comments?post=736"}],"wp:featuredmedia":[{"embeddable":true,"href":"https:\/\/creationlespetitesfees.fr\/index.php\/wp-json\/wp\/v2\/media\/77"}],"wp:attachment":[{"href":"https:\/\/creationlespetitesfees.fr\/index.php\/wp-json\/wp\/v2\/media?parent=736"}],"wp:term":[{"taxonomy":"product_brand","embeddable":true,"href":"https:\/\/creationlespetitesfees.fr\/index.php\/wp-json\/wp\/v2\/product_brand?post=736"},{"taxonomy":"product_cat","embeddable":true,"href":"https:\/\/creationlespetitesfees.fr\/index.php\/wp-json\/wp\/v2\/product_cat?post=736"},{"taxonomy":"product_tag","embeddable":true,"href":"https:\/\/creationlespetitesfees.fr\/index.php\/wp-json\/wp\/v2\/product_tag?post=736"}],"curies":[{"name":"wp","href":"https:\/\/api.w.org\/{rel}","templated":true}]}}