{"id":761,"date":"2026-03-10T15:52:01","date_gmt":"2026-03-10T15:52:01","guid":{"rendered":"https:\/\/creationlespetitesfees.fr\/?post_type=product&#038;p=761"},"modified":"2026-04-08T09:45:22","modified_gmt":"2026-04-08T09:45:22","slug":"bavoir","status":"publish","type":"product","link":"https:\/\/creationlespetitesfees.fr\/index.php\/produit\/bavoir\/","title":{"rendered":"BAVOIR 2 \u00e2ge"},"content":{"rendered":"<p>Accompagne votre enfant dans ses premiers repas en toute s\u00e9r\u00e9nit\u00e9 avec notre bavoir 2 \u00e2ge, sp\u00e9cialement con\u00e7u pour les b\u00e9b\u00e9 qui commencent \u00e0 manger seuls. plus grand et plus couvrant, il prot\u00e8ge efficacement les v\u00eatements tout en laissant b\u00e9b\u00e9 libre de ses mouvements. Gr\u00e2ce \u00e0 sa forme adapt\u00e9e et sa mati\u00e8re r\u00e9sistante, ce bavoir est parfait pour les repas du quotidien. il limite les taches et facilite le nettoyage apr\u00e8s chaque utilisation, pour un maximum de praticit\u00e9. Confortable et facile \u00e0 attache, il s&rsquo;ajuste parfaitement au cou de l&rsquo;enfant et reste bien en place toute la dur\u00e9e du repas.<\/p>\n<p>Format plus grand pour une protection optimale<\/p>\n<p>Id\u00e9al pour l&rsquo;apprentissage de l&rsquo;autonomie<\/p>\n<p>Mati\u00e8re r\u00e9sistante et facile \u00e0 nettoyer<\/p>\n<p>Confortable et bien ajust\u00e9<\/p>\n<p>Parfait pour un usage quotidien<\/p>\n<p>&nbsp;<\/p>\n","protected":false},"excerpt":{"rendered":"<p>\u00c2ge: environ 6 mois et +<\/p>\n<p>Mati\u00e8re: coton\/ \u00e9ponge\/ imperm\u00e9able\/ ( selon mod\u00e8le)<\/p>\n<p>Entretien: lavable en machine 40\u00b0<\/p>\n","protected":false},"featured_media":587,"comment_status":"open","ping_status":"closed","template":"","meta":{"sfsi_plus_gutenberg_text_before_share":"","sfsi_plus_gutenberg_show_text_before_share":"","sfsi_plus_gutenberg_icon_type":"","sfsi_plus_gutenberg_icon_alignemt":"","sfsi_plus_gutenburg_max_per_row":""},"product_brand":[],"product_cat":[24],"product_tag":[],"class_list":{"0":"post-761","1":"product","2":"type-product","3":"status-publish","4":"has-post-thumbnail","6":"product_cat-bavoir","8":"entry","9":"has-media","11":"first","12":"instock","13":"taxable","14":"shipping-taxable","15":"purchasable","16":"product-type-variable","17":"has-product-nav","18":"col","19":"span_1_of_3","20":"owp-content-center","21":"owp-thumbs-layout-horizontal","22":"owp-btn-normal","23":"owp-tabs-layout-horizontal"},"yoast_head":"<!-- This site is optimized with the Yoast SEO plugin v27.5 - https:\/\/yoast.com\/product\/yoast-seo-wordpress\/ -->\n<title>BAVOIR 2 \u00e2ge - cr\u00e9ation les petites f\u00e9es<\/title>\n<meta name=\"robots\" content=\"index, follow, max-snippet:-1, max-image-preview:large, max-video-preview:-1\" \/>\n<link rel=\"canonical\" href=\"https:\/\/creationlespetitesfees.fr\/index.php\/produit\/bavoir\/\" \/>\n<meta property=\"og:locale\" content=\"fr_FR\" \/>\n<meta property=\"og:type\" content=\"article\" \/>\n<meta property=\"og:title\" content=\"BAVOIR 2 \u00e2ge - cr\u00e9ation les petites f\u00e9es\" \/>\n<meta property=\"og:description\" content=\"\u00c2ge: environ 6 mois et +  Mati\u00e8re: coton\/ \u00e9ponge\/ imperm\u00e9able\/ ( selon mod\u00e8le)  Entretien: lavable en machine 40\u00b0\" \/>\n<meta property=\"og:url\" content=\"https:\/\/creationlespetitesfees.fr\/index.php\/produit\/bavoir\/\" \/>\n<meta property=\"og:site_name\" content=\"cr\u00e9ation les petites f\u00e9es\" \/>\n<meta property=\"article:modified_time\" content=\"2026-04-08T09:45:22+00:00\" \/>\n<meta property=\"og:image\" content=\"https:\/\/creationlespetitesfees.fr\/wp-content\/uploads\/2026\/03\/Untitled-design-8-768x1024.png\" \/>\n\t<meta property=\"og:image:width\" content=\"768\" \/>\n\t<meta property=\"og:image:height\" content=\"1024\" \/>\n\t<meta property=\"og:image:type\" content=\"image\/png\" \/>\n<meta name=\"twitter:card\" content=\"summary_large_image\" \/>\n<meta name=\"twitter:label1\" content=\"Dur\u00e9e de lecture estim\u00e9e\" \/>\n\t<meta name=\"twitter:data1\" content=\"1 minute\" \/>\n<script type=\"application\/ld+json\" class=\"yoast-schema-graph\">{\"@context\":\"https:\\\/\\\/schema.org\",\"@graph\":[{\"@type\":\"WebPage\",\"@id\":\"https:\\\/\\\/creationlespetitesfees.fr\\\/index.php\\\/produit\\\/bavoir\\\/\",\"url\":\"https:\\\/\\\/creationlespetitesfees.fr\\\/index.php\\\/produit\\\/bavoir\\\/\",\"name\":\"BAVOIR 2 \u00e2ge - cr\u00e9ation les petites f\u00e9es\",\"isPartOf\":{\"@id\":\"https:\\\/\\\/creationlespetitesfees.fr\\\/#website\"},\"primaryImageOfPage\":{\"@id\":\"https:\\\/\\\/creationlespetitesfees.fr\\\/index.php\\\/produit\\\/bavoir\\\/#primaryimage\"},\"image\":{\"@id\":\"https:\\\/\\\/creationlespetitesfees.fr\\\/index.php\\\/produit\\\/bavoir\\\/#primaryimage\"},\"thumbnailUrl\":\"https:\\\/\\\/creationlespetitesfees.fr\\\/wp-content\\\/uploads\\\/2026\\\/03\\\/Untitled-design-8.png\",\"datePublished\":\"2026-03-10T15:52:01+00:00\",\"dateModified\":\"2026-04-08T09:45:22+00:00\",\"breadcrumb\":{\"@id\":\"https:\\\/\\\/creationlespetitesfees.fr\\\/index.php\\\/produit\\\/bavoir\\\/#breadcrumb\"},\"inLanguage\":\"fr-FR\",\"potentialAction\":[{\"@type\":\"ReadAction\",\"target\":[\"https:\\\/\\\/creationlespetitesfees.fr\\\/index.php\\\/produit\\\/bavoir\\\/\"]}]},{\"@type\":\"ImageObject\",\"inLanguage\":\"fr-FR\",\"@id\":\"https:\\\/\\\/creationlespetitesfees.fr\\\/index.php\\\/produit\\\/bavoir\\\/#primaryimage\",\"url\":\"https:\\\/\\\/creationlespetitesfees.fr\\\/wp-content\\\/uploads\\\/2026\\\/03\\\/Untitled-design-8.png\",\"contentUrl\":\"https:\\\/\\\/creationlespetitesfees.fr\\\/wp-content\\\/uploads\\\/2026\\\/03\\\/Untitled-design-8.png\",\"width\":1536,\"height\":2048},{\"@type\":\"BreadcrumbList\",\"@id\":\"https:\\\/\\\/creationlespetitesfees.fr\\\/index.php\\\/produit\\\/bavoir\\\/#breadcrumb\",\"itemListElement\":[{\"@type\":\"ListItem\",\"position\":1,\"name\":\"Accueil\",\"item\":\"https:\\\/\\\/creationlespetitesfees.fr\\\/\"},{\"@type\":\"ListItem\",\"position\":2,\"name\":\"Boutique\",\"item\":\"https:\\\/\\\/creationlespetitesfees.fr\\\/index.php\\\/boutique\\\/\"},{\"@type\":\"ListItem\",\"position\":3,\"name\":\"BAVOIR 2 \u00e2ge\"}]},{\"@type\":\"WebSite\",\"@id\":\"https:\\\/\\\/creationlespetitesfees.fr\\\/#website\",\"url\":\"https:\\\/\\\/creationlespetitesfees.fr\\\/\",\"name\":\"cr\u00e9ation les petites f\u00e9es\",\"description\":\"\",\"publisher\":{\"@id\":\"https:\\\/\\\/creationlespetitesfees.fr\\\/#organization\"},\"potentialAction\":[{\"@type\":\"SearchAction\",\"target\":{\"@type\":\"EntryPoint\",\"urlTemplate\":\"https:\\\/\\\/creationlespetitesfees.fr\\\/?s={search_term_string}\"},\"query-input\":{\"@type\":\"PropertyValueSpecification\",\"valueRequired\":true,\"valueName\":\"search_term_string\"}}],\"inLanguage\":\"fr-FR\"},{\"@type\":\"Organization\",\"@id\":\"https:\\\/\\\/creationlespetitesfees.fr\\\/#organization\",\"name\":\"cr\u00e9ation les petites f\u00e9es\",\"url\":\"https:\\\/\\\/creationlespetitesfees.fr\\\/\",\"logo\":{\"@type\":\"ImageObject\",\"inLanguage\":\"fr-FR\",\"@id\":\"https:\\\/\\\/creationlespetitesfees.fr\\\/#\\\/schema\\\/logo\\\/image\\\/\",\"url\":\"https:\\\/\\\/creationlespetitesfees.fr\\\/wp-content\\\/uploads\\\/2026\\\/03\\\/cropped-cropped-cropped-Annie-2.png\",\"contentUrl\":\"https:\\\/\\\/creationlespetitesfees.fr\\\/wp-content\\\/uploads\\\/2026\\\/03\\\/cropped-cropped-cropped-Annie-2.png\",\"width\":704,\"height\":391,\"caption\":\"cr\u00e9ation les petites f\u00e9es\"},\"image\":{\"@id\":\"https:\\\/\\\/creationlespetitesfees.fr\\\/#\\\/schema\\\/logo\\\/image\\\/\"}}]}<\/script>\n<!-- \/ Yoast SEO plugin. -->","yoast_head_json":{"title":"BAVOIR 2 \u00e2ge - cr\u00e9ation les petites f\u00e9es","robots":{"index":"index","follow":"follow","max-snippet":"max-snippet:-1","max-image-preview":"max-image-preview:large","max-video-preview":"max-video-preview:-1"},"canonical":"https:\/\/creationlespetitesfees.fr\/index.php\/produit\/bavoir\/","og_locale":"fr_FR","og_type":"article","og_title":"BAVOIR 2 \u00e2ge - cr\u00e9ation les petites f\u00e9es","og_description":"\u00c2ge: environ 6 mois et +  Mati\u00e8re: coton\/ \u00e9ponge\/ imperm\u00e9able\/ ( selon mod\u00e8le)  Entretien: lavable en machine 40\u00b0","og_url":"https:\/\/creationlespetitesfees.fr\/index.php\/produit\/bavoir\/","og_site_name":"cr\u00e9ation les petites f\u00e9es","article_modified_time":"2026-04-08T09:45:22+00:00","og_image":[{"width":768,"height":1024,"url":"https:\/\/creationlespetitesfees.fr\/wp-content\/uploads\/2026\/03\/Untitled-design-8-768x1024.png","type":"image\/png"}],"twitter_card":"summary_large_image","twitter_misc":{"Dur\u00e9e de lecture estim\u00e9e":"1 minute"},"schema":{"@context":"https:\/\/schema.org","@graph":[{"@type":"WebPage","@id":"https:\/\/creationlespetitesfees.fr\/index.php\/produit\/bavoir\/","url":"https:\/\/creationlespetitesfees.fr\/index.php\/produit\/bavoir\/","name":"BAVOIR 2 \u00e2ge - cr\u00e9ation les petites f\u00e9es","isPartOf":{"@id":"https:\/\/creationlespetitesfees.fr\/#website"},"primaryImageOfPage":{"@id":"https:\/\/creationlespetitesfees.fr\/index.php\/produit\/bavoir\/#primaryimage"},"image":{"@id":"https:\/\/creationlespetitesfees.fr\/index.php\/produit\/bavoir\/#primaryimage"},"thumbnailUrl":"https:\/\/creationlespetitesfees.fr\/wp-content\/uploads\/2026\/03\/Untitled-design-8.png","datePublished":"2026-03-10T15:52:01+00:00","dateModified":"2026-04-08T09:45:22+00:00","breadcrumb":{"@id":"https:\/\/creationlespetitesfees.fr\/index.php\/produit\/bavoir\/#breadcrumb"},"inLanguage":"fr-FR","potentialAction":[{"@type":"ReadAction","target":["https:\/\/creationlespetitesfees.fr\/index.php\/produit\/bavoir\/"]}]},{"@type":"ImageObject","inLanguage":"fr-FR","@id":"https:\/\/creationlespetitesfees.fr\/index.php\/produit\/bavoir\/#primaryimage","url":"https:\/\/creationlespetitesfees.fr\/wp-content\/uploads\/2026\/03\/Untitled-design-8.png","contentUrl":"https:\/\/creationlespetitesfees.fr\/wp-content\/uploads\/2026\/03\/Untitled-design-8.png","width":1536,"height":2048},{"@type":"BreadcrumbList","@id":"https:\/\/creationlespetitesfees.fr\/index.php\/produit\/bavoir\/#breadcrumb","itemListElement":[{"@type":"ListItem","position":1,"name":"Accueil","item":"https:\/\/creationlespetitesfees.fr\/"},{"@type":"ListItem","position":2,"name":"Boutique","item":"https:\/\/creationlespetitesfees.fr\/index.php\/boutique\/"},{"@type":"ListItem","position":3,"name":"BAVOIR 2 \u00e2ge"}]},{"@type":"WebSite","@id":"https:\/\/creationlespetitesfees.fr\/#website","url":"https:\/\/creationlespetitesfees.fr\/","name":"cr\u00e9ation les petites f\u00e9es","description":"","publisher":{"@id":"https:\/\/creationlespetitesfees.fr\/#organization"},"potentialAction":[{"@type":"SearchAction","target":{"@type":"EntryPoint","urlTemplate":"https:\/\/creationlespetitesfees.fr\/?s={search_term_string}"},"query-input":{"@type":"PropertyValueSpecification","valueRequired":true,"valueName":"search_term_string"}}],"inLanguage":"fr-FR"},{"@type":"Organization","@id":"https:\/\/creationlespetitesfees.fr\/#organization","name":"cr\u00e9ation les petites f\u00e9es","url":"https:\/\/creationlespetitesfees.fr\/","logo":{"@type":"ImageObject","inLanguage":"fr-FR","@id":"https:\/\/creationlespetitesfees.fr\/#\/schema\/logo\/image\/","url":"https:\/\/creationlespetitesfees.fr\/wp-content\/uploads\/2026\/03\/cropped-cropped-cropped-Annie-2.png","contentUrl":"https:\/\/creationlespetitesfees.fr\/wp-content\/uploads\/2026\/03\/cropped-cropped-cropped-Annie-2.png","width":704,"height":391,"caption":"cr\u00e9ation les petites f\u00e9es"},"image":{"@id":"https:\/\/creationlespetitesfees.fr\/#\/schema\/logo\/image\/"}}]}},"_links":{"self":[{"href":"https:\/\/creationlespetitesfees.fr\/index.php\/wp-json\/wp\/v2\/product\/761","targetHints":{"allow":["GET"]}}],"collection":[{"href":"https:\/\/creationlespetitesfees.fr\/index.php\/wp-json\/wp\/v2\/product"}],"about":[{"href":"https:\/\/creationlespetitesfees.fr\/index.php\/wp-json\/wp\/v2\/types\/product"}],"replies":[{"embeddable":true,"href":"https:\/\/creationlespetitesfees.fr\/index.php\/wp-json\/wp\/v2\/comments?post=761"}],"wp:featuredmedia":[{"embeddable":true,"href":"https:\/\/creationlespetitesfees.fr\/index.php\/wp-json\/wp\/v2\/media\/587"}],"wp:attachment":[{"href":"https:\/\/creationlespetitesfees.fr\/index.php\/wp-json\/wp\/v2\/media?parent=761"}],"wp:term":[{"taxonomy":"product_brand","embeddable":true,"href":"https:\/\/creationlespetitesfees.fr\/index.php\/wp-json\/wp\/v2\/product_brand?post=761"},{"taxonomy":"product_cat","embeddable":true,"href":"https:\/\/creationlespetitesfees.fr\/index.php\/wp-json\/wp\/v2\/product_cat?post=761"},{"taxonomy":"product_tag","embeddable":true,"href":"https:\/\/creationlespetitesfees.fr\/index.php\/wp-json\/wp\/v2\/product_tag?post=761"}],"curies":[{"name":"wp","href":"https:\/\/api.w.org\/{rel}","templated":true}]}}