{"id":932,"date":"2026-03-12T21:25:47","date_gmt":"2026-03-12T21:25:47","guid":{"rendered":"https:\/\/creationlespetitesfees.fr\/?post_type=product&#038;p=932"},"modified":"2026-05-01T07:19:28","modified_gmt":"2026-05-01T07:19:28","slug":"reducteur-de-litcouverture","status":"publish","type":"product","link":"https:\/\/creationlespetitesfees.fr\/index.php\/produit\/reducteur-de-litcouverture\/","title":{"rendered":"R\u00e9ducteur de lit+Couverture"},"content":{"rendered":"<p>Offrez \u00e0 votre b\u00e9b\u00e9 un v\u00e9ritable cocon de bien-\u00eatre gr\u00e2ce \u00e0\u00a0 notre r\u00e9ducteur de lit accompagn\u00e9 de sa couverture assortie sp\u00e9cialement con\u00e7u pour recr\u00e9er un environnement s\u00e9curisant, proche du ventre maternel. Id\u00e9al d\u00e8s la naissance, il aide votre tout-petit \u00e0 passer des nuits paisibles. Gr\u00e2ce \u00e0 ses bords rembourr\u00e9s et sa forme enveloppante, ce r\u00e9ducteur limite l&rsquo;espace dans le lit, \u00e9vitant ainsi que b\u00e9b\u00e9 ne se sente perdu dans un espace trop grand. il contribue \u00e9galement \u00e0 maintenir une position confortable et s\u00e9curis\u00e9e pendant le sommeil. Fabriquer avec des mat\u00e9riaux doux, respirants et respectueux de la peau sensible des nourrissions, il garantit un confort optimal en toute saison. L\u00e9ger et facile \u00e0 transporter, il peut \u00eatre utilis\u00e9 dans un lit b\u00e9b\u00e9, un berceau ou m\u00eame en d\u00e9placement.<\/p>\n<p>Cocon rassurant pour un sommeil apais\u00e9<\/p>\n<p>Bords rembourr\u00e9s pour plus de s\u00e9curit\u00e9<\/p>\n<p>Utilisable d\u00e8s la naissance \/ Age: 0 \u00e0 6 mois ( selon la morphologie)<\/p>\n<p>Facile \u00e0 transporter<\/p>\n<p>Housse lavable en machine 40\u00b0<\/p>\n","protected":false},"excerpt":{"rendered":"<p>120 cm sur 1m20 de minky<\/p>\n<p>120 cm sur 1m20 de coton imprim\u00e9<\/p>\n<p>120&#215;90 cm + 236x2x18 cm de doublure<\/p>\n<p>23 cm environ de velcro<\/p>\n<p>Ouate de rembourrage\/ 1Kg<\/p>\n<p>Ouate \u00e9paisse 60&#215;90 cm<\/p>\n<p>Ruban, Cordon ou Biais pour faire tout le tour<\/p>\n<p>155cm de Zip<\/p>\n","protected":false},"featured_media":647,"comment_status":"open","ping_status":"closed","template":"","meta":{"sfsi_plus_gutenberg_text_before_share":"","sfsi_plus_gutenberg_show_text_before_share":"","sfsi_plus_gutenberg_icon_type":"","sfsi_plus_gutenberg_icon_alignemt":"","sfsi_plus_gutenburg_max_per_row":""},"product_brand":[],"product_cat":[23],"product_tag":[],"class_list":{"0":"post-932","1":"product","2":"type-product","3":"status-publish","4":"has-post-thumbnail","6":"product_cat-reducteur-de-lit-couverture","8":"entry","9":"has-media","11":"first","12":"instock","13":"taxable","14":"shipping-taxable","15":"purchasable","16":"product-type-variable","17":"has-product-nav","18":"col","19":"span_1_of_3","20":"owp-content-center","21":"owp-thumbs-layout-horizontal","22":"owp-btn-normal","23":"owp-tabs-layout-horizontal"},"yoast_head":"<!-- This site is optimized with the Yoast SEO plugin v27.5 - https:\/\/yoast.com\/product\/yoast-seo-wordpress\/ -->\n<title>R\u00e9ducteur de lit+Couverture - cr\u00e9ation les petites f\u00e9es<\/title>\n<meta name=\"robots\" content=\"index, follow, max-snippet:-1, max-image-preview:large, max-video-preview:-1\" \/>\n<link rel=\"canonical\" href=\"https:\/\/creationlespetitesfees.fr\/index.php\/produit\/reducteur-de-litcouverture\/\" \/>\n<meta property=\"og:locale\" content=\"fr_FR\" \/>\n<meta property=\"og:type\" content=\"article\" \/>\n<meta property=\"og:title\" content=\"R\u00e9ducteur de lit+Couverture - cr\u00e9ation les petites f\u00e9es\" \/>\n<meta property=\"og:description\" content=\"120 cm sur 1m20 de minky  120 cm sur 1m20 de coton imprim\u00e9  120x90 cm + 236x2x18 cm de doublure  23 cm environ de velcro  Ouate de rembourrage\/ 1Kg  Ouate \u00e9paisse 60x90 cm  Ruban, Cordon ou Biais pour faire tout le tour  155cm de Zip\" \/>\n<meta property=\"og:url\" content=\"https:\/\/creationlespetitesfees.fr\/index.php\/produit\/reducteur-de-litcouverture\/\" \/>\n<meta property=\"og:site_name\" content=\"cr\u00e9ation les petites f\u00e9es\" \/>\n<meta property=\"article:modified_time\" content=\"2026-05-01T07:19:28+00:00\" \/>\n<meta property=\"og:image\" content=\"https:\/\/creationlespetitesfees.fr\/wp-content\/uploads\/2026\/03\/Untitled-design-19-768x1024.png\" \/>\n\t<meta property=\"og:image:width\" content=\"768\" \/>\n\t<meta property=\"og:image:height\" content=\"1024\" \/>\n\t<meta property=\"og:image:type\" content=\"image\/png\" \/>\n<meta name=\"twitter:card\" content=\"summary_large_image\" \/>\n<meta name=\"twitter:label1\" content=\"Dur\u00e9e de lecture estim\u00e9e\" \/>\n\t<meta name=\"twitter:data1\" content=\"2 minutes\" \/>\n<script type=\"application\/ld+json\" class=\"yoast-schema-graph\">{\"@context\":\"https:\\\/\\\/schema.org\",\"@graph\":[{\"@type\":\"WebPage\",\"@id\":\"https:\\\/\\\/creationlespetitesfees.fr\\\/index.php\\\/produit\\\/reducteur-de-litcouverture\\\/\",\"url\":\"https:\\\/\\\/creationlespetitesfees.fr\\\/index.php\\\/produit\\\/reducteur-de-litcouverture\\\/\",\"name\":\"R\u00e9ducteur de lit+Couverture - cr\u00e9ation les petites f\u00e9es\",\"isPartOf\":{\"@id\":\"https:\\\/\\\/creationlespetitesfees.fr\\\/#website\"},\"primaryImageOfPage\":{\"@id\":\"https:\\\/\\\/creationlespetitesfees.fr\\\/index.php\\\/produit\\\/reducteur-de-litcouverture\\\/#primaryimage\"},\"image\":{\"@id\":\"https:\\\/\\\/creationlespetitesfees.fr\\\/index.php\\\/produit\\\/reducteur-de-litcouverture\\\/#primaryimage\"},\"thumbnailUrl\":\"https:\\\/\\\/creationlespetitesfees.fr\\\/wp-content\\\/uploads\\\/2026\\\/03\\\/Untitled-design-19.png\",\"datePublished\":\"2026-03-12T21:25:47+00:00\",\"dateModified\":\"2026-05-01T07:19:28+00:00\",\"breadcrumb\":{\"@id\":\"https:\\\/\\\/creationlespetitesfees.fr\\\/index.php\\\/produit\\\/reducteur-de-litcouverture\\\/#breadcrumb\"},\"inLanguage\":\"fr-FR\",\"potentialAction\":[{\"@type\":\"ReadAction\",\"target\":[\"https:\\\/\\\/creationlespetitesfees.fr\\\/index.php\\\/produit\\\/reducteur-de-litcouverture\\\/\"]}]},{\"@type\":\"ImageObject\",\"inLanguage\":\"fr-FR\",\"@id\":\"https:\\\/\\\/creationlespetitesfees.fr\\\/index.php\\\/produit\\\/reducteur-de-litcouverture\\\/#primaryimage\",\"url\":\"https:\\\/\\\/creationlespetitesfees.fr\\\/wp-content\\\/uploads\\\/2026\\\/03\\\/Untitled-design-19.png\",\"contentUrl\":\"https:\\\/\\\/creationlespetitesfees.fr\\\/wp-content\\\/uploads\\\/2026\\\/03\\\/Untitled-design-19.png\",\"width\":1536,\"height\":2048},{\"@type\":\"BreadcrumbList\",\"@id\":\"https:\\\/\\\/creationlespetitesfees.fr\\\/index.php\\\/produit\\\/reducteur-de-litcouverture\\\/#breadcrumb\",\"itemListElement\":[{\"@type\":\"ListItem\",\"position\":1,\"name\":\"Accueil\",\"item\":\"https:\\\/\\\/creationlespetitesfees.fr\\\/\"},{\"@type\":\"ListItem\",\"position\":2,\"name\":\"Boutique\",\"item\":\"https:\\\/\\\/creationlespetitesfees.fr\\\/index.php\\\/boutique\\\/\"},{\"@type\":\"ListItem\",\"position\":3,\"name\":\"R\u00e9ducteur de lit+Couverture\"}]},{\"@type\":\"WebSite\",\"@id\":\"https:\\\/\\\/creationlespetitesfees.fr\\\/#website\",\"url\":\"https:\\\/\\\/creationlespetitesfees.fr\\\/\",\"name\":\"cr\u00e9ation les petites f\u00e9es\",\"description\":\"\",\"publisher\":{\"@id\":\"https:\\\/\\\/creationlespetitesfees.fr\\\/#organization\"},\"potentialAction\":[{\"@type\":\"SearchAction\",\"target\":{\"@type\":\"EntryPoint\",\"urlTemplate\":\"https:\\\/\\\/creationlespetitesfees.fr\\\/?s={search_term_string}\"},\"query-input\":{\"@type\":\"PropertyValueSpecification\",\"valueRequired\":true,\"valueName\":\"search_term_string\"}}],\"inLanguage\":\"fr-FR\"},{\"@type\":\"Organization\",\"@id\":\"https:\\\/\\\/creationlespetitesfees.fr\\\/#organization\",\"name\":\"cr\u00e9ation les petites f\u00e9es\",\"url\":\"https:\\\/\\\/creationlespetitesfees.fr\\\/\",\"logo\":{\"@type\":\"ImageObject\",\"inLanguage\":\"fr-FR\",\"@id\":\"https:\\\/\\\/creationlespetitesfees.fr\\\/#\\\/schema\\\/logo\\\/image\\\/\",\"url\":\"https:\\\/\\\/creationlespetitesfees.fr\\\/wp-content\\\/uploads\\\/2026\\\/03\\\/cropped-cropped-cropped-Annie-2.png\",\"contentUrl\":\"https:\\\/\\\/creationlespetitesfees.fr\\\/wp-content\\\/uploads\\\/2026\\\/03\\\/cropped-cropped-cropped-Annie-2.png\",\"width\":704,\"height\":391,\"caption\":\"cr\u00e9ation les petites f\u00e9es\"},\"image\":{\"@id\":\"https:\\\/\\\/creationlespetitesfees.fr\\\/#\\\/schema\\\/logo\\\/image\\\/\"}}]}<\/script>\n<!-- \/ Yoast SEO plugin. -->","yoast_head_json":{"title":"R\u00e9ducteur de lit+Couverture - cr\u00e9ation les petites f\u00e9es","robots":{"index":"index","follow":"follow","max-snippet":"max-snippet:-1","max-image-preview":"max-image-preview:large","max-video-preview":"max-video-preview:-1"},"canonical":"https:\/\/creationlespetitesfees.fr\/index.php\/produit\/reducteur-de-litcouverture\/","og_locale":"fr_FR","og_type":"article","og_title":"R\u00e9ducteur de lit+Couverture - cr\u00e9ation les petites f\u00e9es","og_description":"120 cm sur 1m20 de minky  120 cm sur 1m20 de coton imprim\u00e9  120x90 cm + 236x2x18 cm de doublure  23 cm environ de velcro  Ouate de rembourrage\/ 1Kg  Ouate \u00e9paisse 60x90 cm  Ruban, Cordon ou Biais pour faire tout le tour  155cm de Zip","og_url":"https:\/\/creationlespetitesfees.fr\/index.php\/produit\/reducteur-de-litcouverture\/","og_site_name":"cr\u00e9ation les petites f\u00e9es","article_modified_time":"2026-05-01T07:19:28+00:00","og_image":[{"width":768,"height":1024,"url":"https:\/\/creationlespetitesfees.fr\/wp-content\/uploads\/2026\/03\/Untitled-design-19-768x1024.png","type":"image\/png"}],"twitter_card":"summary_large_image","twitter_misc":{"Dur\u00e9e de lecture estim\u00e9e":"2 minutes"},"schema":{"@context":"https:\/\/schema.org","@graph":[{"@type":"WebPage","@id":"https:\/\/creationlespetitesfees.fr\/index.php\/produit\/reducteur-de-litcouverture\/","url":"https:\/\/creationlespetitesfees.fr\/index.php\/produit\/reducteur-de-litcouverture\/","name":"R\u00e9ducteur de lit+Couverture - cr\u00e9ation les petites f\u00e9es","isPartOf":{"@id":"https:\/\/creationlespetitesfees.fr\/#website"},"primaryImageOfPage":{"@id":"https:\/\/creationlespetitesfees.fr\/index.php\/produit\/reducteur-de-litcouverture\/#primaryimage"},"image":{"@id":"https:\/\/creationlespetitesfees.fr\/index.php\/produit\/reducteur-de-litcouverture\/#primaryimage"},"thumbnailUrl":"https:\/\/creationlespetitesfees.fr\/wp-content\/uploads\/2026\/03\/Untitled-design-19.png","datePublished":"2026-03-12T21:25:47+00:00","dateModified":"2026-05-01T07:19:28+00:00","breadcrumb":{"@id":"https:\/\/creationlespetitesfees.fr\/index.php\/produit\/reducteur-de-litcouverture\/#breadcrumb"},"inLanguage":"fr-FR","potentialAction":[{"@type":"ReadAction","target":["https:\/\/creationlespetitesfees.fr\/index.php\/produit\/reducteur-de-litcouverture\/"]}]},{"@type":"ImageObject","inLanguage":"fr-FR","@id":"https:\/\/creationlespetitesfees.fr\/index.php\/produit\/reducteur-de-litcouverture\/#primaryimage","url":"https:\/\/creationlespetitesfees.fr\/wp-content\/uploads\/2026\/03\/Untitled-design-19.png","contentUrl":"https:\/\/creationlespetitesfees.fr\/wp-content\/uploads\/2026\/03\/Untitled-design-19.png","width":1536,"height":2048},{"@type":"BreadcrumbList","@id":"https:\/\/creationlespetitesfees.fr\/index.php\/produit\/reducteur-de-litcouverture\/#breadcrumb","itemListElement":[{"@type":"ListItem","position":1,"name":"Accueil","item":"https:\/\/creationlespetitesfees.fr\/"},{"@type":"ListItem","position":2,"name":"Boutique","item":"https:\/\/creationlespetitesfees.fr\/index.php\/boutique\/"},{"@type":"ListItem","position":3,"name":"R\u00e9ducteur de lit+Couverture"}]},{"@type":"WebSite","@id":"https:\/\/creationlespetitesfees.fr\/#website","url":"https:\/\/creationlespetitesfees.fr\/","name":"cr\u00e9ation les petites f\u00e9es","description":"","publisher":{"@id":"https:\/\/creationlespetitesfees.fr\/#organization"},"potentialAction":[{"@type":"SearchAction","target":{"@type":"EntryPoint","urlTemplate":"https:\/\/creationlespetitesfees.fr\/?s={search_term_string}"},"query-input":{"@type":"PropertyValueSpecification","valueRequired":true,"valueName":"search_term_string"}}],"inLanguage":"fr-FR"},{"@type":"Organization","@id":"https:\/\/creationlespetitesfees.fr\/#organization","name":"cr\u00e9ation les petites f\u00e9es","url":"https:\/\/creationlespetitesfees.fr\/","logo":{"@type":"ImageObject","inLanguage":"fr-FR","@id":"https:\/\/creationlespetitesfees.fr\/#\/schema\/logo\/image\/","url":"https:\/\/creationlespetitesfees.fr\/wp-content\/uploads\/2026\/03\/cropped-cropped-cropped-Annie-2.png","contentUrl":"https:\/\/creationlespetitesfees.fr\/wp-content\/uploads\/2026\/03\/cropped-cropped-cropped-Annie-2.png","width":704,"height":391,"caption":"cr\u00e9ation les petites f\u00e9es"},"image":{"@id":"https:\/\/creationlespetitesfees.fr\/#\/schema\/logo\/image\/"}}]}},"_links":{"self":[{"href":"https:\/\/creationlespetitesfees.fr\/index.php\/wp-json\/wp\/v2\/product\/932","targetHints":{"allow":["GET"]}}],"collection":[{"href":"https:\/\/creationlespetitesfees.fr\/index.php\/wp-json\/wp\/v2\/product"}],"about":[{"href":"https:\/\/creationlespetitesfees.fr\/index.php\/wp-json\/wp\/v2\/types\/product"}],"replies":[{"embeddable":true,"href":"https:\/\/creationlespetitesfees.fr\/index.php\/wp-json\/wp\/v2\/comments?post=932"}],"wp:featuredmedia":[{"embeddable":true,"href":"https:\/\/creationlespetitesfees.fr\/index.php\/wp-json\/wp\/v2\/media\/647"}],"wp:attachment":[{"href":"https:\/\/creationlespetitesfees.fr\/index.php\/wp-json\/wp\/v2\/media?parent=932"}],"wp:term":[{"taxonomy":"product_brand","embeddable":true,"href":"https:\/\/creationlespetitesfees.fr\/index.php\/wp-json\/wp\/v2\/product_brand?post=932"},{"taxonomy":"product_cat","embeddable":true,"href":"https:\/\/creationlespetitesfees.fr\/index.php\/wp-json\/wp\/v2\/product_cat?post=932"},{"taxonomy":"product_tag","embeddable":true,"href":"https:\/\/creationlespetitesfees.fr\/index.php\/wp-json\/wp\/v2\/product_tag?post=932"}],"curies":[{"name":"wp","href":"https:\/\/api.w.org\/{rel}","templated":true}]}}